{"id":1488,"date":"2020-03-24T07:54:46","date_gmt":"2020-03-24T10:54:46","guid":{"rendered":"https:\/\/novo.tropfruit.com.br\/tropfruit\/?page_id=1488"},"modified":"2020-09-28T17:12:55","modified_gmt":"2020-09-28T20:12:55","slug":"processamento","status":"publish","type":"page","link":"https:\/\/www.tropfruit.com.br\/en\/processamento\/","title":{"rendered":"Processing"},"content":{"rendered":"<div data-colibri-id=\"1488-c1\" class=\"style-841 style-local-1488-c1 position-relative\">\n  <!---->\n  <div data-colibri-component=\"section\" data-colibri-id=\"1488-c2\" id=\"about\" class=\"h-section h-section-global-spacing d-flex align-items-lg-center align-items-md-center align-items-center style-849 style-local-1488-c2 position-relative\">\n    <!---->\n    <!---->\n    <div class=\"h-section-grid-container h-section-boxed-container\">\n      <!---->\n      <div data-colibri-id=\"1488-c3\" class=\"h-row-container gutters-row-lg-2 gutters-row-md-2 gutters-row-2 gutters-row-v-lg-2 gutters-row-v-md-2 gutters-row-v-2 style-850 style-local-1488-c3 position-relative\">\n        <!---->\n        <div class=\"h-row justify-content-lg-center justify-content-md-center justify-content-center align-items-lg-stretch align-items-md-stretch align-items-stretch gutters-col-lg-2 gutters-col-md-2 gutters-col-2 gutters-col-v-lg-2 gutters-col-v-md-2 gutters-col-v-2\">\n          <!---->\n          <div class=\"h-column h-column-container d-flex h-col-lg-auto h-col-md-auto h-col-auto style-851-outer style-local-1488-c4-outer\">\n            <div data-colibri-id=\"1488-c4\" class=\"d-flex h-flex-basis h-column__inner h-px-lg-2 h-px-md-2 h-px-2 v-inner-lg-2 v-inner-md-2 v-inner-2 style-851 style-local-1488-c4 position-relative\">\n              <!---->\n              <!---->\n              <div class=\"w-100 h-y-container h-column__content h-column__v-align flex-basis-100 align-self-lg-center align-self-md-center align-self-center\">\n                <!---->\n                <div data-colibri-id=\"1488-c5\" class=\"h-global-transition-all h-heading style-853 style-local-1488-c5 position-relative h-element\">\n                  <!---->\n                  <div class=\"h-heading__outer style-853 style-local-1488-c5\">\n                    <!---->\n                    <!---->\n                    <h2 class=\"\"><em style=\"font-family: &quot;Playfair Display&quot;; color: rgb(247, 144, 7);\">Produto e Subproduto <\/em><\/h2>\n                  <\/div>\n                <\/div>\n                <div data-colibri-id=\"1488-c6\" class=\"h-text h-text-component style-854 style-local-1488-c6 position-relative h-element\">\n                  <!---->\n                  <!---->\n                  <div class=\"\">\n                    <p>\n                      <br>\n                    <\/p>\n                    <p>O consumo da laranja in natura \u00e9 muito comum no Brasil, onde a fruta \u00e9 abundante, por\u00e9m na maioria dos outros pa\u00edses o que se consome \u00e9 o suco de laranja &#8211; que pode ser fresco (espremido em casa, diretamente da fruta) ou industrializado.<\/p>\n                    <p>Na ind\u00fastria processadora, o suco tamb\u00e9m pode ser de dois tipos: suco concentrado congelado (FCOJ[1]), cuja \u00e1gua \u00e9 retirada do suco natural; ou n\u00e3o-concentrado (NFC[2]), suco pasteurizado sem a retirada de \u00e1gua.<\/p>\n                    <p>Al\u00e9m do suco, existem alguns componentes da laranja que, n\u00e3o sendo utilizados na produ\u00e7\u00e3o, s\u00e3o aproveitados pela ind\u00fastria como subprodutos, que tamb\u00e9m podem ser exportados.<\/p>\n                    <p>Os principais subprodutos do processamento industrial de suco s\u00e3o:<\/p>\n                    <p>a) Comminuted Citrus Base<\/p>\n                    <p>Produto resultante da moagem da fruta inteira ou de um pouco de suco concentrado misturado \u00e0 casca mo\u00edda, utilizado como ingrediente para bebidas \u00e0 base de frutas.<\/p>\n                    <p>b) Polpa<\/p>\n                    <p>S\u00e3o os gomos de suco rompidos e paredes internas do fruto que sobram ap\u00f3s o processo de extra\u00e7\u00e3o do suco. Pode ser re-adicionada ao suco.<\/p>\n                    <p>c) Suco extra\u00eddo da polpa<\/p>\n                    <p>Suco obtido ap\u00f3s a lavagem da polpa, contendo s\u00f3lidos provenientes da fruta. Pode ser usado em bebidas \u00e0 base de frutas ou como fonte de a\u00e7\u00facares.<\/p>\n                    <p>d) \u00d3leo da casca de laranja (Cold-Pressed Oil)<\/p>\n                    <p>\u00d3leo extra\u00eddo da casca de laranja, utilizado na produ\u00e7\u00e3o de compostos para bebidas, cosm\u00e9ticos e produtos qu\u00edmicos.<\/p>\n                    <p>e) Ess\u00eancia<\/p>\n                    <p>Composta pelos componentes resultantes do processo de evapora\u00e7\u00e3o, separados em uma fase aquosa e uma oleosa. Ambas as fases s\u00e3o mat\u00e9rias primas para as ind\u00fastrias de bebidas e alimentos e podem ser re-adicionadas ao suco.<\/p>\n                    <p>f) D-Limoneno ou Terpeno C\u00edtrico<\/p>\n                    <p>O principal componente do \u00f3leo da casca da laranja. \u00c9 utilizado nas ind\u00fastrias de pl\u00e1sticos como mat\u00e9ria-prima para a fabrica\u00e7\u00e3o de resinas sint\u00e9ticas e adesivos.<\/p>\n                    <p>g) Farelo de Polpa C\u00edtrica<\/p>\n                    <p>Produto resultante do processamento do suco, formado a partir dos res\u00edduos \u00famidos do fruto, que passam por processo de secagem e formam uma forragem concentrada transformada em Pellets, os quais servem de alimenta\u00e7\u00e3o fibrosa de ovelhas\n                      e gado.<\/p>\n                    <p>h) Pectina<\/p>\n                    <p>Produto menos comum, proveniente da casca de laranja e utilizado em gel\u00e9ias, marmelada, e gelatinas.<\/p>\n                    <p>i) \u00c1lcool<\/p>\n                    <p>A prensagem do baga\u00e7o de laranja produz um l\u00edquido cuja fermenta\u00e7\u00e3o resulta em \u00e1lcool.<\/p>\n                    <p>&#8212;&#8212;&#8212;&#8212;&#8212;&#8212;&#8212;&#8212;&#8212;&#8212;&#8212;&#8212;&#8212;&#8212;&#8212;&#8212;&#8212;&#8212;&#8212;&#8212;&#8212;&#8212;&#8212;&#8212;&#8212;&#8212;&#8211;<\/p>\n                    <p>[1] Siga em ingl\u00eas Frozen Concentrate Orange Juice.<\/p>\n                    <p>[2] Sigla em ingl\u00eas Not-from-concentrate.<\/p>\n                    <p>\n                      <br>\n                    <\/p>\n                  <\/div>\n                <\/div>\n                <div data-colibri-id=\"1488-c7\" class=\"h-x-container style-1273 style-local-1488-c7 position-relative h-element\">\n                  <!---->\n                  <div class=\"h-x-container-inner style-dynamic-1488-c7-group style-1273-spacing style-local-1488-c7-spacing\"><span class=\"h-button__outer style-1274-outer style-local-1488-c8-outer d-inline-flex h-element\"><a h-use-smooth-scroll=\"true\" href=\"https:\/\/www.tropfruit.com.br\/\"  data-colibri-id=\"1488-c8\" class=\"d-flex w-100 align-items-center h-button justify-content-lg-center justify-content-md-center justify-content-center style-1274 style-local-1488-c8 position-relative\"><!----><!----> <span>P\u00c1GINA INICIAL<\/span><\/a>\n                    <\/span>\n                  <\/div>\n                <\/div>\n              <\/div>\n            <\/div>\n          <\/div>\n          <div class=\"h-column h-column-container d-flex h-col-lg-auto h-col-md-auto h-col-auto style-857-outer style-local-1488-c9-outer\">\n            <div data-colibri-id=\"1488-c9\" class=\"d-flex h-flex-basis h-column__inner h-px-lg-2 h-px-md-2 h-px-2 v-inner-lg-2 v-inner-md-2 v-inner-2 style-857 style-local-1488-c9 position-relative\">\n              <!---->\n              <!---->\n              <div class=\"w-100 h-y-container h-column__content h-column__v-align flex-basis-100 align-self-lg-start align-self-md-start align-self-start\">\n                <!---->\n                <div data-colibri-id=\"1488-c10\" class=\"d-block style-858 style-local-1488-c10 position-relative h-element\">\n                  <!---->\n                  <div class=\"h-image__frame-container-outer\">\n                    <div class=\"h-image__frame-container\">\n                      <!---->\n                      <!---->\n                      <img loading=\"lazy\" decoding=\"async\" width=\"1000\" height=\"664\" src=\"https:\/\/novo.tropfruit.com.br\/tropfruit\/wp-content\/uploads\/2020\/01\/grande-suco-laranja-26072013.jpg\" class=\"wp-image-64 style-858-image style-local-1488-c10-image\" alt=\"\" srcset=\"https:\/\/www.tropfruit.com.br\/wp-content\/uploads\/2020\/01\/grande-suco-laranja-26072013.jpg 1000w, https:\/\/www.tropfruit.com.br\/wp-content\/uploads\/2020\/01\/grande-suco-laranja-26072013-300x199.jpg 300w, https:\/\/www.tropfruit.com.br\/wp-content\/uploads\/2020\/01\/grande-suco-laranja-26072013-768x510.jpg 768w\" sizes=\"auto, (max-width: 1000px) 100vw, 1000px\" \/>\n                      <div class=\"h-image__frame h-hide-sm style-858-frameImage style-local-1488-c10-frameImage\"><\/div>\n                    <\/div>\n                  <\/div>\n                <\/div>\n              <\/div>\n            <\/div>\n          <\/div>\n        <\/div>\n      <\/div>\n    <\/div>\n  <\/div>\n<\/div>","protected":false},"excerpt":{"rendered":"<p>Produto e Subproduto O consumo da laranja in natura \u00e9 muito comum no Brasil, onde a fruta \u00e9 abundante, por\u00e9m na maioria dos outros pa\u00edses o que se consome \u00e9 o suco de laranja &#8211; que pode ser fresco (espremido em casa, diretamente da fruta) ou industrializado. Na ind\u00fastria processadora, o suco tamb\u00e9m pode ser [&hellip;]<\/p>\n","protected":false},"author":1,"featured_media":0,"parent":0,"menu_order":0,"comment_status":"closed","ping_status":"closed","template":"page-templates\/full-width-page.php","meta":{"footnotes":""},"class_list":["post-1488","page","type-page","status-publish","hentry"],"yoast_head":"<!-- This site is optimized with the Yoast SEO plugin v27.3 - https:\/\/yoast.com\/product\/yoast-seo-wordpress\/ -->\n<title>Processamento | O Melhor dos Tr\u00f3picos<\/title>\n<meta name=\"robots\" content=\"index, follow, max-snippet:-1, max-image-preview:large, max-video-preview:-1\" \/>\n<link rel=\"canonical\" href=\"https:\/\/www.tropfruit.com.br\/en\/processamento\/\" \/>\n<meta property=\"og:locale\" content=\"en_US\" \/>\n<meta property=\"og:type\" content=\"article\" \/>\n<meta property=\"og:title\" content=\"Processamento | O Melhor dos Tr\u00f3picos\" \/>\n<meta property=\"og:description\" content=\"Produto e Subproduto O consumo da laranja in natura \u00e9 muito comum no Brasil, onde a fruta \u00e9 abundante, por\u00e9m na maioria dos outros pa\u00edses o que se consome \u00e9 o suco de laranja &#8211; que pode ser fresco (espremido em casa, diretamente da fruta) ou industrializado. Na ind\u00fastria processadora, o suco tamb\u00e9m pode ser [&hellip;]\" \/>\n<meta property=\"og:url\" content=\"https:\/\/www.tropfruit.com.br\/en\/processamento\/\" \/>\n<meta property=\"og:site_name\" content=\"O Melhor dos Tr\u00f3picos\" \/>\n<meta property=\"article:modified_time\" content=\"2020-09-28T20:12:55+00:00\" \/>\n<meta property=\"og:image\" content=\"https:\/\/novo.tropfruit.com.br\/tropfruit\/wp-content\/uploads\/2020\/01\/grande-suco-laranja-26072013.jpg\" \/>\n<meta name=\"twitter:card\" content=\"summary_large_image\" \/>\n<meta name=\"twitter:label1\" content=\"Est. reading time\" \/>\n\t<meta name=\"twitter:data1\" content=\"2 minutes\" \/>\n<script type=\"application\/ld+json\" class=\"yoast-schema-graph\">{\"@context\":\"https:\\\/\\\/schema.org\",\"@graph\":[{\"@type\":\"WebPage\",\"@id\":\"https:\\\/\\\/www.tropfruit.com.br\\\/en\\\/processamento\\\/\",\"url\":\"https:\\\/\\\/www.tropfruit.com.br\\\/en\\\/processamento\\\/\",\"name\":\"Processamento | O Melhor dos Tr\u00f3picos\",\"isPartOf\":{\"@id\":\"https:\\\/\\\/www.tropfruit.com.br\\\/#website\"},\"primaryImageOfPage\":{\"@id\":\"https:\\\/\\\/www.tropfruit.com.br\\\/en\\\/processamento\\\/#primaryimage\"},\"image\":{\"@id\":\"https:\\\/\\\/www.tropfruit.com.br\\\/en\\\/processamento\\\/#primaryimage\"},\"thumbnailUrl\":\"https:\\\/\\\/novo.tropfruit.com.br\\\/tropfruit\\\/wp-content\\\/uploads\\\/2020\\\/01\\\/grande-suco-laranja-26072013.jpg\",\"datePublished\":\"2020-03-24T10:54:46+00:00\",\"dateModified\":\"2020-09-28T20:12:55+00:00\",\"breadcrumb\":{\"@id\":\"https:\\\/\\\/www.tropfruit.com.br\\\/en\\\/processamento\\\/#breadcrumb\"},\"inLanguage\":\"en-US\",\"potentialAction\":[{\"@type\":\"ReadAction\",\"target\":[\"https:\\\/\\\/www.tropfruit.com.br\\\/en\\\/processamento\\\/\"]}]},{\"@type\":\"ImageObject\",\"inLanguage\":\"en-US\",\"@id\":\"https:\\\/\\\/www.tropfruit.com.br\\\/en\\\/processamento\\\/#primaryimage\",\"url\":\"https:\\\/\\\/novo.tropfruit.com.br\\\/tropfruit\\\/wp-content\\\/uploads\\\/2020\\\/01\\\/grande-suco-laranja-26072013.jpg\",\"contentUrl\":\"https:\\\/\\\/novo.tropfruit.com.br\\\/tropfruit\\\/wp-content\\\/uploads\\\/2020\\\/01\\\/grande-suco-laranja-26072013.jpg\"},{\"@type\":\"BreadcrumbList\",\"@id\":\"https:\\\/\\\/www.tropfruit.com.br\\\/en\\\/processamento\\\/#breadcrumb\",\"itemListElement\":[{\"@type\":\"ListItem\",\"position\":1,\"name\":\"In\u00edcio\",\"item\":\"https:\\\/\\\/www.tropfruit.com.br\\\/\"},{\"@type\":\"ListItem\",\"position\":2,\"name\":\"Processamento\"}]},{\"@type\":\"WebSite\",\"@id\":\"https:\\\/\\\/www.tropfruit.com.br\\\/#website\",\"url\":\"https:\\\/\\\/www.tropfruit.com.br\\\/\",\"name\":\"Tropfruit Nordeste\",\"description\":\"Tropfruit Nordeste S\\\/A\",\"publisher\":{\"@id\":\"https:\\\/\\\/www.tropfruit.com.br\\\/#organization\"},\"potentialAction\":[{\"@type\":\"SearchAction\",\"target\":{\"@type\":\"EntryPoint\",\"urlTemplate\":\"https:\\\/\\\/www.tropfruit.com.br\\\/?s={search_term_string}\"},\"query-input\":{\"@type\":\"PropertyValueSpecification\",\"valueRequired\":true,\"valueName\":\"search_term_string\"}}],\"inLanguage\":\"en-US\"},{\"@type\":\"Organization\",\"@id\":\"https:\\\/\\\/www.tropfruit.com.br\\\/#organization\",\"name\":\"Tropfruit Nordeste\",\"url\":\"https:\\\/\\\/www.tropfruit.com.br\\\/\",\"logo\":{\"@type\":\"ImageObject\",\"inLanguage\":\"en-US\",\"@id\":\"https:\\\/\\\/www.tropfruit.com.br\\\/#\\\/schema\\\/logo\\\/image\\\/\",\"url\":\"https:\\\/\\\/www.tropfruit.com.br\\\/wp-content\\\/uploads\\\/2020\\\/03\\\/text4529-2-8.png\",\"contentUrl\":\"https:\\\/\\\/www.tropfruit.com.br\\\/wp-content\\\/uploads\\\/2020\\\/03\\\/text4529-2-8.png\",\"width\":429,\"height\":169,\"caption\":\"Tropfruit Nordeste\"},\"image\":{\"@id\":\"https:\\\/\\\/www.tropfruit.com.br\\\/#\\\/schema\\\/logo\\\/image\\\/\"},\"sameAs\":[\"https:\\\/\\\/www.linkedin.com\\\/company\\\/tropfruit-nordeste-s-a\\\/\"]}]}<\/script>\n<!-- \/ Yoast SEO plugin. -->","yoast_head_json":{"title":"Processamento | O Melhor dos Tr\u00f3picos","robots":{"index":"index","follow":"follow","max-snippet":"max-snippet:-1","max-image-preview":"max-image-preview:large","max-video-preview":"max-video-preview:-1"},"canonical":"https:\/\/www.tropfruit.com.br\/en\/processamento\/","og_locale":"en_US","og_type":"article","og_title":"Processamento | O Melhor dos Tr\u00f3picos","og_description":"Produto e Subproduto O consumo da laranja in natura \u00e9 muito comum no Brasil, onde a fruta \u00e9 abundante, por\u00e9m na maioria dos outros pa\u00edses o que se consome \u00e9 o suco de laranja &#8211; que pode ser fresco (espremido em casa, diretamente da fruta) ou industrializado. Na ind\u00fastria processadora, o suco tamb\u00e9m pode ser [&hellip;]","og_url":"https:\/\/www.tropfruit.com.br\/en\/processamento\/","og_site_name":"O Melhor dos Tr\u00f3picos","article_modified_time":"2020-09-28T20:12:55+00:00","og_image":[{"url":"https:\/\/novo.tropfruit.com.br\/tropfruit\/wp-content\/uploads\/2020\/01\/grande-suco-laranja-26072013.jpg","type":"","width":"","height":""}],"twitter_card":"summary_large_image","twitter_misc":{"Est. reading time":"2 minutes"},"schema":{"@context":"https:\/\/schema.org","@graph":[{"@type":"WebPage","@id":"https:\/\/www.tropfruit.com.br\/en\/processamento\/","url":"https:\/\/www.tropfruit.com.br\/en\/processamento\/","name":"Processamento | O Melhor dos Tr\u00f3picos","isPartOf":{"@id":"https:\/\/www.tropfruit.com.br\/#website"},"primaryImageOfPage":{"@id":"https:\/\/www.tropfruit.com.br\/en\/processamento\/#primaryimage"},"image":{"@id":"https:\/\/www.tropfruit.com.br\/en\/processamento\/#primaryimage"},"thumbnailUrl":"https:\/\/novo.tropfruit.com.br\/tropfruit\/wp-content\/uploads\/2020\/01\/grande-suco-laranja-26072013.jpg","datePublished":"2020-03-24T10:54:46+00:00","dateModified":"2020-09-28T20:12:55+00:00","breadcrumb":{"@id":"https:\/\/www.tropfruit.com.br\/en\/processamento\/#breadcrumb"},"inLanguage":"en-US","potentialAction":[{"@type":"ReadAction","target":["https:\/\/www.tropfruit.com.br\/en\/processamento\/"]}]},{"@type":"ImageObject","inLanguage":"en-US","@id":"https:\/\/www.tropfruit.com.br\/en\/processamento\/#primaryimage","url":"https:\/\/novo.tropfruit.com.br\/tropfruit\/wp-content\/uploads\/2020\/01\/grande-suco-laranja-26072013.jpg","contentUrl":"https:\/\/novo.tropfruit.com.br\/tropfruit\/wp-content\/uploads\/2020\/01\/grande-suco-laranja-26072013.jpg"},{"@type":"BreadcrumbList","@id":"https:\/\/www.tropfruit.com.br\/en\/processamento\/#breadcrumb","itemListElement":[{"@type":"ListItem","position":1,"name":"In\u00edcio","item":"https:\/\/www.tropfruit.com.br\/"},{"@type":"ListItem","position":2,"name":"Processamento"}]},{"@type":"WebSite","@id":"https:\/\/www.tropfruit.com.br\/#website","url":"https:\/\/www.tropfruit.com.br\/","name":"Tropfruit Nordeste","description":"Tropfruit Nordeste S\/A","publisher":{"@id":"https:\/\/www.tropfruit.com.br\/#organization"},"potentialAction":[{"@type":"SearchAction","target":{"@type":"EntryPoint","urlTemplate":"https:\/\/www.tropfruit.com.br\/?s={search_term_string}"},"query-input":{"@type":"PropertyValueSpecification","valueRequired":true,"valueName":"search_term_string"}}],"inLanguage":"en-US"},{"@type":"Organization","@id":"https:\/\/www.tropfruit.com.br\/#organization","name":"Tropfruit Nordeste","url":"https:\/\/www.tropfruit.com.br\/","logo":{"@type":"ImageObject","inLanguage":"en-US","@id":"https:\/\/www.tropfruit.com.br\/#\/schema\/logo\/image\/","url":"https:\/\/www.tropfruit.com.br\/wp-content\/uploads\/2020\/03\/text4529-2-8.png","contentUrl":"https:\/\/www.tropfruit.com.br\/wp-content\/uploads\/2020\/03\/text4529-2-8.png","width":429,"height":169,"caption":"Tropfruit Nordeste"},"image":{"@id":"https:\/\/www.tropfruit.com.br\/#\/schema\/logo\/image\/"},"sameAs":["https:\/\/www.linkedin.com\/company\/tropfruit-nordeste-s-a\/"]}]}},"jetpack_sharing_enabled":true,"_links":{"self":[{"href":"https:\/\/www.tropfruit.com.br\/en\/wp-json\/wp\/v2\/pages\/1488","targetHints":{"allow":["GET"]}}],"collection":[{"href":"https:\/\/www.tropfruit.com.br\/en\/wp-json\/wp\/v2\/pages"}],"about":[{"href":"https:\/\/www.tropfruit.com.br\/en\/wp-json\/wp\/v2\/types\/page"}],"author":[{"embeddable":true,"href":"https:\/\/www.tropfruit.com.br\/en\/wp-json\/wp\/v2\/users\/1"}],"replies":[{"embeddable":true,"href":"https:\/\/www.tropfruit.com.br\/en\/wp-json\/wp\/v2\/comments?post=1488"}],"version-history":[{"count":9,"href":"https:\/\/www.tropfruit.com.br\/en\/wp-json\/wp\/v2\/pages\/1488\/revisions"}],"predecessor-version":[{"id":3053,"href":"https:\/\/www.tropfruit.com.br\/en\/wp-json\/wp\/v2\/pages\/1488\/revisions\/3053"}],"wp:attachment":[{"href":"https:\/\/www.tropfruit.com.br\/en\/wp-json\/wp\/v2\/media?parent=1488"}],"curies":[{"name":"wp","href":"https:\/\/api.w.org\/{rel}","templated":true}]}}