{"id":155,"date":"2020-01-30T07:22:16","date_gmt":"2020-01-30T10:22:16","guid":{"rendered":"https:\/\/novo.tropfruit.com.br\/tropfruit\/?page_id=155"},"modified":"2020-10-06T09:07:06","modified_gmt":"2020-10-06T12:07:06","slug":"maracuja","status":"publish","type":"page","link":"https:\/\/www.tropfruit.com.br\/en\/maracuja\/","title":{"rendered":"Passion Fruit"},"content":{"rendered":"<div data-colibri-id=\"155-c1\" class=\"style-621 style-local-155-c1 position-relative\">\n  <!---->\n  <div data-colibri-component=\"section\" data-colibri-id=\"155-c2\" id=\"about\" class=\"h-section h-section-global-spacing d-flex align-items-lg-center align-items-md-center align-items-center style-801 style-local-155-c2 position-relative\">\n    <!---->\n    <!---->\n    <div class=\"h-section-grid-container h-section-boxed-container\">\n      <!---->\n      <div data-colibri-id=\"155-c37\" class=\"h-row-container gutters-row-lg-0 gutters-row-md-0 gutters-row-0 gutters-row-v-lg-0 gutters-row-v-md-0 gutters-row-v-0 style-1836 style-local-155-c37 position-relative\">\n        <!---->\n        <div class=\"h-row justify-content-lg-center justify-content-md-center justify-content-center align-items-lg-stretch align-items-md-stretch align-items-stretch gutters-col-lg-0 gutters-col-md-0 gutters-col-0 gutters-col-v-lg-0 gutters-col-v-md-0 gutters-col-v-0\">\n          <!---->\n          <div class=\"h-column h-column-container d-flex h-col-lg-auto h-col-md-auto h-col-auto style-1837-outer style-local-155-c38-outer\">\n            <div data-colibri-id=\"155-c38\" class=\"d-flex h-flex-basis h-column__inner h-px-lg-0 h-px-md-0 h-px-0 v-inner-lg-0 v-inner-md-0 v-inner-0 style-1837 style-local-155-c38 position-relative\">\n              <!---->\n              <!---->\n              <div class=\"w-100 h-y-container h-column__content h-column__v-align flex-basis-100 align-self-lg-start align-self-md-start align-self-start\">\n                <!---->\n                <div data-colibri-id=\"155-c39\" class=\"h-icon style-1831 style-local-155-c39 position-relative h-element\">\n                  <!---->\n                  <a href=\"https:\/\/www.tropfruit.com.br\/en\/\" h-use-smooth-scroll=\"true\"><span class=\"h-svg-icon h-icon__icon style-1831-icon style-local-155-c39-icon\"><!--Icon by Font Awesome (https:\/\/fontawesome.com)--><svg version=\"1.1\" xmlns=\"http:\/\/www.w3.org\/2000\/svg\" xmlns:xlink=\"http:\/\/www.w3.org\/1999\/xlink\" id=\"home\" viewbox=\"0 0 1664 1896.0833\"><path d=\"M1408 992v480q0 26-19 45t-45 19H960v-384H704v384H320q-26 0-45-19t-19-45V992q0-1 .5-3t.5-3l575-474 575 474q1 2 1 6zm223-69l-62 74q-8 9-21 11h-3q-13 0-21-7L832 424l-692 577q-12 8-24 7-13-2-21-11l-62-74q-8-10-7-23.5T37 878l719-599q32-26 76-26t76 26l244 204V288q0-14 9-23t23-9h192q14 0 23 9t9 23v408l219 182q10 8 11 21.5t-7 23.5z\"><\/path><\/svg><\/span><\/a>\n                <\/div>\n              <\/div>\n            <\/div>\n          <\/div>\n        <\/div>\n      <\/div>\n      <div data-colibri-id=\"155-c3\" class=\"h-row-container gutters-row-lg-2 gutters-row-md-2 gutters-row-2 gutters-row-v-lg-2 gutters-row-v-md-2 gutters-row-v-2 style-802 style-local-155-c3 position-relative\">\n        <!---->\n        <div class=\"h-row justify-content-lg-center justify-content-md-center justify-content-center align-items-lg-stretch align-items-md-stretch align-items-stretch gutters-col-lg-2 gutters-col-md-2 gutters-col-2 gutters-col-v-lg-2 gutters-col-v-md-2 gutters-col-v-2\">\n          <!---->\n          <div class=\"h-column h-column-container d-flex h-col-lg-auto h-col-md-auto h-col-auto style-803-outer style-local-155-c4-outer\">\n            <div data-colibri-id=\"155-c4\" class=\"d-flex h-flex-basis h-column__inner h-px-lg-2 h-px-md-2 h-px-2 v-inner-lg-2 v-inner-md-2 v-inner-2 style-803 style-local-155-c4 position-relative\">\n              <!---->\n              <!---->\n              <div class=\"w-100 h-y-container h-column__content h-column__v-align flex-basis-100 align-self-lg-center align-self-md-center align-self-center\">\n                <!---->\n                <div data-colibri-id=\"155-c5\" class=\"h-global-transition-all h-heading style-1382 style-local-155-c5 position-relative h-element\">\n                  <!---->\n                  <div class=\"h-heading__outer style-1382 style-local-155-c5\">\n                    <!---->\n                    <!---->\n                    <h2 class=\"\">Frozen Concentrate&nbsp;<em style=\"color: rgb(247, 144, 7); font-family: &quot;Playfair Display&quot;;\">Passion Fruit<\/em> Juice - 50\u00ba Brix<\/h2>\n                  <\/div>\n                <\/div>\n                <div data-colibri-id=\"155-c6\" class=\"h-text h-text-component style-1115 style-local-155-c6 position-relative h-element\">\n                  <!---->\n                  <!---->\n                  <div class=\"\">\n                    <p><span style=\"color: rgb(70, 112, 128); font-size: 16px; font-family: &quot;Open Sans&quot;; font-weight: 400;\">Variety: Yellow Passion Fruit<br>Scientific name: Passiflora Edulis F. Flavicarpa<\/span><\/p>\n                    <p><strong style=\"color: rgb(70, 112, 128); font-size: 16px; font-family: &quot;Open Sans&quot;;\">1. ORGANOLEPTIC CHARACTERISTICS<\/strong><\/p>\n                    <p><span style=\"color: rgb(70, 112, 128); font-family: &quot;Open Sans&quot;; font-size: 16px; font-weight: 400;\">Appearance:&nbsp;<\/span>Viscous Liquid\n                      <br>Color: Yellow\n                      <br>Flavor: Own\n                      <br>Aroma: Own<\/p>\n                    <p><span style=\"color: rgb(70, 112, 127); font-weight: 400; font-size: 16px; font-family: &quot;Open Sans&quot;;\">&nbsp;<\/span><strong style=\"color: rgb(70, 112, 128); font-size: 16px; font-family: &quot;Open Sans&quot;;\">2. PHYSICAL AND CHEMICAL CHARACTERISTICS<\/strong><\/p>\n                    <p>Brix (Corrected): 50,00 \u00b1  0,50\n                      <br>Acidity (Citric Acid % w \/ w): 2,38 to 4,56\n                      <br>Ratio (Brix \/ Acidity): 2,85 to 5,05\n                      <br>Pulp (% v \/ v a 13,5 \u00b0Brix): 25,00 to 60,00\n                      <br>pH: 2,40 to 3,50\n                      <br>Flavor: 36 to 38\n                      <br>Defect: 19 to 20\n                      <br>Vit C (mg\/100ml\u00a0 to 13,5 \u00b0Brix): 20 to 35\n                      <br>Formol Number ( meq\/l ): 28,00 to 40,00<\/p>\n                    <p><strong>3. MICROBIOLOGY<\/strong><\/p>\n                    <p>Total Count (cfu \/ g) max: 1000\n                      <br>Count Moulds \/ Yeast Count (cfu \/ g) max: 100\n                      <br>Coliforms: Absent<\/p>\n                    <p><strong style=\"font-size: 16px; font-family: &quot;Open Sans&quot;; color: rgb(70, 112, 128);\">4. STORAGE AND SHELF LIFE<\/strong><\/p>\n                    <p><span style=\"font-weight: 400; font-size: 16px; font-family: &quot;Open Sans&quot;; color: rgb(70, 112, 128);\">Storage: -12\u00baC to -18\u00baC<\/span>\n                      <br>Shelf Life: 24 months<\/p>\n                  <\/div>\n                <\/div>\n                <div data-colibri-id=\"155-c7\" class=\"h-global-transition-all h-heading style-805 style-local-155-c7 position-relative h-element\">\n                  <!---->\n                  <div class=\"h-heading__outer style-805 style-local-155-c7\">\n                    <!---->\n                    <!---->\n                    <h2 class=\"\">Frozen Not From Concentrate&nbsp;<em style=\"font-family: &quot;Playfair Display&quot;; color: rgb(247, 144, 7);\">Passion Fruit&nbsp;<\/em>Juice<\/h2>\n                  <\/div>\n                <\/div>\n                <div data-colibri-id=\"155-c8\" class=\"h-text h-text-component style-806 style-local-155-c8 position-relative h-element\">\n                  <!---->\n                  <!---->\n                  <div class=\"\">\n                    <p><span style=\"color: rgb(70, 112, 128); font-size: 16px; font-weight: 400; font-family: &quot;Open Sans&quot;;\">Variety: Yellow Passion Fruit<\/span>\n                      <br>Scientific name: Passiflora Edulis F. Flavicarpa<\/p>\n                    <p><strong style=\"font-family: &quot;Open Sans&quot;; font-size: 16px; color: rgb(70, 112, 128);\">1. ORGANOLEPTIC CHARACTERISTICS<\/strong><\/p>\n                    <p><span style=\"font-weight: 400; font-size: 16px; font-family: &quot;Open Sans&quot;; color: rgb(70, 112, 128);\">Appearance:&nbsp;<\/span>Viscous Liquid\n                      <br>Color: Yellow\n                      <br>Flavor: Own\n                      <br>Aroma: Own<\/p>\n                    <p><strong style=\"font-family: &quot;Open Sans&quot;;\">2. PHYSICAL AND CHEMICAL CHARACTERISTICS<\/strong><\/p>\n                    <p><span style=\"font-family: &quot;Open Sans&quot;;\">Brix (Corrected): 12,50 \u00b1 0,50<br>Acidity Citric Acid% w \/ w ): 2,38 to 4,56<br>Ratio (Brix \/ Acidity): 2,85 to 5,05<br>Pulp (% v \/ v to 13,5\u00b0 Brix): 25,00 to 60,00<br>pH: 2,40 to 3,50<br>Flavor: 36 to 38<br>Defect: 19 to 20<br>Vit C (mg\/100 ml to 13,5 \u00baBrix): 20 to 35<\/span>\n                      <br>Formol Number ( meq\/l ): 28,00 to 40,00<\/p>\n                    <p><strong style=\"font-family: &quot;Open Sans&quot;;\">3. MICROBIOLOGY<\/strong><\/p>\n                    <p><span style=\"font-family: &quot;Open Sans&quot;;\">Total Count (cfu \/ g) max: 1000<br> Count Moulds \/ Yeast Count (cfu \/ g) max: 100<br>Coliforms: Absent<\/span><\/p>\n                    <p><strong style=\"font-family: &quot;Open Sans&quot;;\">4. STORAGE AND SHELF LIFE<\/strong><\/p>\n                    <p><span style=\"font-family: &quot;Open Sans&quot;; font-weight: 400; font-size: 16px; color: rgb(70, 112, 128);\">Storage: -12\u00b0C to -18\u00b0C<\/span>\n                      <br>Shelf Life: 24 months<\/p>\n                  <\/div>\n                <\/div>\n                <div data-colibri-id=\"155-c9\" class=\"h-x-container style-807 style-local-155-c9 position-relative h-element\">\n                  <!---->\n                  <div class=\"h-x-container-inner style-dynamic-155-c9-group style-807-spacing style-local-155-c9-spacing\"><span class=\"h-button__outer style-808-outer style-local-155-c10-outer d-inline-flex h-element\"><a h-use-smooth-scroll=\"true\" href=\"https:\/\/www.tropfruit.com.br\/en\/produtos\/\"  data-colibri-id=\"155-c10\" class=\"d-flex w-100 align-items-center h-button justify-content-lg-center justify-content-md-center justify-content-center style-808 style-local-155-c10 position-relative\"><!----><!----> <span>products<\/span><\/a>\n                    <\/span>\n                  <\/div>\n                <\/div>\n              <\/div>\n            <\/div>\n          <\/div>\n          <div class=\"h-column h-column-container d-flex h-col-lg-auto h-col-md-auto h-col-auto style-809-outer style-local-155-c11-outer\">\n            <div data-colibri-id=\"155-c11\" class=\"d-flex h-flex-basis h-column__inner h-px-lg-2 h-px-md-2 h-px-2 v-inner-lg-2 v-inner-md-2 v-inner-2 style-809 style-local-155-c11 position-relative\">\n              <!---->\n              <!---->\n              <div class=\"w-100 h-y-container h-column__content h-column__v-align flex-basis-100 align-self-lg-start align-self-md-start align-self-start\">\n                <!---->\n                <div data-colibri-id=\"155-c12\" class=\"d-block style-810 style-local-155-c12 position-relative h-element\">\n                  <!---->\n                  <div class=\"h-image__frame-container-outer\">\n                    <div class=\"h-image__frame-container\">\n                      <!---->\n                      <!---->\n                      <img loading=\"lazy\" decoding=\"async\" width=\"960\" height=\"960\" src=\"https:\/\/novo.tropfruit.com.br\/tropfruit\/wp-content\/uploads\/2020\/03\/vis_img_menu.jpg\" class=\"wp-image-1035 style-810-image style-local-155-c12-image\" alt=\"\" srcset=\"https:\/\/www.tropfruit.com.br\/wp-content\/uploads\/2020\/03\/vis_img_menu.jpg 960w, https:\/\/www.tropfruit.com.br\/wp-content\/uploads\/2020\/03\/vis_img_menu-300x300.jpg 300w, https:\/\/www.tropfruit.com.br\/wp-content\/uploads\/2020\/03\/vis_img_menu-150x150.jpg 150w, https:\/\/www.tropfruit.com.br\/wp-content\/uploads\/2020\/03\/vis_img_menu-768x768.jpg 768w\" sizes=\"auto, (max-width: 960px) 100vw, 960px\" \/>\n                      <div class=\"h-image__frame h-hide-sm style-810-frameImage style-local-155-c12-frameImage\"><\/div>\n                    <\/div>\n                  <\/div>\n                <\/div>\n                <div data-colibri-id=\"155-c13\" class=\"h-x-container style-1003 style-local-155-c13 position-relative h-element\">\n                  <!---->\n                  <div class=\"h-x-container-inner style-dynamic-155-c13-group style-1003-spacing style-local-155-c13-spacing\"><span class=\"h-button__outer style-1004-outer style-local-155-c14-outer d-inline-flex h-element\"><a h-use-smooth-scroll=\"true\" href=\"https:\/\/www.tropfruit.com.br\/en\/subproduto-maracuja\/\"  data-colibri-id=\"155-c14\" class=\"d-flex w-100 align-items-center h-button justify-content-lg-center justify-content-md-center justify-content-center style-1004 style-local-155-c14 position-relative\"><!----><!----> <span>BY-PRODUCTS<\/span><\/a>\n                    <\/span>\n                  <\/div>\n                <\/div>\n                <div data-colibri-id=\"155-c15\" class=\"h-x-container style-1122 style-local-155-c15 position-relative h-element\">\n                  <!---->\n                  <div class=\"h-x-container-inner style-dynamic-155-c15-group style-1122-spacing style-local-155-c15-spacing\"><span class=\"h-button__outer style-1123-outer style-local-155-c16-outer d-inline-flex h-element\"><a h-use-smooth-scroll=\"true\" href=\"https:\/\/www.tropfruit.com.br\/en\/polpa-de-maracuja\/\"  data-colibri-id=\"155-c16\" class=\"d-flex w-100 align-items-center h-button justify-content-lg-center justify-content-md-center justify-content-center style-1123 style-local-155-c16 position-relative\"><!----><!----> <span>PULP<\/span><\/a>\n                    <\/span>\n                  <\/div>\n                <\/div>\n              <\/div>\n            <\/div>\n          <\/div>\n        <\/div>\n      <\/div>\n    <\/div>\n  <\/div>\n<\/div>","protected":false},"excerpt":{"rendered":"<p>Suco&nbsp;de&nbsp;Maracuj\u00e1 Concentrado e Congelado &#8211; 50\u00ba Brix Variedade: Maracuj\u00e1 amareloNome Cient\u00edfico: Passiflora Edulis F. Flavicarpa 1. CARACTER\u00cdSTICAS ORGANOL\u00c9PTICAS Aspecto:&nbsp;L\u00edquido e Viscoso Cor: Amarelo Sabor: Pr\u00f3prio Aroma: Pr\u00f3prio &nbsp;2. CARACTER\u00cdSTICAS F\u00cdSICO-QU\u00cdMICAS Brix (Corrigido): 50,00 a 0,50 Acidez (% \u00c1cido C\u00edtrico p\/p): 9,80 a 17,40 Ratio (Brix\/Acidez): 2,85 a 5,05 Polpa (% v \/ v a 13,5 [&hellip;]<\/p>\n","protected":false},"author":1,"featured_media":0,"parent":0,"menu_order":0,"comment_status":"closed","ping_status":"closed","template":"page-templates\/full-width-page.php","meta":{"footnotes":""},"class_list":["post-155","page","type-page","status-publish","hentry"],"yoast_head":"<!-- This site is optimized with the Yoast SEO plugin v27.3 - https:\/\/yoast.com\/product\/yoast-seo-wordpress\/ -->\n<title>Maracuj\u00e1 | O Melhor dos Tr\u00f3picos<\/title>\n<meta name=\"robots\" content=\"index, follow, max-snippet:-1, max-image-preview:large, max-video-preview:-1\" \/>\n<link rel=\"canonical\" href=\"https:\/\/www.tropfruit.com.br\/en\/maracuja\/\" \/>\n<meta property=\"og:locale\" content=\"en_US\" \/>\n<meta property=\"og:type\" content=\"article\" \/>\n<meta property=\"og:title\" content=\"Maracuj\u00e1 | O Melhor dos Tr\u00f3picos\" \/>\n<meta property=\"og:description\" content=\"Suco&nbsp;de&nbsp;Maracuj\u00e1 Concentrado e Congelado &#8211; 50\u00ba Brix Variedade: Maracuj\u00e1 amareloNome Cient\u00edfico: Passiflora Edulis F. Flavicarpa 1. CARACTER\u00cdSTICAS ORGANOL\u00c9PTICAS Aspecto:&nbsp;L\u00edquido e Viscoso Cor: Amarelo Sabor: Pr\u00f3prio Aroma: Pr\u00f3prio &nbsp;2. CARACTER\u00cdSTICAS F\u00cdSICO-QU\u00cdMICAS Brix (Corrigido): 50,00 a 0,50 Acidez (% \u00c1cido C\u00edtrico p\/p): 9,80 a 17,40 Ratio (Brix\/Acidez): 2,85 a 5,05 Polpa (% v \/ v a 13,5 [&hellip;]\" \/>\n<meta property=\"og:url\" content=\"https:\/\/www.tropfruit.com.br\/en\/maracuja\/\" \/>\n<meta property=\"og:site_name\" content=\"O Melhor dos Tr\u00f3picos\" \/>\n<meta property=\"article:modified_time\" content=\"2020-10-06T12:07:06+00:00\" \/>\n<meta property=\"og:image\" content=\"https:\/\/novo.tropfruit.com.br\/tropfruit\/wp-content\/uploads\/2020\/03\/vis_img_menu.jpg\" \/>\n<meta name=\"twitter:card\" content=\"summary_large_image\" \/>\n<meta name=\"twitter:label1\" content=\"Est. reading time\" \/>\n\t<meta name=\"twitter:data1\" content=\"1 minute\" \/>\n<script type=\"application\/ld+json\" class=\"yoast-schema-graph\">{\"@context\":\"https:\\\/\\\/schema.org\",\"@graph\":[{\"@type\":\"WebPage\",\"@id\":\"https:\\\/\\\/www.tropfruit.com.br\\\/maracuja\\\/\",\"url\":\"https:\\\/\\\/www.tropfruit.com.br\\\/maracuja\\\/\",\"name\":\"Maracuj\u00e1 | O Melhor dos Tr\u00f3picos\",\"isPartOf\":{\"@id\":\"https:\\\/\\\/www.tropfruit.com.br\\\/#website\"},\"primaryImageOfPage\":{\"@id\":\"https:\\\/\\\/www.tropfruit.com.br\\\/maracuja\\\/#primaryimage\"},\"image\":{\"@id\":\"https:\\\/\\\/www.tropfruit.com.br\\\/maracuja\\\/#primaryimage\"},\"thumbnailUrl\":\"https:\\\/\\\/novo.tropfruit.com.br\\\/tropfruit\\\/wp-content\\\/uploads\\\/2020\\\/03\\\/vis_img_menu.jpg\",\"datePublished\":\"2020-01-30T10:22:16+00:00\",\"dateModified\":\"2020-10-06T12:07:06+00:00\",\"breadcrumb\":{\"@id\":\"https:\\\/\\\/www.tropfruit.com.br\\\/maracuja\\\/#breadcrumb\"},\"inLanguage\":\"en-US\",\"potentialAction\":[{\"@type\":\"ReadAction\",\"target\":[\"https:\\\/\\\/www.tropfruit.com.br\\\/maracuja\\\/\"]}]},{\"@type\":\"ImageObject\",\"inLanguage\":\"en-US\",\"@id\":\"https:\\\/\\\/www.tropfruit.com.br\\\/maracuja\\\/#primaryimage\",\"url\":\"https:\\\/\\\/novo.tropfruit.com.br\\\/tropfruit\\\/wp-content\\\/uploads\\\/2020\\\/03\\\/vis_img_menu.jpg\",\"contentUrl\":\"https:\\\/\\\/novo.tropfruit.com.br\\\/tropfruit\\\/wp-content\\\/uploads\\\/2020\\\/03\\\/vis_img_menu.jpg\"},{\"@type\":\"BreadcrumbList\",\"@id\":\"https:\\\/\\\/www.tropfruit.com.br\\\/maracuja\\\/#breadcrumb\",\"itemListElement\":[{\"@type\":\"ListItem\",\"position\":1,\"name\":\"In\u00edcio\",\"item\":\"https:\\\/\\\/www.tropfruit.com.br\\\/\"},{\"@type\":\"ListItem\",\"position\":2,\"name\":\"Maracuj\u00e1\"}]},{\"@type\":\"WebSite\",\"@id\":\"https:\\\/\\\/www.tropfruit.com.br\\\/#website\",\"url\":\"https:\\\/\\\/www.tropfruit.com.br\\\/\",\"name\":\"Tropfruit Nordeste\",\"description\":\"Tropfruit Nordeste S\\\/A\",\"publisher\":{\"@id\":\"https:\\\/\\\/www.tropfruit.com.br\\\/#organization\"},\"potentialAction\":[{\"@type\":\"SearchAction\",\"target\":{\"@type\":\"EntryPoint\",\"urlTemplate\":\"https:\\\/\\\/www.tropfruit.com.br\\\/?s={search_term_string}\"},\"query-input\":{\"@type\":\"PropertyValueSpecification\",\"valueRequired\":true,\"valueName\":\"search_term_string\"}}],\"inLanguage\":\"en-US\"},{\"@type\":\"Organization\",\"@id\":\"https:\\\/\\\/www.tropfruit.com.br\\\/#organization\",\"name\":\"Tropfruit Nordeste\",\"url\":\"https:\\\/\\\/www.tropfruit.com.br\\\/\",\"logo\":{\"@type\":\"ImageObject\",\"inLanguage\":\"en-US\",\"@id\":\"https:\\\/\\\/www.tropfruit.com.br\\\/#\\\/schema\\\/logo\\\/image\\\/\",\"url\":\"https:\\\/\\\/www.tropfruit.com.br\\\/wp-content\\\/uploads\\\/2020\\\/03\\\/text4529-2-8.png\",\"contentUrl\":\"https:\\\/\\\/www.tropfruit.com.br\\\/wp-content\\\/uploads\\\/2020\\\/03\\\/text4529-2-8.png\",\"width\":429,\"height\":169,\"caption\":\"Tropfruit Nordeste\"},\"image\":{\"@id\":\"https:\\\/\\\/www.tropfruit.com.br\\\/#\\\/schema\\\/logo\\\/image\\\/\"},\"sameAs\":[\"https:\\\/\\\/www.linkedin.com\\\/company\\\/tropfruit-nordeste-s-a\\\/\"]}]}<\/script>\n<!-- \/ Yoast SEO plugin. -->","yoast_head_json":{"title":"Maracuj\u00e1 | O Melhor dos Tr\u00f3picos","robots":{"index":"index","follow":"follow","max-snippet":"max-snippet:-1","max-image-preview":"max-image-preview:large","max-video-preview":"max-video-preview:-1"},"canonical":"https:\/\/www.tropfruit.com.br\/en\/maracuja\/","og_locale":"en_US","og_type":"article","og_title":"Maracuj\u00e1 | O Melhor dos Tr\u00f3picos","og_description":"Suco&nbsp;de&nbsp;Maracuj\u00e1 Concentrado e Congelado &#8211; 50\u00ba Brix Variedade: Maracuj\u00e1 amareloNome Cient\u00edfico: Passiflora Edulis F. Flavicarpa 1. CARACTER\u00cdSTICAS ORGANOL\u00c9PTICAS Aspecto:&nbsp;L\u00edquido e Viscoso Cor: Amarelo Sabor: Pr\u00f3prio Aroma: Pr\u00f3prio &nbsp;2. CARACTER\u00cdSTICAS F\u00cdSICO-QU\u00cdMICAS Brix (Corrigido): 50,00 a 0,50 Acidez (% \u00c1cido C\u00edtrico p\/p): 9,80 a 17,40 Ratio (Brix\/Acidez): 2,85 a 5,05 Polpa (% v \/ v a 13,5 [&hellip;]","og_url":"https:\/\/www.tropfruit.com.br\/en\/maracuja\/","og_site_name":"O Melhor dos Tr\u00f3picos","article_modified_time":"2020-10-06T12:07:06+00:00","og_image":[{"url":"https:\/\/novo.tropfruit.com.br\/tropfruit\/wp-content\/uploads\/2020\/03\/vis_img_menu.jpg","type":"","width":"","height":""}],"twitter_card":"summary_large_image","twitter_misc":{"Est. reading time":"1 minute"},"schema":{"@context":"https:\/\/schema.org","@graph":[{"@type":"WebPage","@id":"https:\/\/www.tropfruit.com.br\/maracuja\/","url":"https:\/\/www.tropfruit.com.br\/maracuja\/","name":"Maracuj\u00e1 | O Melhor dos Tr\u00f3picos","isPartOf":{"@id":"https:\/\/www.tropfruit.com.br\/#website"},"primaryImageOfPage":{"@id":"https:\/\/www.tropfruit.com.br\/maracuja\/#primaryimage"},"image":{"@id":"https:\/\/www.tropfruit.com.br\/maracuja\/#primaryimage"},"thumbnailUrl":"https:\/\/novo.tropfruit.com.br\/tropfruit\/wp-content\/uploads\/2020\/03\/vis_img_menu.jpg","datePublished":"2020-01-30T10:22:16+00:00","dateModified":"2020-10-06T12:07:06+00:00","breadcrumb":{"@id":"https:\/\/www.tropfruit.com.br\/maracuja\/#breadcrumb"},"inLanguage":"en-US","potentialAction":[{"@type":"ReadAction","target":["https:\/\/www.tropfruit.com.br\/maracuja\/"]}]},{"@type":"ImageObject","inLanguage":"en-US","@id":"https:\/\/www.tropfruit.com.br\/maracuja\/#primaryimage","url":"https:\/\/novo.tropfruit.com.br\/tropfruit\/wp-content\/uploads\/2020\/03\/vis_img_menu.jpg","contentUrl":"https:\/\/novo.tropfruit.com.br\/tropfruit\/wp-content\/uploads\/2020\/03\/vis_img_menu.jpg"},{"@type":"BreadcrumbList","@id":"https:\/\/www.tropfruit.com.br\/maracuja\/#breadcrumb","itemListElement":[{"@type":"ListItem","position":1,"name":"In\u00edcio","item":"https:\/\/www.tropfruit.com.br\/"},{"@type":"ListItem","position":2,"name":"Maracuj\u00e1"}]},{"@type":"WebSite","@id":"https:\/\/www.tropfruit.com.br\/#website","url":"https:\/\/www.tropfruit.com.br\/","name":"Tropfruit Nordeste","description":"Tropfruit Nordeste S\/A","publisher":{"@id":"https:\/\/www.tropfruit.com.br\/#organization"},"potentialAction":[{"@type":"SearchAction","target":{"@type":"EntryPoint","urlTemplate":"https:\/\/www.tropfruit.com.br\/?s={search_term_string}"},"query-input":{"@type":"PropertyValueSpecification","valueRequired":true,"valueName":"search_term_string"}}],"inLanguage":"en-US"},{"@type":"Organization","@id":"https:\/\/www.tropfruit.com.br\/#organization","name":"Tropfruit Nordeste","url":"https:\/\/www.tropfruit.com.br\/","logo":{"@type":"ImageObject","inLanguage":"en-US","@id":"https:\/\/www.tropfruit.com.br\/#\/schema\/logo\/image\/","url":"https:\/\/www.tropfruit.com.br\/wp-content\/uploads\/2020\/03\/text4529-2-8.png","contentUrl":"https:\/\/www.tropfruit.com.br\/wp-content\/uploads\/2020\/03\/text4529-2-8.png","width":429,"height":169,"caption":"Tropfruit Nordeste"},"image":{"@id":"https:\/\/www.tropfruit.com.br\/#\/schema\/logo\/image\/"},"sameAs":["https:\/\/www.linkedin.com\/company\/tropfruit-nordeste-s-a\/"]}]}},"jetpack_sharing_enabled":true,"_links":{"self":[{"href":"https:\/\/www.tropfruit.com.br\/en\/wp-json\/wp\/v2\/pages\/155","targetHints":{"allow":["GET"]}}],"collection":[{"href":"https:\/\/www.tropfruit.com.br\/en\/wp-json\/wp\/v2\/pages"}],"about":[{"href":"https:\/\/www.tropfruit.com.br\/en\/wp-json\/wp\/v2\/types\/page"}],"author":[{"embeddable":true,"href":"https:\/\/www.tropfruit.com.br\/en\/wp-json\/wp\/v2\/users\/1"}],"replies":[{"embeddable":true,"href":"https:\/\/www.tropfruit.com.br\/en\/wp-json\/wp\/v2\/comments?post=155"}],"version-history":[{"count":21,"href":"https:\/\/www.tropfruit.com.br\/en\/wp-json\/wp\/v2\/pages\/155\/revisions"}],"predecessor-version":[{"id":4179,"href":"https:\/\/www.tropfruit.com.br\/en\/wp-json\/wp\/v2\/pages\/155\/revisions\/4179"}],"wp:attachment":[{"href":"https:\/\/www.tropfruit.com.br\/en\/wp-json\/wp\/v2\/media?parent=155"}],"curies":[{"name":"wp","href":"https:\/\/api.w.org\/{rel}","templated":true}]}}