{"id":161,"date":"2020-01-30T07:27:53","date_gmt":"2020-01-30T10:27:53","guid":{"rendered":"https:\/\/novo.tropfruit.com.br\/tropfruit\/?page_id=161"},"modified":"2020-10-06T09:03:59","modified_gmt":"2020-10-06T12:03:59","slug":"tangerina","status":"publish","type":"page","link":"https:\/\/www.tropfruit.com.br\/en\/tangerina\/","title":{"rendered":"Tangerine"},"content":{"rendered":"<div data-colibri-id=\"161-c1\" class=\"style-636 style-local-161-c1 position-relative\">\n  <!---->\n  <div data-colibri-component=\"section\" data-colibri-id=\"161-c2\" id=\"about\" class=\"h-section h-section-global-spacing d-flex align-items-lg-center align-items-md-center align-items-center style-641 style-local-161-c2 position-relative\">\n    <!---->\n    <!---->\n    <div class=\"h-section-grid-container h-section-boxed-container\">\n      <!---->\n      <div data-colibri-id=\"161-c3\" class=\"h-row-container gutters-row-lg-0 gutters-row-md-0 gutters-row-0 gutters-row-v-lg-0 gutters-row-v-md-0 gutters-row-v-0 style-1707 style-local-161-c3 position-relative\">\n        <!---->\n        <div class=\"h-row justify-content-lg-center justify-content-md-center justify-content-center align-items-lg-stretch align-items-md-stretch align-items-stretch gutters-col-lg-0 gutters-col-md-0 gutters-col-0 gutters-col-v-lg-0 gutters-col-v-md-0 gutters-col-v-0\">\n          <!---->\n          <div class=\"h-column h-column-container d-flex h-col-lg-auto h-col-md-auto h-col-auto style-1708-outer style-local-161-c4-outer\">\n            <div data-colibri-id=\"161-c4\" class=\"d-flex h-flex-basis h-column__inner h-px-lg-0 h-px-md-0 h-px-0 v-inner-lg-0 v-inner-md-0 v-inner-0 style-1708 style-local-161-c4 position-relative\">\n              <!---->\n              <!---->\n              <div class=\"w-100 h-y-container h-column__content h-column__v-align flex-basis-100 align-self-lg-start align-self-md-start align-self-start\">\n                <!---->\n                <div data-colibri-id=\"161-c5\" class=\"h-icon style-1702 style-local-161-c5 position-relative h-element\">\n                  <!---->\n                  <a href=\"https:\/\/www.tropfruit.com.br\/en\/\" h-use-smooth-scroll=\"true\"><span class=\"h-svg-icon h-icon__icon style-1702-icon style-local-161-c5-icon\"><!--Icon by Font Awesome (https:\/\/fontawesome.com)--><svg version=\"1.1\" xmlns=\"http:\/\/www.w3.org\/2000\/svg\" xmlns:xlink=\"http:\/\/www.w3.org\/1999\/xlink\" id=\"home\" viewbox=\"0 0 1664 1896.0833\"><path d=\"M1408 992v480q0 26-19 45t-45 19H960v-384H704v384H320q-26 0-45-19t-19-45V992q0-1 .5-3t.5-3l575-474 575 474q1 2 1 6zm223-69l-62 74q-8 9-21 11h-3q-13 0-21-7L832 424l-692 577q-12 8-24 7-13-2-21-11l-62-74q-8-10-7-23.5T37 878l719-599q32-26 76-26t76 26l244 204V288q0-14 9-23t23-9h192q14 0 23 9t9 23v408l219 182q10 8 11 21.5t-7 23.5z\"><\/path><\/svg><\/span><\/a>\n                <\/div>\n              <\/div>\n            <\/div>\n          <\/div>\n        <\/div>\n      <\/div>\n      <div data-colibri-id=\"161-c6\" class=\"h-row-container gutters-row-lg-2 gutters-row-md-2 gutters-row-2 gutters-row-v-lg-2 gutters-row-v-md-2 gutters-row-v-2 style-642 style-local-161-c6 position-relative\">\n        <!---->\n        <div class=\"h-row justify-content-lg-center justify-content-md-center justify-content-center align-items-lg-stretch align-items-md-stretch align-items-stretch gutters-col-lg-2 gutters-col-md-2 gutters-col-2 gutters-col-v-lg-2 gutters-col-v-md-2 gutters-col-v-2\">\n          <!---->\n          <div class=\"h-column h-column-container d-flex h-col-lg-auto h-col-md-auto h-col-auto style-643-outer style-local-161-c7-outer\">\n            <div data-colibri-id=\"161-c7\" class=\"d-flex h-flex-basis h-column__inner h-px-lg-2 h-px-md-2 h-px-2 v-inner-lg-2 v-inner-md-2 v-inner-2 style-643 style-local-161-c7 position-relative\">\n              <!---->\n              <!---->\n              <div class=\"w-100 h-y-container h-column__content h-column__v-align flex-basis-100 align-self-lg-center align-self-md-center align-self-center\">\n                <!---->\n                <div data-colibri-id=\"161-c8\" class=\"h-global-transition-all h-heading style-645 style-local-161-c8 position-relative h-element\">\n                  <!---->\n                  <div class=\"h-heading__outer style-645 style-local-161-c8\">\n                    <!---->\n                    <!---->\n                    <h3 class=\"\">Frozen Concentrate&nbsp;<em style=\"color: rgb(247, 144, 7); font-family: &quot;Playfair Display&quot;;\">Tangerine&nbsp;<\/em>juice<\/h3>\n                  <\/div>\n                <\/div>\n                <div data-colibri-id=\"161-c9\" class=\"h-text h-text-component style-816 style-local-161-c9 position-relative h-element\">\n                  <!---->\n                  <!---->\n                  <div class=\"\">\n                    <p><span style=\"font-weight: 400; font-size: 16px; color: rgb(70, 112, 128); font-family: &quot;Open Sans&quot;;\">Variety: \"Cravo\" tangerine<\/span>\n                      <br>Scientific Name: Citrus reticulata ( c. nobilis )<\/p>\n                    <p><strong style=\"font-size: 16px; font-family: &quot;Open Sans&quot;; color: rgb(70, 112, 128);\">1. ORGANOLEPTIC CHARACTERISTICS<\/strong><\/p>\n                    <p><span style=\"font-weight: 400; font-size: 16px; font-family: &quot;Open Sans&quot;; color: rgb(70, 112, 128);\">Appearance: Viscous liquid<\/span>\n                      <br>Color: Reddish yellow\n                      <br>Flavor: Own\n                      <br>Aroma: Own<\/p>\n                    <p><strong style=\"color: rgb(70, 112, 128); font-family: &quot;Open Sans&quot;; font-size: 16px;\">2. PHYSICAL AND CHEMICAL CHARACTERISTICS<\/strong><\/p>\n                    <p><span style=\"font-family: &quot;Open Sans&quot;;\">Brix (Corrected): 65,00 \u00b1 0,50<br>Acidity (Citric Acid% w \/ w): 5,92 to 7,19<br>Ratio (Brix \/ Acidity): 9,10 to 10,90<br>Pulp (% v\/v a 11,5\u00b0 Brix) 5,00 to 12,00<br>pH: 3,00 to 4,20<br>Color: 39 to 42<br>Flavor: 36 to 38<br>Defect: 19 to 20<br>Total Score: 94 to 100<br>Vit C (mg\/100 ml \u2013 11,5 \u00ba Brix) 20 to 30<\/span>\n                      <br>Formol Number (meq\/l \u2013 11,5\u00b0 Brix): 15,00 to 26,00\n                      <br>Proline (mg\/l \u2013 11,5 \u00baBrix): 350 to 1000<\/p>\n                    <p><strong style=\"font-family: &quot;Open Sans&quot;;\">3. MICROBIOLOGY<\/strong><\/p>\n                    <p><span style=\"font-family: &quot;Open Sans&quot;;\">Total Count (cfu \/ g) max: 1000<br>Mold \/ Yeast Count (cfu \/ g) max: 100<br>Coliforms: Absent<\/span><\/p>\n                    <p><strong style=\"color: rgb(70, 112, 128); font-size: 16px; font-family: &quot;Open Sans&quot;;\">4. STORAGE AND SHELF LIFE<\/strong><\/p>\n                    <p><span style=\"color: rgb(70, 112, 128); font-family: &quot;Open Sans&quot;; font-size: 16px; font-weight: 400;\">Storage: -12\u00baC to -18\u00baC<\/span>\n                      <br>Shelf Life: 24 months<\/p>\n                  <\/div>\n                <\/div>\n                <div data-colibri-id=\"161-c10\" class=\"h-x-container style-817 style-local-161-c10 position-relative h-element\">\n                  <!---->\n                  <div class=\"h-x-container-inner style-dynamic-161-c10-group style-817-spacing style-local-161-c10-spacing\"><span class=\"h-button__outer style-818-outer style-local-161-c11-outer d-inline-flex h-element\"><a h-use-smooth-scroll=\"true\" href=\"https:\/\/www.tropfruit.com.br\/en\/produtos\/\"  data-colibri-id=\"161-c11\" class=\"d-flex w-100 align-items-center h-button justify-content-lg-center justify-content-md-center justify-content-center style-818 style-local-161-c11 position-relative\"><!----><!----> <span>products<\/span><\/a>\n                    <\/span>\n                  <\/div>\n                <\/div>\n              <\/div>\n            <\/div>\n          <\/div>\n          <div class=\"h-column h-column-container d-flex h-col-lg-auto h-col-md-auto h-col-auto style-649-outer style-local-161-c12-outer\">\n            <div data-colibri-id=\"161-c12\" class=\"d-flex h-flex-basis h-column__inner h-px-lg-2 h-px-md-2 h-px-2 v-inner-lg-2 v-inner-md-2 v-inner-2 style-649 style-local-161-c12 position-relative\">\n              <!---->\n              <!---->\n              <div class=\"w-100 h-y-container h-column__content h-column__v-align flex-basis-100 align-self-lg-start align-self-md-start align-self-start\">\n                <!---->\n                <div data-colibri-id=\"161-c13\" class=\"d-block style-650 style-local-161-c13 position-relative h-element\">\n                  <!---->\n                  <div class=\"h-image__frame-container-outer\">\n                    <div class=\"h-image__frame-container\">\n                      <!---->\n                      <!---->\n                      <img loading=\"lazy\" decoding=\"async\" width=\"1920\" height=\"1365\" src=\"https:\/\/novo.tropfruit.com.br\/tropfruit\/wp-content\/uploads\/2020\/03\/sucodetangerina.jpg\" class=\"wp-image-1050 style-650-image style-local-161-c13-image\" alt=\"\" srcset=\"https:\/\/www.tropfruit.com.br\/wp-content\/uploads\/2020\/03\/sucodetangerina.jpg 1920w, https:\/\/www.tropfruit.com.br\/wp-content\/uploads\/2020\/03\/sucodetangerina-300x213.jpg 300w, https:\/\/www.tropfruit.com.br\/wp-content\/uploads\/2020\/03\/sucodetangerina-1024x728.jpg 1024w, https:\/\/www.tropfruit.com.br\/wp-content\/uploads\/2020\/03\/sucodetangerina-768x546.jpg 768w, https:\/\/www.tropfruit.com.br\/wp-content\/uploads\/2020\/03\/sucodetangerina-1536x1092.jpg 1536w\" sizes=\"auto, (max-width: 1920px) 100vw, 1920px\" \/>\n                      <div class=\"h-image__frame h-hide-sm style-650-frameImage style-local-161-c13-frameImage\"><\/div>\n                    <\/div>\n                  <\/div>\n                <\/div>\n              <\/div>\n            <\/div>\n          <\/div>\n        <\/div>\n      <\/div>\n    <\/div>\n  <\/div>\n<\/div>","protected":false},"excerpt":{"rendered":"<p>Suco&nbsp;de&nbsp;Tangerina&nbsp;Concentrado e Congelado Variedade: Cravo Nome Cient\u00edfico: Citrus reticulata ( c. nobilis ) 1. CARACTER\u00cdSTICAS ORGANOL\u00c9PTICAS Aspecto: L\u00edquido viscoso Cor: Amarelo avermelhado Sabor: Pr\u00f3prio Aroma: Pr\u00f3prio 2. CARACTER\u00cdSTICAS F\u00cdSICO-QU\u00cdMICAS Brix (Corrigido): 65,00 \u00b1 0,50Acidez (% \u00c1cido C\u00edtrico p\/p): 5,92 a 7,19Ratio (Brix\/Acidez): 9,10 a 10,90Polpa (% v\/v a 11,5\u00b0 Brix) 5,00 a 12,00pH: 3,00 a [&hellip;]<\/p>\n","protected":false},"author":1,"featured_media":0,"parent":0,"menu_order":0,"comment_status":"closed","ping_status":"closed","template":"page-templates\/full-width-page.php","meta":{"footnotes":""},"class_list":["post-161","page","type-page","status-publish","hentry"],"yoast_head":"<!-- This site is optimized with the Yoast SEO plugin v27.3 - https:\/\/yoast.com\/product\/yoast-seo-wordpress\/ -->\n<title>Tangerina | O Melhor dos Tr\u00f3picos<\/title>\n<meta name=\"robots\" content=\"index, follow, max-snippet:-1, max-image-preview:large, max-video-preview:-1\" \/>\n<link rel=\"canonical\" href=\"https:\/\/www.tropfruit.com.br\/en\/tangerina\/\" \/>\n<meta property=\"og:locale\" content=\"en_US\" \/>\n<meta property=\"og:type\" content=\"article\" \/>\n<meta property=\"og:title\" content=\"Tangerina | O Melhor dos Tr\u00f3picos\" \/>\n<meta property=\"og:description\" content=\"Suco&nbsp;de&nbsp;Tangerina&nbsp;Concentrado e Congelado Variedade: Cravo Nome Cient\u00edfico: Citrus reticulata ( c. nobilis ) 1. CARACTER\u00cdSTICAS ORGANOL\u00c9PTICAS Aspecto: L\u00edquido viscoso Cor: Amarelo avermelhado Sabor: Pr\u00f3prio Aroma: Pr\u00f3prio 2. CARACTER\u00cdSTICAS F\u00cdSICO-QU\u00cdMICAS Brix (Corrigido): 65,00 \u00b1 0,50Acidez (% \u00c1cido C\u00edtrico p\/p): 5,92 a 7,19Ratio (Brix\/Acidez): 9,10 a 10,90Polpa (% v\/v a 11,5\u00b0 Brix) 5,00 a 12,00pH: 3,00 a [&hellip;]\" \/>\n<meta property=\"og:url\" content=\"https:\/\/www.tropfruit.com.br\/en\/tangerina\/\" \/>\n<meta property=\"og:site_name\" content=\"O Melhor dos Tr\u00f3picos\" \/>\n<meta property=\"article:modified_time\" content=\"2020-10-06T12:03:59+00:00\" \/>\n<meta property=\"og:image\" content=\"https:\/\/novo.tropfruit.com.br\/tropfruit\/wp-content\/uploads\/2020\/03\/sucodetangerina.jpg\" \/>\n<meta name=\"twitter:card\" content=\"summary_large_image\" \/>\n<meta name=\"twitter:label1\" content=\"Est. reading time\" \/>\n\t<meta name=\"twitter:data1\" content=\"1 minute\" \/>\n<script type=\"application\/ld+json\" class=\"yoast-schema-graph\">{\"@context\":\"https:\\\/\\\/schema.org\",\"@graph\":[{\"@type\":\"WebPage\",\"@id\":\"https:\\\/\\\/www.tropfruit.com.br\\\/tangerina\\\/\",\"url\":\"https:\\\/\\\/www.tropfruit.com.br\\\/tangerina\\\/\",\"name\":\"Tangerina | O Melhor dos Tr\u00f3picos\",\"isPartOf\":{\"@id\":\"https:\\\/\\\/www.tropfruit.com.br\\\/#website\"},\"primaryImageOfPage\":{\"@id\":\"https:\\\/\\\/www.tropfruit.com.br\\\/tangerina\\\/#primaryimage\"},\"image\":{\"@id\":\"https:\\\/\\\/www.tropfruit.com.br\\\/tangerina\\\/#primaryimage\"},\"thumbnailUrl\":\"https:\\\/\\\/novo.tropfruit.com.br\\\/tropfruit\\\/wp-content\\\/uploads\\\/2020\\\/03\\\/sucodetangerina.jpg\",\"datePublished\":\"2020-01-30T10:27:53+00:00\",\"dateModified\":\"2020-10-06T12:03:59+00:00\",\"breadcrumb\":{\"@id\":\"https:\\\/\\\/www.tropfruit.com.br\\\/tangerina\\\/#breadcrumb\"},\"inLanguage\":\"en-US\",\"potentialAction\":[{\"@type\":\"ReadAction\",\"target\":[\"https:\\\/\\\/www.tropfruit.com.br\\\/tangerina\\\/\"]}]},{\"@type\":\"ImageObject\",\"inLanguage\":\"en-US\",\"@id\":\"https:\\\/\\\/www.tropfruit.com.br\\\/tangerina\\\/#primaryimage\",\"url\":\"https:\\\/\\\/novo.tropfruit.com.br\\\/tropfruit\\\/wp-content\\\/uploads\\\/2020\\\/03\\\/sucodetangerina.jpg\",\"contentUrl\":\"https:\\\/\\\/novo.tropfruit.com.br\\\/tropfruit\\\/wp-content\\\/uploads\\\/2020\\\/03\\\/sucodetangerina.jpg\"},{\"@type\":\"BreadcrumbList\",\"@id\":\"https:\\\/\\\/www.tropfruit.com.br\\\/tangerina\\\/#breadcrumb\",\"itemListElement\":[{\"@type\":\"ListItem\",\"position\":1,\"name\":\"In\u00edcio\",\"item\":\"https:\\\/\\\/www.tropfruit.com.br\\\/\"},{\"@type\":\"ListItem\",\"position\":2,\"name\":\"Tangerina\"}]},{\"@type\":\"WebSite\",\"@id\":\"https:\\\/\\\/www.tropfruit.com.br\\\/#website\",\"url\":\"https:\\\/\\\/www.tropfruit.com.br\\\/\",\"name\":\"Tropfruit Nordeste\",\"description\":\"Tropfruit Nordeste S\\\/A\",\"publisher\":{\"@id\":\"https:\\\/\\\/www.tropfruit.com.br\\\/#organization\"},\"potentialAction\":[{\"@type\":\"SearchAction\",\"target\":{\"@type\":\"EntryPoint\",\"urlTemplate\":\"https:\\\/\\\/www.tropfruit.com.br\\\/?s={search_term_string}\"},\"query-input\":{\"@type\":\"PropertyValueSpecification\",\"valueRequired\":true,\"valueName\":\"search_term_string\"}}],\"inLanguage\":\"en-US\"},{\"@type\":\"Organization\",\"@id\":\"https:\\\/\\\/www.tropfruit.com.br\\\/#organization\",\"name\":\"Tropfruit Nordeste\",\"url\":\"https:\\\/\\\/www.tropfruit.com.br\\\/\",\"logo\":{\"@type\":\"ImageObject\",\"inLanguage\":\"en-US\",\"@id\":\"https:\\\/\\\/www.tropfruit.com.br\\\/#\\\/schema\\\/logo\\\/image\\\/\",\"url\":\"https:\\\/\\\/www.tropfruit.com.br\\\/wp-content\\\/uploads\\\/2020\\\/03\\\/text4529-2-8.png\",\"contentUrl\":\"https:\\\/\\\/www.tropfruit.com.br\\\/wp-content\\\/uploads\\\/2020\\\/03\\\/text4529-2-8.png\",\"width\":429,\"height\":169,\"caption\":\"Tropfruit Nordeste\"},\"image\":{\"@id\":\"https:\\\/\\\/www.tropfruit.com.br\\\/#\\\/schema\\\/logo\\\/image\\\/\"},\"sameAs\":[\"https:\\\/\\\/www.linkedin.com\\\/company\\\/tropfruit-nordeste-s-a\\\/\"]}]}<\/script>\n<!-- \/ Yoast SEO plugin. -->","yoast_head_json":{"title":"Tangerina | O Melhor dos Tr\u00f3picos","robots":{"index":"index","follow":"follow","max-snippet":"max-snippet:-1","max-image-preview":"max-image-preview:large","max-video-preview":"max-video-preview:-1"},"canonical":"https:\/\/www.tropfruit.com.br\/en\/tangerina\/","og_locale":"en_US","og_type":"article","og_title":"Tangerina | O Melhor dos Tr\u00f3picos","og_description":"Suco&nbsp;de&nbsp;Tangerina&nbsp;Concentrado e Congelado Variedade: Cravo Nome Cient\u00edfico: Citrus reticulata ( c. nobilis ) 1. CARACTER\u00cdSTICAS ORGANOL\u00c9PTICAS Aspecto: L\u00edquido viscoso Cor: Amarelo avermelhado Sabor: Pr\u00f3prio Aroma: Pr\u00f3prio 2. CARACTER\u00cdSTICAS F\u00cdSICO-QU\u00cdMICAS Brix (Corrigido): 65,00 \u00b1 0,50Acidez (% \u00c1cido C\u00edtrico p\/p): 5,92 a 7,19Ratio (Brix\/Acidez): 9,10 a 10,90Polpa (% v\/v a 11,5\u00b0 Brix) 5,00 a 12,00pH: 3,00 a [&hellip;]","og_url":"https:\/\/www.tropfruit.com.br\/en\/tangerina\/","og_site_name":"O Melhor dos Tr\u00f3picos","article_modified_time":"2020-10-06T12:03:59+00:00","og_image":[{"url":"https:\/\/novo.tropfruit.com.br\/tropfruit\/wp-content\/uploads\/2020\/03\/sucodetangerina.jpg","type":"","width":"","height":""}],"twitter_card":"summary_large_image","twitter_misc":{"Est. reading time":"1 minute"},"schema":{"@context":"https:\/\/schema.org","@graph":[{"@type":"WebPage","@id":"https:\/\/www.tropfruit.com.br\/tangerina\/","url":"https:\/\/www.tropfruit.com.br\/tangerina\/","name":"Tangerina | O Melhor dos Tr\u00f3picos","isPartOf":{"@id":"https:\/\/www.tropfruit.com.br\/#website"},"primaryImageOfPage":{"@id":"https:\/\/www.tropfruit.com.br\/tangerina\/#primaryimage"},"image":{"@id":"https:\/\/www.tropfruit.com.br\/tangerina\/#primaryimage"},"thumbnailUrl":"https:\/\/novo.tropfruit.com.br\/tropfruit\/wp-content\/uploads\/2020\/03\/sucodetangerina.jpg","datePublished":"2020-01-30T10:27:53+00:00","dateModified":"2020-10-06T12:03:59+00:00","breadcrumb":{"@id":"https:\/\/www.tropfruit.com.br\/tangerina\/#breadcrumb"},"inLanguage":"en-US","potentialAction":[{"@type":"ReadAction","target":["https:\/\/www.tropfruit.com.br\/tangerina\/"]}]},{"@type":"ImageObject","inLanguage":"en-US","@id":"https:\/\/www.tropfruit.com.br\/tangerina\/#primaryimage","url":"https:\/\/novo.tropfruit.com.br\/tropfruit\/wp-content\/uploads\/2020\/03\/sucodetangerina.jpg","contentUrl":"https:\/\/novo.tropfruit.com.br\/tropfruit\/wp-content\/uploads\/2020\/03\/sucodetangerina.jpg"},{"@type":"BreadcrumbList","@id":"https:\/\/www.tropfruit.com.br\/tangerina\/#breadcrumb","itemListElement":[{"@type":"ListItem","position":1,"name":"In\u00edcio","item":"https:\/\/www.tropfruit.com.br\/"},{"@type":"ListItem","position":2,"name":"Tangerina"}]},{"@type":"WebSite","@id":"https:\/\/www.tropfruit.com.br\/#website","url":"https:\/\/www.tropfruit.com.br\/","name":"Tropfruit Nordeste","description":"Tropfruit Nordeste S\/A","publisher":{"@id":"https:\/\/www.tropfruit.com.br\/#organization"},"potentialAction":[{"@type":"SearchAction","target":{"@type":"EntryPoint","urlTemplate":"https:\/\/www.tropfruit.com.br\/?s={search_term_string}"},"query-input":{"@type":"PropertyValueSpecification","valueRequired":true,"valueName":"search_term_string"}}],"inLanguage":"en-US"},{"@type":"Organization","@id":"https:\/\/www.tropfruit.com.br\/#organization","name":"Tropfruit Nordeste","url":"https:\/\/www.tropfruit.com.br\/","logo":{"@type":"ImageObject","inLanguage":"en-US","@id":"https:\/\/www.tropfruit.com.br\/#\/schema\/logo\/image\/","url":"https:\/\/www.tropfruit.com.br\/wp-content\/uploads\/2020\/03\/text4529-2-8.png","contentUrl":"https:\/\/www.tropfruit.com.br\/wp-content\/uploads\/2020\/03\/text4529-2-8.png","width":429,"height":169,"caption":"Tropfruit Nordeste"},"image":{"@id":"https:\/\/www.tropfruit.com.br\/#\/schema\/logo\/image\/"},"sameAs":["https:\/\/www.linkedin.com\/company\/tropfruit-nordeste-s-a\/"]}]}},"jetpack_sharing_enabled":true,"_links":{"self":[{"href":"https:\/\/www.tropfruit.com.br\/en\/wp-json\/wp\/v2\/pages\/161","targetHints":{"allow":["GET"]}}],"collection":[{"href":"https:\/\/www.tropfruit.com.br\/en\/wp-json\/wp\/v2\/pages"}],"about":[{"href":"https:\/\/www.tropfruit.com.br\/en\/wp-json\/wp\/v2\/types\/page"}],"author":[{"embeddable":true,"href":"https:\/\/www.tropfruit.com.br\/en\/wp-json\/wp\/v2\/users\/1"}],"replies":[{"embeddable":true,"href":"https:\/\/www.tropfruit.com.br\/en\/wp-json\/wp\/v2\/comments?post=161"}],"version-history":[{"count":18,"href":"https:\/\/www.tropfruit.com.br\/en\/wp-json\/wp\/v2\/pages\/161\/revisions"}],"predecessor-version":[{"id":4172,"href":"https:\/\/www.tropfruit.com.br\/en\/wp-json\/wp\/v2\/pages\/161\/revisions\/4172"}],"wp:attachment":[{"href":"https:\/\/www.tropfruit.com.br\/en\/wp-json\/wp\/v2\/media?parent=161"}],"curies":[{"name":"wp","href":"https:\/\/api.w.org\/{rel}","templated":true}]}}