{"id":2476,"date":"2020-09-01T07:53:44","date_gmt":"2020-09-01T10:53:44","guid":{"rendered":"https:\/\/www.tropfruit.com.br\/?page_id=2476"},"modified":"2020-10-06T08:36:42","modified_gmt":"2020-10-06T11:36:42","slug":"colibri-2476","status":"publish","type":"page","link":"https:\/\/www.tropfruit.com.br\/en\/colibri-2476\/","title":{"rendered":"Caja"},"content":{"rendered":"<div data-colibri-id=\"2476-c1\" class=\"style-1148 style-local-2476-c1 position-relative\">\r\n  <!---->\r\n  <div data-colibri-component=\"section\" data-colibri-id=\"2476-c2\" id=\"about\" class=\"h-section h-section-global-spacing d-flex align-items-lg-center align-items-md-center align-items-center style-1149 style-local-2476-c2 position-relative\">\r\n    <!---->\r\n    <!---->\r\n    <div class=\"h-section-grid-container h-section-boxed-container\">\r\n      <!---->\r\n      <div data-colibri-id=\"2476-c3\" class=\"h-row-container gutters-row-lg-2 gutters-row-md-2 gutters-row-2 gutters-row-v-lg-2 gutters-row-v-md-2 gutters-row-v-2 style-1150 style-local-2476-c3 position-relative\">\r\n        <!---->\r\n        <div class=\"h-row justify-content-lg-center justify-content-md-center justify-content-center align-items-lg-stretch align-items-md-stretch align-items-stretch gutters-col-lg-2 gutters-col-md-2 gutters-col-2 gutters-col-v-lg-2 gutters-col-v-md-2 gutters-col-v-2\">\r\n          <!---->\r\n          <div class=\"h-column h-column-container d-flex h-col-lg-auto h-col-md-auto h-col-auto style-1151-outer style-local-2476-c4-outer\">\r\n            <div data-colibri-id=\"2476-c4\" class=\"d-flex h-flex-basis h-column__inner h-px-lg-2 h-px-md-2 h-px-2 v-inner-lg-2 v-inner-md-2 v-inner-2 style-1151 style-local-2476-c4 position-relative\">\r\n              <!---->\r\n              <!---->\r\n              <div class=\"w-100 h-y-container h-column__content h-column__v-align flex-basis-100 align-self-lg-center align-self-md-center align-self-center\">\r\n                <!---->\r\n                <div data-colibri-id=\"2476-c5\" class=\"h-global-transition-all h-heading style-1153 style-local-2476-c5 position-relative h-element\">\r\n                  <!---->\r\n                  <div class=\"h-heading__outer style-1153 style-local-2476-c5\">\r\n                    <!---->\r\n                    <!---->\r\n                    <h2 class=\"\">Frozen Not From Concentrate&nbsp;<em style=\"color: rgb(247, 144, 7); font-family: &quot;Playfair Display&quot;;\">Caja<\/em>&nbsp;Juice<\/h2>\r\n                  <\/div>\r\n                <\/div>\r\n                <div data-colibri-id=\"2476-c6\" class=\"h-text h-text-component style-1154 style-local-2476-c6 position-relative h-element\">\r\n                  <!---->\r\n                  <!---->\r\n                  <div class=\"\">\r\n                    <p><span style=\"color: rgb(70, 112, 128); font-family: &quot;Open Sans&quot;; font-size: 16px; font-weight: 400;\">Scientific name:&nbsp;<\/span>Spondias mombin<\/p>\r\n                    <p><strong style=\"color: rgb(70, 112, 128); font-family: Calibri;\">1. ORGANOLEPTIC CHARACTERISTICS<\/strong><\/p>\r\n                    <p><span style=\"color: rgb(70, 112, 128); font-family: Calibri;\">Appearance: Homogeneous liquid<br>Color: Characteristic Yellow<br>Flavor: <\/span><span style=\"color: rgb(70, 112, 128); font-family: Calibri; font-size: 16px; font-weight: 400;\">Characteristic<\/span>\r\n                      <span\r\n                        style=\"color: rgb(70, 112, 128); font-family: Calibri;\">\r\n                        <br>Aroma: <\/span><span style=\"color: rgb(70, 112, 128); font-family: Calibri; font-size: 16px; font-weight: 400;\">Characteristic<\/span><\/p>\r\n                    <p><strong>2. PHYSICAL AND CHEMICAL CHARACTERISTICS<\/strong><\/p>\r\n                    <p>Brix (Corrected): 9.40 to 12.00\r\n                      <br>Acidity (% Citric Acid w \/ w): 0.90 to 1.90\r\n                      <br>Ratio: 4,90 to 13,35\r\n                      <br>pH: 2,30 to 3,60\r\n                      <br>Pulp: (% v \/ v): 45.00 to 90.00\r\n                      <br>Flavor: 36 to 37\r\n                      <br>Defect: 18 to 20<\/p>\r\n                    <p><strong>3. MICROBIOLOGY<\/strong><\/p>\r\n                    <p>Total Count (cfu \/ g) max: 1000\r\n                      <br>Count Moulds \/ Yeast Count (cfu \/ g) max: 100\r\n                      <br>Coliforms: Absent<\/p>\r\n                    <p><strong>4. STORAGE AND SHELF LIFE<\/strong><\/p>\r\n                    <p>Storage: -12\u00b0C to -18\u00b0C\r\n                      <br>Shelf Life: 24 months<\/p>\r\n                  <\/div>\r\n                <\/div>\r\n                <div data-colibri-id=\"2476-c7\" class=\"h-x-container style-1155 style-local-2476-c7 position-relative h-element\">\r\n                  <!---->\r\n                  <div class=\"h-x-container-inner style-dynamic-2476-c7-group style-1155-spacing style-local-2476-c7-spacing\"><span class=\"h-button__outer style-1156-outer style-local-2476-c8-outer d-inline-flex h-element\"><a h-use-smooth-scroll=\"true\" href=\"https:\/\/www.tropfruit.com.br\/en\/produtos\/\"  data-colibri-id=\"2476-c8\" class=\"d-flex w-100 align-items-center h-button justify-content-lg-center justify-content-md-center justify-content-center style-1156 style-local-2476-c8 position-relative\"><!----><!----> <span>PRODUCTS<\/span><\/a>\r\n                    <\/span>\r\n                  <\/div>\r\n                <\/div>\r\n              <\/div>\r\n            <\/div>\r\n          <\/div>\r\n          <div class=\"h-column h-column-container d-flex h-col-lg-auto h-col-md-auto h-col-auto style-1157-outer style-local-2476-c9-outer\">\r\n            <div data-colibri-id=\"2476-c9\" class=\"d-flex h-flex-basis h-column__inner h-px-lg-2 h-px-md-2 h-px-2 v-inner-lg-2 v-inner-md-2 v-inner-2 style-1157 style-local-2476-c9 position-relative\">\r\n              <!---->\r\n              <!---->\r\n              <div class=\"w-100 h-y-container h-column__content h-column__v-align flex-basis-100 align-self-lg-start align-self-md-start align-self-start\">\r\n                <!---->\r\n                <div data-colibri-id=\"2476-c10\" class=\"d-block style-1158 style-local-2476-c10 position-relative h-element\">\r\n                  <!---->\r\n                  <div class=\"h-image__frame-container-outer\">\r\n                    <div class=\"h-image__frame-container\">\r\n                      <!---->\r\n                      <!---->\r\n                      <img loading=\"lazy\" decoding=\"async\" width=\"739\" height=\"738\" src=\"https:\/\/www.tropfruit.com.br\/wp-content\/uploads\/2020\/09\/cropped-CAJA1.jpg\" class=\"wp-image-2480 style-1158-image style-local-2476-c10-image\" alt=\"\" srcset=\"https:\/\/www.tropfruit.com.br\/wp-content\/uploads\/2020\/09\/cropped-CAJA1.jpg 739w, https:\/\/www.tropfruit.com.br\/wp-content\/uploads\/2020\/09\/cropped-CAJA1-300x300.jpg 300w, https:\/\/www.tropfruit.com.br\/wp-content\/uploads\/2020\/09\/cropped-CAJA1-150x150.jpg 150w\" sizes=\"auto, (max-width: 739px) 100vw, 739px\" \/>\r\n                      <div class=\"h-image__frame h-hide-sm style-1158-frameImage style-local-2476-c10-frameImage\"><\/div>\r\n                    <\/div>\r\n                  <\/div>\r\n                <\/div>\r\n                <div data-colibri-id=\"2476-c11\" class=\"h-x-container style-1175 style-local-2476-c11 position-relative h-element\">\r\n                  <!---->\r\n                  <div class=\"h-x-container-inner style-dynamic-2476-c11-group style-1175-spacing style-local-2476-c11-spacing\"><span class=\"h-button__outer style-1176-outer style-local-2476-c12-outer d-inline-flex h-element\"><a h-use-smooth-scroll=\"true\" href=\"https:\/\/www.tropfruit.com.br\/en\/polpa-de-caja\/\"  data-colibri-id=\"2476-c12\" class=\"d-flex w-100 align-items-center h-button justify-content-lg-center justify-content-md-center justify-content-center style-1176 style-local-2476-c12 position-relative\"><!----><!----> <span>PULP<\/span><\/a>\r\n                    <\/span>\r\n                  <\/div>\r\n                <\/div>\r\n              <\/div>\r\n            <\/div>\r\n          <\/div>\r\n        <\/div>\r\n      <\/div>\r\n    <\/div>\r\n  <\/div>\r\n<\/div>","protected":false},"excerpt":{"rendered":"<p>Suco&nbsp; de&nbsp;Caj\u00e1&nbsp;Integral e&nbsp;Congelado Nome Cientifico:&nbsp;Spondias mombin 1. CARACTER\u00cdSTICAS ORGANOL\u00c9PTICAS Aspecto: L\u00edquido Homog\u00eaneoCor: Amarelo Caracter\u00edsticoSabor: Caracter\u00edstico Aroma: Caracter\u00edstico 2. CARACTER\u00cdSTICAS F\u00cdSICO-QU\u00cdMICAS Brix (Corrigido): 9,40 a 12,00 Acidez (% \u00c1cido C\u00edtrico p\/p): 0,90 a 1,90 Ratio: 4,90 a 13,35 pH: 2,30 a 3,60 Polpa: (%v\/v ): 45,00 a 90,00 Sabor: 36 a 37 Defeito: 18 a 20 [&hellip;]<\/p>\n","protected":false},"author":1,"featured_media":0,"parent":0,"menu_order":0,"comment_status":"closed","ping_status":"closed","template":"page-templates\/full-width-page.php","meta":{"footnotes":""},"class_list":["post-2476","page","type-page","status-publish","hentry"],"yoast_head":"<!-- This site is optimized with the Yoast SEO plugin v27.3 - https:\/\/yoast.com\/product\/yoast-seo-wordpress\/ -->\n<title>Caj\u00e1 | O Melhor dos Tr\u00f3picos<\/title>\n<meta name=\"robots\" content=\"index, follow, max-snippet:-1, max-image-preview:large, max-video-preview:-1\" \/>\n<link rel=\"canonical\" href=\"https:\/\/www.tropfruit.com.br\/en\/colibri-2476\/\" \/>\n<meta property=\"og:locale\" content=\"en_US\" \/>\n<meta property=\"og:type\" content=\"article\" \/>\n<meta property=\"og:title\" content=\"Caj\u00e1 | O Melhor dos Tr\u00f3picos\" \/>\n<meta property=\"og:description\" content=\"Suco&nbsp; de&nbsp;Caj\u00e1&nbsp;Integral e&nbsp;Congelado Nome Cientifico:&nbsp;Spondias mombin 1. CARACTER\u00cdSTICAS ORGANOL\u00c9PTICAS Aspecto: L\u00edquido Homog\u00eaneoCor: Amarelo Caracter\u00edsticoSabor: Caracter\u00edstico Aroma: Caracter\u00edstico 2. CARACTER\u00cdSTICAS F\u00cdSICO-QU\u00cdMICAS Brix (Corrigido): 9,40 a 12,00 Acidez (% \u00c1cido C\u00edtrico p\/p): 0,90 a 1,90 Ratio: 4,90 a 13,35 pH: 2,30 a 3,60 Polpa: (%v\/v ): 45,00 a 90,00 Sabor: 36 a 37 Defeito: 18 a 20 [&hellip;]\" \/>\n<meta property=\"og:url\" content=\"https:\/\/www.tropfruit.com.br\/en\/colibri-2476\/\" \/>\n<meta property=\"og:site_name\" content=\"O Melhor dos Tr\u00f3picos\" \/>\n<meta property=\"article:modified_time\" content=\"2020-10-06T11:36:42+00:00\" \/>\n<meta property=\"og:image\" content=\"https:\/\/www.tropfruit.com.br\/wp-content\/uploads\/2020\/09\/cropped-CAJA1.jpg\" \/>\n<meta name=\"twitter:card\" content=\"summary_large_image\" \/>\n<script type=\"application\/ld+json\" class=\"yoast-schema-graph\">{\"@context\":\"https:\\\/\\\/schema.org\",\"@graph\":[{\"@type\":\"WebPage\",\"@id\":\"https:\\\/\\\/www.tropfruit.com.br\\\/colibri-2476\\\/\",\"url\":\"https:\\\/\\\/www.tropfruit.com.br\\\/colibri-2476\\\/\",\"name\":\"Caj\u00e1 | O Melhor dos Tr\u00f3picos\",\"isPartOf\":{\"@id\":\"https:\\\/\\\/www.tropfruit.com.br\\\/#website\"},\"primaryImageOfPage\":{\"@id\":\"https:\\\/\\\/www.tropfruit.com.br\\\/colibri-2476\\\/#primaryimage\"},\"image\":{\"@id\":\"https:\\\/\\\/www.tropfruit.com.br\\\/colibri-2476\\\/#primaryimage\"},\"thumbnailUrl\":\"https:\\\/\\\/www.tropfruit.com.br\\\/wp-content\\\/uploads\\\/2020\\\/09\\\/cropped-CAJA1.jpg\",\"datePublished\":\"2020-09-01T10:53:44+00:00\",\"dateModified\":\"2020-10-06T11:36:42+00:00\",\"breadcrumb\":{\"@id\":\"https:\\\/\\\/www.tropfruit.com.br\\\/colibri-2476\\\/#breadcrumb\"},\"inLanguage\":\"en-US\",\"potentialAction\":[{\"@type\":\"ReadAction\",\"target\":[\"https:\\\/\\\/www.tropfruit.com.br\\\/colibri-2476\\\/\"]}]},{\"@type\":\"ImageObject\",\"inLanguage\":\"en-US\",\"@id\":\"https:\\\/\\\/www.tropfruit.com.br\\\/colibri-2476\\\/#primaryimage\",\"url\":\"https:\\\/\\\/www.tropfruit.com.br\\\/wp-content\\\/uploads\\\/2020\\\/09\\\/cropped-CAJA1.jpg\",\"contentUrl\":\"https:\\\/\\\/www.tropfruit.com.br\\\/wp-content\\\/uploads\\\/2020\\\/09\\\/cropped-CAJA1.jpg\"},{\"@type\":\"BreadcrumbList\",\"@id\":\"https:\\\/\\\/www.tropfruit.com.br\\\/colibri-2476\\\/#breadcrumb\",\"itemListElement\":[{\"@type\":\"ListItem\",\"position\":1,\"name\":\"In\u00edcio\",\"item\":\"https:\\\/\\\/www.tropfruit.com.br\\\/\"},{\"@type\":\"ListItem\",\"position\":2,\"name\":\"Caj\u00e1\"}]},{\"@type\":\"WebSite\",\"@id\":\"https:\\\/\\\/www.tropfruit.com.br\\\/#website\",\"url\":\"https:\\\/\\\/www.tropfruit.com.br\\\/\",\"name\":\"Tropfruit Nordeste\",\"description\":\"Tropfruit Nordeste S\\\/A\",\"publisher\":{\"@id\":\"https:\\\/\\\/www.tropfruit.com.br\\\/#organization\"},\"potentialAction\":[{\"@type\":\"SearchAction\",\"target\":{\"@type\":\"EntryPoint\",\"urlTemplate\":\"https:\\\/\\\/www.tropfruit.com.br\\\/?s={search_term_string}\"},\"query-input\":{\"@type\":\"PropertyValueSpecification\",\"valueRequired\":true,\"valueName\":\"search_term_string\"}}],\"inLanguage\":\"en-US\"},{\"@type\":\"Organization\",\"@id\":\"https:\\\/\\\/www.tropfruit.com.br\\\/#organization\",\"name\":\"Tropfruit Nordeste\",\"url\":\"https:\\\/\\\/www.tropfruit.com.br\\\/\",\"logo\":{\"@type\":\"ImageObject\",\"inLanguage\":\"en-US\",\"@id\":\"https:\\\/\\\/www.tropfruit.com.br\\\/#\\\/schema\\\/logo\\\/image\\\/\",\"url\":\"https:\\\/\\\/www.tropfruit.com.br\\\/wp-content\\\/uploads\\\/2020\\\/03\\\/text4529-2-8.png\",\"contentUrl\":\"https:\\\/\\\/www.tropfruit.com.br\\\/wp-content\\\/uploads\\\/2020\\\/03\\\/text4529-2-8.png\",\"width\":429,\"height\":169,\"caption\":\"Tropfruit Nordeste\"},\"image\":{\"@id\":\"https:\\\/\\\/www.tropfruit.com.br\\\/#\\\/schema\\\/logo\\\/image\\\/\"},\"sameAs\":[\"https:\\\/\\\/www.linkedin.com\\\/company\\\/tropfruit-nordeste-s-a\\\/\"]}]}<\/script>\n<!-- \/ Yoast SEO plugin. -->","yoast_head_json":{"title":"Caj\u00e1 | O Melhor dos Tr\u00f3picos","robots":{"index":"index","follow":"follow","max-snippet":"max-snippet:-1","max-image-preview":"max-image-preview:large","max-video-preview":"max-video-preview:-1"},"canonical":"https:\/\/www.tropfruit.com.br\/en\/colibri-2476\/","og_locale":"en_US","og_type":"article","og_title":"Caj\u00e1 | O Melhor dos Tr\u00f3picos","og_description":"Suco&nbsp; de&nbsp;Caj\u00e1&nbsp;Integral e&nbsp;Congelado Nome Cientifico:&nbsp;Spondias mombin 1. CARACTER\u00cdSTICAS ORGANOL\u00c9PTICAS Aspecto: L\u00edquido Homog\u00eaneoCor: Amarelo Caracter\u00edsticoSabor: Caracter\u00edstico Aroma: Caracter\u00edstico 2. CARACTER\u00cdSTICAS F\u00cdSICO-QU\u00cdMICAS Brix (Corrigido): 9,40 a 12,00 Acidez (% \u00c1cido C\u00edtrico p\/p): 0,90 a 1,90 Ratio: 4,90 a 13,35 pH: 2,30 a 3,60 Polpa: (%v\/v ): 45,00 a 90,00 Sabor: 36 a 37 Defeito: 18 a 20 [&hellip;]","og_url":"https:\/\/www.tropfruit.com.br\/en\/colibri-2476\/","og_site_name":"O Melhor dos Tr\u00f3picos","article_modified_time":"2020-10-06T11:36:42+00:00","og_image":[{"url":"https:\/\/www.tropfruit.com.br\/wp-content\/uploads\/2020\/09\/cropped-CAJA1.jpg","type":"","width":"","height":""}],"twitter_card":"summary_large_image","schema":{"@context":"https:\/\/schema.org","@graph":[{"@type":"WebPage","@id":"https:\/\/www.tropfruit.com.br\/colibri-2476\/","url":"https:\/\/www.tropfruit.com.br\/colibri-2476\/","name":"Caj\u00e1 | O Melhor dos Tr\u00f3picos","isPartOf":{"@id":"https:\/\/www.tropfruit.com.br\/#website"},"primaryImageOfPage":{"@id":"https:\/\/www.tropfruit.com.br\/colibri-2476\/#primaryimage"},"image":{"@id":"https:\/\/www.tropfruit.com.br\/colibri-2476\/#primaryimage"},"thumbnailUrl":"https:\/\/www.tropfruit.com.br\/wp-content\/uploads\/2020\/09\/cropped-CAJA1.jpg","datePublished":"2020-09-01T10:53:44+00:00","dateModified":"2020-10-06T11:36:42+00:00","breadcrumb":{"@id":"https:\/\/www.tropfruit.com.br\/colibri-2476\/#breadcrumb"},"inLanguage":"en-US","potentialAction":[{"@type":"ReadAction","target":["https:\/\/www.tropfruit.com.br\/colibri-2476\/"]}]},{"@type":"ImageObject","inLanguage":"en-US","@id":"https:\/\/www.tropfruit.com.br\/colibri-2476\/#primaryimage","url":"https:\/\/www.tropfruit.com.br\/wp-content\/uploads\/2020\/09\/cropped-CAJA1.jpg","contentUrl":"https:\/\/www.tropfruit.com.br\/wp-content\/uploads\/2020\/09\/cropped-CAJA1.jpg"},{"@type":"BreadcrumbList","@id":"https:\/\/www.tropfruit.com.br\/colibri-2476\/#breadcrumb","itemListElement":[{"@type":"ListItem","position":1,"name":"In\u00edcio","item":"https:\/\/www.tropfruit.com.br\/"},{"@type":"ListItem","position":2,"name":"Caj\u00e1"}]},{"@type":"WebSite","@id":"https:\/\/www.tropfruit.com.br\/#website","url":"https:\/\/www.tropfruit.com.br\/","name":"Tropfruit Nordeste","description":"Tropfruit Nordeste S\/A","publisher":{"@id":"https:\/\/www.tropfruit.com.br\/#organization"},"potentialAction":[{"@type":"SearchAction","target":{"@type":"EntryPoint","urlTemplate":"https:\/\/www.tropfruit.com.br\/?s={search_term_string}"},"query-input":{"@type":"PropertyValueSpecification","valueRequired":true,"valueName":"search_term_string"}}],"inLanguage":"en-US"},{"@type":"Organization","@id":"https:\/\/www.tropfruit.com.br\/#organization","name":"Tropfruit Nordeste","url":"https:\/\/www.tropfruit.com.br\/","logo":{"@type":"ImageObject","inLanguage":"en-US","@id":"https:\/\/www.tropfruit.com.br\/#\/schema\/logo\/image\/","url":"https:\/\/www.tropfruit.com.br\/wp-content\/uploads\/2020\/03\/text4529-2-8.png","contentUrl":"https:\/\/www.tropfruit.com.br\/wp-content\/uploads\/2020\/03\/text4529-2-8.png","width":429,"height":169,"caption":"Tropfruit Nordeste"},"image":{"@id":"https:\/\/www.tropfruit.com.br\/#\/schema\/logo\/image\/"},"sameAs":["https:\/\/www.linkedin.com\/company\/tropfruit-nordeste-s-a\/"]}]}},"jetpack_sharing_enabled":true,"_links":{"self":[{"href":"https:\/\/www.tropfruit.com.br\/en\/wp-json\/wp\/v2\/pages\/2476","targetHints":{"allow":["GET"]}}],"collection":[{"href":"https:\/\/www.tropfruit.com.br\/en\/wp-json\/wp\/v2\/pages"}],"about":[{"href":"https:\/\/www.tropfruit.com.br\/en\/wp-json\/wp\/v2\/types\/page"}],"author":[{"embeddable":true,"href":"https:\/\/www.tropfruit.com.br\/en\/wp-json\/wp\/v2\/users\/1"}],"replies":[{"embeddable":true,"href":"https:\/\/www.tropfruit.com.br\/en\/wp-json\/wp\/v2\/comments?post=2476"}],"version-history":[{"count":8,"href":"https:\/\/www.tropfruit.com.br\/en\/wp-json\/wp\/v2\/pages\/2476\/revisions"}],"predecessor-version":[{"id":4127,"href":"https:\/\/www.tropfruit.com.br\/en\/wp-json\/wp\/v2\/pages\/2476\/revisions\/4127"}],"wp:attachment":[{"href":"https:\/\/www.tropfruit.com.br\/en\/wp-json\/wp\/v2\/media?parent=2476"}],"curies":[{"name":"wp","href":"https:\/\/api.w.org\/{rel}","templated":true}]}}