{"id":2566,"date":"2020-09-01T14:11:41","date_gmt":"2020-09-01T17:11:41","guid":{"rendered":"https:\/\/www.tropfruit.com.br\/?page_id=2566"},"modified":"2020-10-06T09:11:21","modified_gmt":"2020-10-06T12:11:21","slug":"subprodutos-limao","status":"publish","type":"page","link":"https:\/\/www.tropfruit.com.br\/en\/subprodutos-limao\/","title":{"rendered":"Lemon by-products"},"content":{"rendered":"<div data-colibri-id=\"2566-c1\" class=\"style-1238 style-local-2566-c1 position-relative\">\n  <!---->\n  <div data-colibri-component=\"section\" data-colibri-id=\"2566-c6\" id=\"about-2\" class=\"h-section h-section-global-spacing d-flex align-items-lg-center align-items-md-center align-items-center style-1257 style-local-2566-c6 position-relative\">\n    <!---->\n    <!---->\n    <div class=\"h-section-grid-container h-section-boxed-container\">\n      <!---->\n      <div data-colibri-id=\"2566-c35\" class=\"h-row-container gutters-row-lg-0 gutters-row-md-0 gutters-row-0 gutters-row-v-lg-0 gutters-row-v-md-0 gutters-row-v-0 style-1846 style-local-2566-c35 position-relative\">\n        <!---->\n        <div class=\"h-row justify-content-lg-center justify-content-md-center justify-content-center align-items-lg-stretch align-items-md-stretch align-items-stretch gutters-col-lg-0 gutters-col-md-0 gutters-col-0 gutters-col-v-lg-0 gutters-col-v-md-0 gutters-col-v-0\">\n          <!---->\n          <div class=\"h-column h-column-container d-flex h-col-lg-auto h-col-md-auto h-col-auto style-1847-outer style-local-2566-c36-outer\">\n            <div data-colibri-id=\"2566-c36\" class=\"d-flex h-flex-basis h-column__inner h-px-lg-0 h-px-md-0 h-px-0 v-inner-lg-0 v-inner-md-0 v-inner-0 style-1847 style-local-2566-c36 position-relative\">\n              <!---->\n              <!---->\n              <div class=\"w-100 h-y-container h-column__content h-column__v-align flex-basis-100 align-self-lg-start align-self-md-start align-self-start\">\n                <!---->\n                <div data-colibri-id=\"2566-c37\" class=\"h-icon style-1841 style-local-2566-c37 position-relative h-element\">\n                  <!---->\n                  <a href=\"https:\/\/www.tropfruit.com.br\/en\/\" h-use-smooth-scroll=\"true\"><span class=\"h-svg-icon h-icon__icon style-1841-icon style-local-2566-c37-icon\"><!--Icon by Font Awesome (https:\/\/fontawesome.com)--><svg version=\"1.1\" xmlns=\"http:\/\/www.w3.org\/2000\/svg\" xmlns:xlink=\"http:\/\/www.w3.org\/1999\/xlink\" id=\"home\" viewbox=\"0 0 1664 1896.0833\"><path d=\"M1408 992v480q0 26-19 45t-45 19H960v-384H704v384H320q-26 0-45-19t-19-45V992q0-1 .5-3t.5-3l575-474 575 474q1 2 1 6zm223-69l-62 74q-8 9-21 11h-3q-13 0-21-7L832 424l-692 577q-12 8-24 7-13-2-21-11l-62-74q-8-10-7-23.5T37 878l719-599q32-26 76-26t76 26l244 204V288q0-14 9-23t23-9h192q14 0 23 9t9 23v408l219 182q10 8 11 21.5t-7 23.5z\"><\/path><\/svg><\/span><\/a>\n                <\/div>\n              <\/div>\n            <\/div>\n          <\/div>\n        <\/div>\n      <\/div>\n      <div data-colibri-id=\"2566-c7\" class=\"h-row-container gutters-row-lg-2 gutters-row-md-2 gutters-row-2 gutters-row-v-lg-2 gutters-row-v-md-2 gutters-row-v-2 style-1258 style-local-2566-c7 position-relative\">\n        <!---->\n        <div class=\"h-row justify-content-lg-center justify-content-md-center justify-content-center align-items-lg-stretch align-items-md-stretch align-items-stretch gutters-col-lg-2 gutters-col-md-2 gutters-col-2 gutters-col-v-lg-2 gutters-col-v-md-2 gutters-col-v-2\">\n          <!---->\n          <div class=\"h-column h-column-container d-flex h-col-lg-auto h-col-md-auto h-col-auto style-1259-outer style-local-2566-c8-outer\">\n            <div data-colibri-id=\"2566-c8\" class=\"d-flex h-flex-basis h-column__inner h-px-lg-2 h-px-md-2 h-px-2 v-inner-lg-2 v-inner-md-2 v-inner-2 style-1259 style-local-2566-c8 position-relative\">\n              <!---->\n              <!---->\n              <div class=\"w-100 h-y-container h-column__content h-column__v-align flex-basis-100 align-self-lg-center align-self-md-center align-self-center\">\n                <!---->\n                <div data-colibri-id=\"2566-c9\" class=\"h-global-transition-all h-heading style-1489 style-local-2566-c9 position-relative h-element\">\n                  <!---->\n                  <div class=\"h-heading__outer style-1489 style-local-2566-c9\">\n                    <!---->\n                    <!---->\n                    <h2 class=\"\">Cold Pressed&nbsp;<em style=\"color: rgb(247, 144, 7); font-family: &quot;Playfair Display&quot;;\">Acid Lime<\/em> oil CPLO<\/h2>\n                  <\/div>\n                <\/div>\n                <div data-colibri-id=\"2566-c10\" class=\"h-text h-text-component style-1262 style-local-2566-c10 position-relative h-element\">\n                  <!---->\n                  <!---->\n                  <div class=\"\">\n                    <p><strong style=\"font-size: 16px; font-family: &quot;Open Sans&quot;; color: rgb(70, 112, 128);\">1. PHYSICAL AND CHEMICAL CHARACTERISTICS<\/strong><\/p>\n                    <p><span style=\"font-weight: 400; font-size: 16px; font-family: &quot;Open Sans&quot;; color: rgb(70, 112, 128);\">Appearance: Green to greenish brown<\/span>\n                      <br>Aldehyde: (%) 4.00 - 5.50\n                      <br>Density (g \/ l): 0.8700 - 0.8850\n                      <br>Refractive Index (nD): 1.4810 - 1.4820<\/p>\n                    <p><strong style=\"font-size: 16px; font-family: &quot;Open Sans&quot;; color: rgb(70, 112, 128);\">2. WEIGHT PER DRUM<\/strong><\/p>\n                    <p><span style=\"font-weight: 400; font-size: 16px; font-family: &quot;Open Sans&quot;; color: rgb(70, 112, 128);\">Net: 174Kg<\/span>\n                      <br>Gross: 189Kg<\/p>\n                    <p><strong style=\"font-size: 16px; font-family: &quot;Open Sans&quot;; color: rgb(70, 112, 128);\">3. DRUM WEIGHT<\/strong><\/p>\n                    <p><span style=\"font-weight: 400; font-size: 16px; font-family: &quot;Open Sans&quot;; color: rgb(70, 112, 128);\">Storage: 0 to 5 \u00b0 C<\/span>\n                      <br>Shelf Life: 24 months<\/p>\n                  <\/div>\n                <\/div>\n                <div data-colibri-id=\"2566-c11\" class=\"h-x-container style-1263 style-local-2566-c11 position-relative h-element\">\n                  <!---->\n                  <div class=\"h-x-container-inner style-dynamic-2566-c11-group style-1263-spacing style-local-2566-c11-spacing\"><span class=\"h-button__outer style-1264-outer style-local-2566-c12-outer d-inline-flex h-element\"><a h-use-smooth-scroll=\"true\" href=\"https:\/\/www.tropfruit.com.br\/en\/produtos\/\"  data-colibri-id=\"2566-c12\" class=\"d-flex w-100 align-items-center h-button justify-content-lg-center justify-content-md-center justify-content-center style-1264 style-local-2566-c12 position-relative\"><!----><!----> <span>PRODUCTS<\/span><\/a>\n                    <\/span>\n                  <\/div>\n                <\/div>\n              <\/div>\n            <\/div>\n          <\/div>\n          <div class=\"h-column h-column-container d-flex h-col-lg-auto h-col-md-auto h-col-auto style-1265-outer style-local-2566-c13-outer\">\n            <div data-colibri-id=\"2566-c13\" class=\"d-flex h-flex-basis h-column__inner h-px-lg-2 h-px-md-2 h-px-2 v-inner-lg-2 v-inner-md-2 v-inner-2 style-1265 style-local-2566-c13 position-relative\">\n              <!---->\n              <!---->\n              <div class=\"w-100 h-y-container h-column__content h-column__v-align flex-basis-100 align-self-lg-center align-self-md-center align-self-center\">\n                <!---->\n                <div data-colibri-id=\"2566-c14\" class=\"d-block style-1266 style-local-2566-c14 position-relative h-element\">\n                  <!---->\n                  <div class=\"h-image__frame-container-outer\">\n                    <div class=\"h-image__frame-container\">\n                      <!---->\n                      <!---->\n                      <img loading=\"lazy\" decoding=\"async\" width=\"651\" height=\"650\" src=\"https:\/\/www.tropfruit.com.br\/wp-content\/uploads\/2020\/09\/cropped-oop.jpg\" class=\"wp-image-2509 style-1266-image style-local-2566-c14-image\" alt=\"\" srcset=\"https:\/\/www.tropfruit.com.br\/wp-content\/uploads\/2020\/09\/cropped-oop.jpg 651w, https:\/\/www.tropfruit.com.br\/wp-content\/uploads\/2020\/09\/cropped-oop-300x300.jpg 300w, https:\/\/www.tropfruit.com.br\/wp-content\/uploads\/2020\/09\/cropped-oop-150x150.jpg 150w\" sizes=\"auto, (max-width: 651px) 100vw, 651px\" \/>\n                      <div class=\"h-image__frame h-hide-sm style-1266-frameImage style-local-2566-c14-frameImage\"><\/div>\n                    <\/div>\n                  <\/div>\n                <\/div>\n              <\/div>\n            <\/div>\n          <\/div>\n        <\/div>\n      <\/div>\n    <\/div>\n  <\/div>\n<\/div>","protected":false},"excerpt":{"rendered":"<p>\u00d3leo Essencial de&nbsp;Lim\u00e3o &#8211; CPLO 1. CARACTER\u00cdSTICAS F\u00cdSICO-QU\u00cdMICAS Apar\u00eancia: Verde a marrom esverdeado Alde\u00eddo: (%) 4,00 &#8211; 5,50 Densidade (g\/l): 0,8700 &#8211; 0,8850 \u00cdndice de Refra\u00e7\u00e3o (nD): 1,4810 &#8211; 1,4820 2. PESO POR TAMBOR L\u00edquido: 174Kg Bruto: 189Kg 3. PESO POR TAMBOR Armazenamento: 0 a 5\u00b0C Prazo de Validade: 24 meses PRODUTOS<\/p>","protected":false},"author":1,"featured_media":0,"parent":0,"menu_order":0,"comment_status":"closed","ping_status":"closed","template":"page-templates\/full-width-page.php","meta":{"footnotes":""},"class_list":["post-2566","page","type-page","status-publish","hentry"],"yoast_head":"<!-- This site is optimized with the Yoast SEO plugin v27.3 - https:\/\/yoast.com\/product\/yoast-seo-wordpress\/ -->\n<title>Subprodutos Lim\u00e3o | O Melhor dos Tr\u00f3picos<\/title>\n<meta name=\"robots\" content=\"index, follow, max-snippet:-1, max-image-preview:large, max-video-preview:-1\" \/>\n<link rel=\"canonical\" href=\"https:\/\/www.tropfruit.com.br\/en\/subprodutos-limao\/\" \/>\n<meta property=\"og:locale\" content=\"en_US\" \/>\n<meta property=\"og:type\" content=\"article\" \/>\n<meta property=\"og:title\" content=\"Subprodutos Lim\u00e3o | O Melhor dos Tr\u00f3picos\" \/>\n<meta property=\"og:description\" content=\"\u00d3leo Essencial de&nbsp;Lim\u00e3o &#8211; CPLO 1. CARACTER\u00cdSTICAS F\u00cdSICO-QU\u00cdMICAS Apar\u00eancia: Verde a marrom esverdeado Alde\u00eddo: (%) 4,00 &#8211; 5,50 Densidade (g\/l): 0,8700 &#8211; 0,8850 \u00cdndice de Refra\u00e7\u00e3o (nD): 1,4810 &#8211; 1,4820 2. PESO POR TAMBOR L\u00edquido: 174Kg Bruto: 189Kg 3. PESO POR TAMBOR Armazenamento: 0 a 5\u00b0C Prazo de Validade: 24 meses PRODUTOS\" \/>\n<meta property=\"og:url\" content=\"https:\/\/www.tropfruit.com.br\/en\/subprodutos-limao\/\" \/>\n<meta property=\"og:site_name\" content=\"O Melhor dos Tr\u00f3picos\" \/>\n<meta property=\"article:modified_time\" content=\"2020-10-06T12:11:21+00:00\" \/>\n<meta property=\"og:image\" content=\"https:\/\/www.tropfruit.com.br\/wp-content\/uploads\/2020\/09\/cropped-oop.jpg\" \/>\n<meta name=\"twitter:card\" content=\"summary_large_image\" \/>\n<script type=\"application\/ld+json\" class=\"yoast-schema-graph\">{\"@context\":\"https:\\\/\\\/schema.org\",\"@graph\":[{\"@type\":\"WebPage\",\"@id\":\"https:\\\/\\\/www.tropfruit.com.br\\\/subprodutos-limao\\\/\",\"url\":\"https:\\\/\\\/www.tropfruit.com.br\\\/subprodutos-limao\\\/\",\"name\":\"Subprodutos Lim\u00e3o | O Melhor dos Tr\u00f3picos\",\"isPartOf\":{\"@id\":\"https:\\\/\\\/www.tropfruit.com.br\\\/#website\"},\"primaryImageOfPage\":{\"@id\":\"https:\\\/\\\/www.tropfruit.com.br\\\/subprodutos-limao\\\/#primaryimage\"},\"image\":{\"@id\":\"https:\\\/\\\/www.tropfruit.com.br\\\/subprodutos-limao\\\/#primaryimage\"},\"thumbnailUrl\":\"https:\\\/\\\/www.tropfruit.com.br\\\/wp-content\\\/uploads\\\/2020\\\/09\\\/cropped-oop.jpg\",\"datePublished\":\"2020-09-01T17:11:41+00:00\",\"dateModified\":\"2020-10-06T12:11:21+00:00\",\"breadcrumb\":{\"@id\":\"https:\\\/\\\/www.tropfruit.com.br\\\/subprodutos-limao\\\/#breadcrumb\"},\"inLanguage\":\"en-US\",\"potentialAction\":[{\"@type\":\"ReadAction\",\"target\":[\"https:\\\/\\\/www.tropfruit.com.br\\\/subprodutos-limao\\\/\"]}]},{\"@type\":\"ImageObject\",\"inLanguage\":\"en-US\",\"@id\":\"https:\\\/\\\/www.tropfruit.com.br\\\/subprodutos-limao\\\/#primaryimage\",\"url\":\"https:\\\/\\\/www.tropfruit.com.br\\\/wp-content\\\/uploads\\\/2020\\\/09\\\/cropped-oop.jpg\",\"contentUrl\":\"https:\\\/\\\/www.tropfruit.com.br\\\/wp-content\\\/uploads\\\/2020\\\/09\\\/cropped-oop.jpg\"},{\"@type\":\"BreadcrumbList\",\"@id\":\"https:\\\/\\\/www.tropfruit.com.br\\\/subprodutos-limao\\\/#breadcrumb\",\"itemListElement\":[{\"@type\":\"ListItem\",\"position\":1,\"name\":\"In\u00edcio\",\"item\":\"https:\\\/\\\/www.tropfruit.com.br\\\/\"},{\"@type\":\"ListItem\",\"position\":2,\"name\":\"Subprodutos Lim\u00e3o\"}]},{\"@type\":\"WebSite\",\"@id\":\"https:\\\/\\\/www.tropfruit.com.br\\\/#website\",\"url\":\"https:\\\/\\\/www.tropfruit.com.br\\\/\",\"name\":\"Tropfruit Nordeste\",\"description\":\"Tropfruit Nordeste S\\\/A\",\"publisher\":{\"@id\":\"https:\\\/\\\/www.tropfruit.com.br\\\/#organization\"},\"potentialAction\":[{\"@type\":\"SearchAction\",\"target\":{\"@type\":\"EntryPoint\",\"urlTemplate\":\"https:\\\/\\\/www.tropfruit.com.br\\\/?s={search_term_string}\"},\"query-input\":{\"@type\":\"PropertyValueSpecification\",\"valueRequired\":true,\"valueName\":\"search_term_string\"}}],\"inLanguage\":\"en-US\"},{\"@type\":\"Organization\",\"@id\":\"https:\\\/\\\/www.tropfruit.com.br\\\/#organization\",\"name\":\"Tropfruit Nordeste\",\"url\":\"https:\\\/\\\/www.tropfruit.com.br\\\/\",\"logo\":{\"@type\":\"ImageObject\",\"inLanguage\":\"en-US\",\"@id\":\"https:\\\/\\\/www.tropfruit.com.br\\\/#\\\/schema\\\/logo\\\/image\\\/\",\"url\":\"https:\\\/\\\/www.tropfruit.com.br\\\/wp-content\\\/uploads\\\/2020\\\/03\\\/text4529-2-8.png\",\"contentUrl\":\"https:\\\/\\\/www.tropfruit.com.br\\\/wp-content\\\/uploads\\\/2020\\\/03\\\/text4529-2-8.png\",\"width\":429,\"height\":169,\"caption\":\"Tropfruit Nordeste\"},\"image\":{\"@id\":\"https:\\\/\\\/www.tropfruit.com.br\\\/#\\\/schema\\\/logo\\\/image\\\/\"},\"sameAs\":[\"https:\\\/\\\/www.linkedin.com\\\/company\\\/tropfruit-nordeste-s-a\\\/\"]}]}<\/script>\n<!-- \/ Yoast SEO plugin. -->","yoast_head_json":{"title":"Subprodutos Lim\u00e3o | O Melhor dos Tr\u00f3picos","robots":{"index":"index","follow":"follow","max-snippet":"max-snippet:-1","max-image-preview":"max-image-preview:large","max-video-preview":"max-video-preview:-1"},"canonical":"https:\/\/www.tropfruit.com.br\/en\/subprodutos-limao\/","og_locale":"en_US","og_type":"article","og_title":"Subprodutos Lim\u00e3o | O Melhor dos Tr\u00f3picos","og_description":"\u00d3leo Essencial de&nbsp;Lim\u00e3o &#8211; CPLO 1. CARACTER\u00cdSTICAS F\u00cdSICO-QU\u00cdMICAS Apar\u00eancia: Verde a marrom esverdeado Alde\u00eddo: (%) 4,00 &#8211; 5,50 Densidade (g\/l): 0,8700 &#8211; 0,8850 \u00cdndice de Refra\u00e7\u00e3o (nD): 1,4810 &#8211; 1,4820 2. PESO POR TAMBOR L\u00edquido: 174Kg Bruto: 189Kg 3. PESO POR TAMBOR Armazenamento: 0 a 5\u00b0C Prazo de Validade: 24 meses PRODUTOS","og_url":"https:\/\/www.tropfruit.com.br\/en\/subprodutos-limao\/","og_site_name":"O Melhor dos Tr\u00f3picos","article_modified_time":"2020-10-06T12:11:21+00:00","og_image":[{"url":"https:\/\/www.tropfruit.com.br\/wp-content\/uploads\/2020\/09\/cropped-oop.jpg","type":"","width":"","height":""}],"twitter_card":"summary_large_image","schema":{"@context":"https:\/\/schema.org","@graph":[{"@type":"WebPage","@id":"https:\/\/www.tropfruit.com.br\/subprodutos-limao\/","url":"https:\/\/www.tropfruit.com.br\/subprodutos-limao\/","name":"Subprodutos Lim\u00e3o | O Melhor dos Tr\u00f3picos","isPartOf":{"@id":"https:\/\/www.tropfruit.com.br\/#website"},"primaryImageOfPage":{"@id":"https:\/\/www.tropfruit.com.br\/subprodutos-limao\/#primaryimage"},"image":{"@id":"https:\/\/www.tropfruit.com.br\/subprodutos-limao\/#primaryimage"},"thumbnailUrl":"https:\/\/www.tropfruit.com.br\/wp-content\/uploads\/2020\/09\/cropped-oop.jpg","datePublished":"2020-09-01T17:11:41+00:00","dateModified":"2020-10-06T12:11:21+00:00","breadcrumb":{"@id":"https:\/\/www.tropfruit.com.br\/subprodutos-limao\/#breadcrumb"},"inLanguage":"en-US","potentialAction":[{"@type":"ReadAction","target":["https:\/\/www.tropfruit.com.br\/subprodutos-limao\/"]}]},{"@type":"ImageObject","inLanguage":"en-US","@id":"https:\/\/www.tropfruit.com.br\/subprodutos-limao\/#primaryimage","url":"https:\/\/www.tropfruit.com.br\/wp-content\/uploads\/2020\/09\/cropped-oop.jpg","contentUrl":"https:\/\/www.tropfruit.com.br\/wp-content\/uploads\/2020\/09\/cropped-oop.jpg"},{"@type":"BreadcrumbList","@id":"https:\/\/www.tropfruit.com.br\/subprodutos-limao\/#breadcrumb","itemListElement":[{"@type":"ListItem","position":1,"name":"In\u00edcio","item":"https:\/\/www.tropfruit.com.br\/"},{"@type":"ListItem","position":2,"name":"Subprodutos Lim\u00e3o"}]},{"@type":"WebSite","@id":"https:\/\/www.tropfruit.com.br\/#website","url":"https:\/\/www.tropfruit.com.br\/","name":"Tropfruit Nordeste","description":"Tropfruit Nordeste S\/A","publisher":{"@id":"https:\/\/www.tropfruit.com.br\/#organization"},"potentialAction":[{"@type":"SearchAction","target":{"@type":"EntryPoint","urlTemplate":"https:\/\/www.tropfruit.com.br\/?s={search_term_string}"},"query-input":{"@type":"PropertyValueSpecification","valueRequired":true,"valueName":"search_term_string"}}],"inLanguage":"en-US"},{"@type":"Organization","@id":"https:\/\/www.tropfruit.com.br\/#organization","name":"Tropfruit Nordeste","url":"https:\/\/www.tropfruit.com.br\/","logo":{"@type":"ImageObject","inLanguage":"en-US","@id":"https:\/\/www.tropfruit.com.br\/#\/schema\/logo\/image\/","url":"https:\/\/www.tropfruit.com.br\/wp-content\/uploads\/2020\/03\/text4529-2-8.png","contentUrl":"https:\/\/www.tropfruit.com.br\/wp-content\/uploads\/2020\/03\/text4529-2-8.png","width":429,"height":169,"caption":"Tropfruit Nordeste"},"image":{"@id":"https:\/\/www.tropfruit.com.br\/#\/schema\/logo\/image\/"},"sameAs":["https:\/\/www.linkedin.com\/company\/tropfruit-nordeste-s-a\/"]}]}},"jetpack_sharing_enabled":true,"_links":{"self":[{"href":"https:\/\/www.tropfruit.com.br\/en\/wp-json\/wp\/v2\/pages\/2566","targetHints":{"allow":["GET"]}}],"collection":[{"href":"https:\/\/www.tropfruit.com.br\/en\/wp-json\/wp\/v2\/pages"}],"about":[{"href":"https:\/\/www.tropfruit.com.br\/en\/wp-json\/wp\/v2\/types\/page"}],"author":[{"embeddable":true,"href":"https:\/\/www.tropfruit.com.br\/en\/wp-json\/wp\/v2\/users\/1"}],"replies":[{"embeddable":true,"href":"https:\/\/www.tropfruit.com.br\/en\/wp-json\/wp\/v2\/comments?post=2566"}],"version-history":[{"count":12,"href":"https:\/\/www.tropfruit.com.br\/en\/wp-json\/wp\/v2\/pages\/2566\/revisions"}],"predecessor-version":[{"id":4186,"href":"https:\/\/www.tropfruit.com.br\/en\/wp-json\/wp\/v2\/pages\/2566\/revisions\/4186"}],"wp:attachment":[{"href":"https:\/\/www.tropfruit.com.br\/en\/wp-json\/wp\/v2\/media?parent=2566"}],"curies":[{"name":"wp","href":"https:\/\/api.w.org\/{rel}","templated":true}]}}