{"id":3,"date":"2020-01-28T15:20:51","date_gmt":"2020-01-28T18:20:51","guid":{"rendered":"https:\/\/novo.tropfruit.com.br\/tropfruit\/?page_id=3"},"modified":"2025-10-02T14:43:06","modified_gmt":"2025-10-02T17:43:06","slug":"empresa","status":"publish","type":"page","link":"https:\/\/www.tropfruit.com.br\/en\/empresa\/","title":{"rendered":"COMPANY"},"content":{"rendered":"<div data-colibri-id=\"3-c1\" class=\"style-544 style-local-3-c1 position-relative\">\n  <!---->\n  <div data-colibri-component=\"section\" data-colibri-id=\"3-c2\" id=\"about\" class=\"h-section h-section-global-spacing d-flex align-items-lg-center align-items-md-center align-items-center style-682 style-local-3-c2 position-relative\">\n    <!---->\n    <!---->\n    <div class=\"h-section-grid-container h-section-boxed-container\">\n      <!---->\n      <div data-colibri-id=\"3-c3\" class=\"h-row-container gutters-row-lg-2 gutters-row-md-2 gutters-row-2 gutters-row-v-lg-2 gutters-row-v-md-2 gutters-row-v-2 style-683 style-local-3-c3 position-relative\">\n        <!---->\n        <div class=\"h-row justify-content-lg-center justify-content-md-center justify-content-center align-items-lg-stretch align-items-md-stretch align-items-stretch gutters-col-lg-2 gutters-col-md-2 gutters-col-2 gutters-col-v-lg-2 gutters-col-v-md-2 gutters-col-v-2\">\n          <!---->\n          <div class=\"h-column h-column-container d-flex h-col-lg-auto h-col-md-auto h-col-auto style-684-outer style-local-3-c4-outer\">\n            <div data-colibri-id=\"3-c4\" class=\"d-flex h-flex-basis h-column__inner h-px-lg-2 h-px-md-2 h-px-2 v-inner-lg-2 v-inner-md-2 v-inner-2 style-684 style-local-3-c4 position-relative\">\n              <!---->\n              <!---->\n              <div class=\"w-100 h-y-container h-column__content h-column__v-align flex-basis-100 align-self-lg-center align-self-md-center align-self-center\">\n                <!---->\n                <div data-colibri-id=\"3-c5\" class=\"h-global-transition-all h-heading style-686 style-local-3-c5 position-relative h-element\">\n                  <!---->\n                  <div class=\"h-heading__outer style-686 style-local-3-c5\">\n                    <!---->\n                    <!---->\n                    <h2 class=\"\">Who we are<\/h2>\n                  <\/div>\n                <\/div>\n                <div data-colibri-id=\"3-c6\" class=\"h-lead h-text h-text-component style-687 style-local-3-c6 position-relative h-element\">\n                  <!---->\n                  <!---->\n                  <div class=\"\">\n                    <p><strong>TROPFRUIT NORDESTE S.A<\/strong>&nbsp;is a company whose main activity is the industrialization of fruits and the production of frozen concentrated and whole juices. Founded on February 3, 1988, starting its activities on January 5, 2000.\n                      <br>\n                      <br>Located in a region that constitutes the second citrus-producing center in Brazil, on the edge of the BR-101, in the Industrial District, Quadra 3\/5, Est\u00e2ncia \/ Sergipe. It destines all its production for export, through the Port of Salvador\n                      and to the national market through terrestrial distribution.<\/p>\n                    <p>Installed on a land measuring 300,000 m\u00b2, built area of \u200b\u200b23,000 m\u00b2 and composed of 306 employees.<\/p>\n                    <p>Equipped with 04 lines, the first line consisting of 14 'OIC' extractors for the production of citrus juices. Production capacity of 300,000 tons \/ year;<\/p>\n                    <p>2nd complete \u2018\u2019 OIC \u2019\u2019 line for the production of pineapple juice, production capacity of 16,000 tons \/ year;<\/p>\n                    <p>3rd and 4th complete \u2018\u2018 OIC \u2019\u2019 lines for the production of passion fruit and tropical juice. The production capacity for: Passion fruit is 40,000 tons \/ year, and tropical fruit is 20,000 tons \/ year.<\/p>\n                    <p>A&nbsp;<strong>Tropfruit<\/strong>&nbsp;acquires part of the oranges processed in orchards of one of its partners, about 30% of the production capacity and also acquires fruits from suppliers registered in the producing regions of, SE,\n                      BA and other tropical fruits in the states of BA, PE, PB, CE, RN ES, MG and PA.<\/p>\n                    <p>The fruits are received in bulk trucks or in boxes, which are duly analyzed within the most rigorous process of determining the degree of ripeness and yields for a perfect obtaining of juices. Keeping\n                      the natural and organoleptic characteristics of each fruit and their respective juices.\n                      <br>\n                    <\/p>\n                    <p>The juices obtained are carefully analyzed by nationally and internationally recognized technicians, equipment, and methods, aiming to ensure quality and food safety, adhering to the AIJN parameters for the production\nof fruit juices.\n                      <br>\n                    <\/p>\n                    <p>Tropfruit has implemented a food safety management system in accordance with the requirements of FSSC 22000 and also holds KOSHER, HALAL, FDA and SGF \u2013 IRMA certifications.\n                      <br>\n                    <\/p>\n                  <\/div>\n                <\/div>\n              <\/div>\n            <\/div>\n          <\/div>\n          <div class=\"h-column h-column-container d-flex h-col-lg-auto h-col-md-auto h-col-auto style-690-outer style-local-3-c7-outer\">\n            <div data-colibri-id=\"3-c7\" class=\"d-flex h-flex-basis h-column__inner h-px-lg-2 h-px-md-2 h-px-2 v-inner-lg-2 v-inner-md-2 v-inner-2 style-690 style-local-3-c7 position-relative\">\n              <!---->\n              <!---->\n              <div class=\"w-100 h-y-container h-column__content h-column__v-align flex-basis-100 align-self-lg-start align-self-md-start align-self-start\">\n                <!---->\n                <div data-colibri-id=\"3-c8\" class=\"d-block style-691 style-local-3-c8 position-relative h-element\">\n                  <!---->\n                  <div class=\"h-image__frame-container-outer\">\n                    <div class=\"h-image__frame-container\">\n                      <!---->\n                      <!---->\n                      <img loading=\"lazy\" decoding=\"async\" width=\"864\" height=\"1152\" src=\"https:\/\/novo.tropfruit.com.br\/tropfruit\/wp-content\/uploads\/2020\/03\/IMG-20200310-WA0012.jpg\" class=\"wp-image-902 style-691-image style-local-3-c8-image\" alt=\"\" srcset=\"https:\/\/www.tropfruit.com.br\/wp-content\/uploads\/2020\/03\/IMG-20200310-WA0012.jpg 864w, https:\/\/www.tropfruit.com.br\/wp-content\/uploads\/2020\/03\/IMG-20200310-WA0012-225x300.jpg 225w, https:\/\/www.tropfruit.com.br\/wp-content\/uploads\/2020\/03\/IMG-20200310-WA0012-768x1024.jpg 768w\" sizes=\"auto, (max-width: 864px) 100vw, 864px\" \/>\n                      <div class=\"h-image__frame h-hide-sm style-691-frameImage style-local-3-c8-frameImage\"><\/div>\n                    <\/div>\n                  <\/div>\n                <\/div>\n              <\/div>\n            <\/div>\n          <\/div>\n        <\/div>\n      <\/div>\n    <\/div>\n  <\/div>\n<\/div>","protected":false},"excerpt":{"rendered":"<p>Quem Somos TROPFRUIT NORDESTE S.A&nbsp;\u00e9 uma empresa cuja principal atividade \u00e9 a industrializa\u00e7\u00e3o de frutas e produ\u00e7\u00e3o de sucos concentrados e integrais congelados. Fundada em 03.02.1988, iniciando suas atividades em 05.01.2000. Localizada numa regi\u00e3o que se constitui o segundo p\u00f3lo produtor de c\u00edtricos do Brasil, \u00e0 margem da BR-101, no Distrito Industrial, Quadra 3\/5, Est\u00e2ncia [&hellip;]<\/p>\n","protected":false},"author":1,"featured_media":0,"parent":0,"menu_order":0,"comment_status":"closed","ping_status":"open","template":"page-templates\/homepage.php","meta":{"footnotes":""},"class_list":["post-3","page","type-page","status-publish","hentry"],"yoast_head":"<!-- This site is optimized with the Yoast SEO plugin v27.3 - https:\/\/yoast.com\/product\/yoast-seo-wordpress\/ -->\n<title>Empresa | O Melhor dos Tr\u00f3picos<\/title>\n<meta name=\"robots\" content=\"index, follow, max-snippet:-1, max-image-preview:large, max-video-preview:-1\" \/>\n<link rel=\"canonical\" href=\"https:\/\/www.tropfruit.com.br\/en\/empresa\/\" \/>\n<meta property=\"og:locale\" content=\"en_US\" \/>\n<meta property=\"og:type\" content=\"article\" \/>\n<meta property=\"og:title\" content=\"Empresa | O Melhor dos Tr\u00f3picos\" \/>\n<meta property=\"og:description\" content=\"Quem Somos TROPFRUIT NORDESTE S.A&nbsp;\u00e9 uma empresa cuja principal atividade \u00e9 a industrializa\u00e7\u00e3o de frutas e produ\u00e7\u00e3o de sucos concentrados e integrais congelados. Fundada em 03.02.1988, iniciando suas atividades em 05.01.2000. Localizada numa regi\u00e3o que se constitui o segundo p\u00f3lo produtor de c\u00edtricos do Brasil, \u00e0 margem da BR-101, no Distrito Industrial, Quadra 3\/5, Est\u00e2ncia [&hellip;]\" \/>\n<meta property=\"og:url\" content=\"https:\/\/www.tropfruit.com.br\/en\/empresa\/\" \/>\n<meta property=\"og:site_name\" content=\"O Melhor dos Tr\u00f3picos\" \/>\n<meta property=\"article:modified_time\" content=\"2025-10-02T17:43:06+00:00\" \/>\n<meta property=\"og:image\" content=\"https:\/\/novo.tropfruit.com.br\/tropfruit\/wp-content\/uploads\/2020\/03\/IMG-20200310-WA0012.jpg\" \/>\n<meta name=\"twitter:card\" content=\"summary_large_image\" \/>\n<meta name=\"twitter:label1\" content=\"Est. reading time\" \/>\n\t<meta name=\"twitter:data1\" content=\"2 minutes\" \/>\n<script type=\"application\/ld+json\" class=\"yoast-schema-graph\">{\"@context\":\"https:\\\/\\\/schema.org\",\"@graph\":[{\"@type\":\"WebPage\",\"@id\":\"https:\\\/\\\/www.tropfruit.com.br\\\/empresa\\\/\",\"url\":\"https:\\\/\\\/www.tropfruit.com.br\\\/empresa\\\/\",\"name\":\"Empresa | O Melhor dos Tr\u00f3picos\",\"isPartOf\":{\"@id\":\"https:\\\/\\\/www.tropfruit.com.br\\\/#website\"},\"primaryImageOfPage\":{\"@id\":\"https:\\\/\\\/www.tropfruit.com.br\\\/empresa\\\/#primaryimage\"},\"image\":{\"@id\":\"https:\\\/\\\/www.tropfruit.com.br\\\/empresa\\\/#primaryimage\"},\"thumbnailUrl\":\"https:\\\/\\\/novo.tropfruit.com.br\\\/tropfruit\\\/wp-content\\\/uploads\\\/2020\\\/03\\\/IMG-20200310-WA0012.jpg\",\"datePublished\":\"2020-01-28T18:20:51+00:00\",\"dateModified\":\"2025-10-02T17:43:06+00:00\",\"breadcrumb\":{\"@id\":\"https:\\\/\\\/www.tropfruit.com.br\\\/empresa\\\/#breadcrumb\"},\"inLanguage\":\"en-US\",\"potentialAction\":[{\"@type\":\"ReadAction\",\"target\":[\"https:\\\/\\\/www.tropfruit.com.br\\\/empresa\\\/\"]}]},{\"@type\":\"ImageObject\",\"inLanguage\":\"en-US\",\"@id\":\"https:\\\/\\\/www.tropfruit.com.br\\\/empresa\\\/#primaryimage\",\"url\":\"https:\\\/\\\/novo.tropfruit.com.br\\\/tropfruit\\\/wp-content\\\/uploads\\\/2020\\\/03\\\/IMG-20200310-WA0012.jpg\",\"contentUrl\":\"https:\\\/\\\/novo.tropfruit.com.br\\\/tropfruit\\\/wp-content\\\/uploads\\\/2020\\\/03\\\/IMG-20200310-WA0012.jpg\"},{\"@type\":\"BreadcrumbList\",\"@id\":\"https:\\\/\\\/www.tropfruit.com.br\\\/empresa\\\/#breadcrumb\",\"itemListElement\":[{\"@type\":\"ListItem\",\"position\":1,\"name\":\"In\u00edcio\",\"item\":\"https:\\\/\\\/www.tropfruit.com.br\\\/\"},{\"@type\":\"ListItem\",\"position\":2,\"name\":\"Empresa\"}]},{\"@type\":\"WebSite\",\"@id\":\"https:\\\/\\\/www.tropfruit.com.br\\\/#website\",\"url\":\"https:\\\/\\\/www.tropfruit.com.br\\\/\",\"name\":\"Tropfruit Nordeste\",\"description\":\"Tropfruit Nordeste S\\\/A\",\"publisher\":{\"@id\":\"https:\\\/\\\/www.tropfruit.com.br\\\/#organization\"},\"potentialAction\":[{\"@type\":\"SearchAction\",\"target\":{\"@type\":\"EntryPoint\",\"urlTemplate\":\"https:\\\/\\\/www.tropfruit.com.br\\\/?s={search_term_string}\"},\"query-input\":{\"@type\":\"PropertyValueSpecification\",\"valueRequired\":true,\"valueName\":\"search_term_string\"}}],\"inLanguage\":\"en-US\"},{\"@type\":\"Organization\",\"@id\":\"https:\\\/\\\/www.tropfruit.com.br\\\/#organization\",\"name\":\"Tropfruit Nordeste\",\"url\":\"https:\\\/\\\/www.tropfruit.com.br\\\/\",\"logo\":{\"@type\":\"ImageObject\",\"inLanguage\":\"en-US\",\"@id\":\"https:\\\/\\\/www.tropfruit.com.br\\\/#\\\/schema\\\/logo\\\/image\\\/\",\"url\":\"https:\\\/\\\/www.tropfruit.com.br\\\/wp-content\\\/uploads\\\/2020\\\/03\\\/text4529-2-8.png\",\"contentUrl\":\"https:\\\/\\\/www.tropfruit.com.br\\\/wp-content\\\/uploads\\\/2020\\\/03\\\/text4529-2-8.png\",\"width\":429,\"height\":169,\"caption\":\"Tropfruit Nordeste\"},\"image\":{\"@id\":\"https:\\\/\\\/www.tropfruit.com.br\\\/#\\\/schema\\\/logo\\\/image\\\/\"},\"sameAs\":[\"https:\\\/\\\/www.linkedin.com\\\/company\\\/tropfruit-nordeste-s-a\\\/\"]}]}<\/script>\n<!-- \/ Yoast SEO plugin. -->","yoast_head_json":{"title":"Empresa | O Melhor dos Tr\u00f3picos","robots":{"index":"index","follow":"follow","max-snippet":"max-snippet:-1","max-image-preview":"max-image-preview:large","max-video-preview":"max-video-preview:-1"},"canonical":"https:\/\/www.tropfruit.com.br\/en\/empresa\/","og_locale":"en_US","og_type":"article","og_title":"Empresa | O Melhor dos Tr\u00f3picos","og_description":"Quem Somos TROPFRUIT NORDESTE S.A&nbsp;\u00e9 uma empresa cuja principal atividade \u00e9 a industrializa\u00e7\u00e3o de frutas e produ\u00e7\u00e3o de sucos concentrados e integrais congelados. Fundada em 03.02.1988, iniciando suas atividades em 05.01.2000. Localizada numa regi\u00e3o que se constitui o segundo p\u00f3lo produtor de c\u00edtricos do Brasil, \u00e0 margem da BR-101, no Distrito Industrial, Quadra 3\/5, Est\u00e2ncia [&hellip;]","og_url":"https:\/\/www.tropfruit.com.br\/en\/empresa\/","og_site_name":"O Melhor dos Tr\u00f3picos","article_modified_time":"2025-10-02T17:43:06+00:00","og_image":[{"url":"https:\/\/novo.tropfruit.com.br\/tropfruit\/wp-content\/uploads\/2020\/03\/IMG-20200310-WA0012.jpg","type":"","width":"","height":""}],"twitter_card":"summary_large_image","twitter_misc":{"Est. reading time":"2 minutes"},"schema":{"@context":"https:\/\/schema.org","@graph":[{"@type":"WebPage","@id":"https:\/\/www.tropfruit.com.br\/empresa\/","url":"https:\/\/www.tropfruit.com.br\/empresa\/","name":"Empresa | O Melhor dos Tr\u00f3picos","isPartOf":{"@id":"https:\/\/www.tropfruit.com.br\/#website"},"primaryImageOfPage":{"@id":"https:\/\/www.tropfruit.com.br\/empresa\/#primaryimage"},"image":{"@id":"https:\/\/www.tropfruit.com.br\/empresa\/#primaryimage"},"thumbnailUrl":"https:\/\/novo.tropfruit.com.br\/tropfruit\/wp-content\/uploads\/2020\/03\/IMG-20200310-WA0012.jpg","datePublished":"2020-01-28T18:20:51+00:00","dateModified":"2025-10-02T17:43:06+00:00","breadcrumb":{"@id":"https:\/\/www.tropfruit.com.br\/empresa\/#breadcrumb"},"inLanguage":"en-US","potentialAction":[{"@type":"ReadAction","target":["https:\/\/www.tropfruit.com.br\/empresa\/"]}]},{"@type":"ImageObject","inLanguage":"en-US","@id":"https:\/\/www.tropfruit.com.br\/empresa\/#primaryimage","url":"https:\/\/novo.tropfruit.com.br\/tropfruit\/wp-content\/uploads\/2020\/03\/IMG-20200310-WA0012.jpg","contentUrl":"https:\/\/novo.tropfruit.com.br\/tropfruit\/wp-content\/uploads\/2020\/03\/IMG-20200310-WA0012.jpg"},{"@type":"BreadcrumbList","@id":"https:\/\/www.tropfruit.com.br\/empresa\/#breadcrumb","itemListElement":[{"@type":"ListItem","position":1,"name":"In\u00edcio","item":"https:\/\/www.tropfruit.com.br\/"},{"@type":"ListItem","position":2,"name":"Empresa"}]},{"@type":"WebSite","@id":"https:\/\/www.tropfruit.com.br\/#website","url":"https:\/\/www.tropfruit.com.br\/","name":"Tropfruit Nordeste","description":"Tropfruit Nordeste S\/A","publisher":{"@id":"https:\/\/www.tropfruit.com.br\/#organization"},"potentialAction":[{"@type":"SearchAction","target":{"@type":"EntryPoint","urlTemplate":"https:\/\/www.tropfruit.com.br\/?s={search_term_string}"},"query-input":{"@type":"PropertyValueSpecification","valueRequired":true,"valueName":"search_term_string"}}],"inLanguage":"en-US"},{"@type":"Organization","@id":"https:\/\/www.tropfruit.com.br\/#organization","name":"Tropfruit Nordeste","url":"https:\/\/www.tropfruit.com.br\/","logo":{"@type":"ImageObject","inLanguage":"en-US","@id":"https:\/\/www.tropfruit.com.br\/#\/schema\/logo\/image\/","url":"https:\/\/www.tropfruit.com.br\/wp-content\/uploads\/2020\/03\/text4529-2-8.png","contentUrl":"https:\/\/www.tropfruit.com.br\/wp-content\/uploads\/2020\/03\/text4529-2-8.png","width":429,"height":169,"caption":"Tropfruit Nordeste"},"image":{"@id":"https:\/\/www.tropfruit.com.br\/#\/schema\/logo\/image\/"},"sameAs":["https:\/\/www.linkedin.com\/company\/tropfruit-nordeste-s-a\/"]}]}},"jetpack_sharing_enabled":true,"_links":{"self":[{"href":"https:\/\/www.tropfruit.com.br\/en\/wp-json\/wp\/v2\/pages\/3","targetHints":{"allow":["GET"]}}],"collection":[{"href":"https:\/\/www.tropfruit.com.br\/en\/wp-json\/wp\/v2\/pages"}],"about":[{"href":"https:\/\/www.tropfruit.com.br\/en\/wp-json\/wp\/v2\/types\/page"}],"author":[{"embeddable":true,"href":"https:\/\/www.tropfruit.com.br\/en\/wp-json\/wp\/v2\/users\/1"}],"replies":[{"embeddable":true,"href":"https:\/\/www.tropfruit.com.br\/en\/wp-json\/wp\/v2\/comments?post=3"}],"version-history":[{"count":20,"href":"https:\/\/www.tropfruit.com.br\/en\/wp-json\/wp\/v2\/pages\/3\/revisions"}],"predecessor-version":[{"id":4569,"href":"https:\/\/www.tropfruit.com.br\/en\/wp-json\/wp\/v2\/pages\/3\/revisions\/4569"}],"wp:attachment":[{"href":"https:\/\/www.tropfruit.com.br\/en\/wp-json\/wp\/v2\/media?parent=3"}],"curies":[{"name":"wp","href":"https:\/\/api.w.org\/{rel}","templated":true}]}}