{"id":3794,"date":"2020-10-01T16:18:27","date_gmt":"2020-10-01T19:18:27","guid":{"rendered":"https:\/\/www.tropfruit.com.br\/?page_id=3794"},"modified":"2020-10-05T15:36:03","modified_gmt":"2020-10-05T18:36:03","slug":"polpa-de-acerola","status":"publish","type":"page","link":"https:\/\/www.tropfruit.com.br\/en\/polpa-de-acerola\/","title":{"rendered":"Acerola Pulp"},"content":{"rendered":"<div data-colibri-id=\"3794-c1\" class=\"style-1590 style-local-3794-c1 position-relative\">\n  <!---->\n  <div data-colibri-component=\"section\" data-colibri-id=\"3794-c2\" id=\"about\" class=\"h-section h-section-global-spacing d-flex align-items-lg-center align-items-md-center align-items-center style-1591 style-local-3794-c2 position-relative\">\n    <!---->\n    <!---->\n    <div class=\"h-section-grid-container h-section-boxed-container\">\n      <!---->\n      <div data-colibri-id=\"3794-c3\" class=\"h-row-container gutters-row-lg-0 gutters-row-md-0 gutters-row-0 gutters-row-v-lg-0 gutters-row-v-md-0 gutters-row-v-0 style-1619 style-local-3794-c3 position-relative\">\n        <!---->\n        <div class=\"h-row justify-content-lg-center justify-content-md-center justify-content-center align-items-lg-stretch align-items-md-stretch align-items-stretch gutters-col-lg-0 gutters-col-md-0 gutters-col-0 gutters-col-v-lg-0 gutters-col-v-md-0 gutters-col-v-0\">\n          <!---->\n          <div class=\"h-column h-column-container d-flex h-col-lg-auto h-col-md-auto h-col-auto style-1620-outer style-local-3794-c4-outer\">\n            <div data-colibri-id=\"3794-c4\" class=\"d-flex h-flex-basis h-column__inner h-px-lg-0 h-px-md-0 h-px-0 v-inner-lg-0 v-inner-md-0 v-inner-0 style-1620 style-local-3794-c4 position-relative\">\n              <!---->\n              <!---->\n              <div class=\"w-100 h-y-container h-column__content h-column__v-align flex-basis-100 align-self-lg-start align-self-md-start align-self-start\">\n                <!---->\n                <div data-colibri-id=\"3794-c5\" class=\"h-icon style-1614 style-local-3794-c5 position-relative h-element\">\n                  <!---->\n                  <a href=\"https:\/\/www.tropfruit.com.br\/en\/\" h-use-smooth-scroll=\"true\"><span class=\"h-svg-icon h-icon__icon style-1614-icon style-local-3794-c5-icon\"><!--Icon by Font Awesome (https:\/\/fontawesome.com)--><svg version=\"1.1\" xmlns=\"http:\/\/www.w3.org\/2000\/svg\" xmlns:xlink=\"http:\/\/www.w3.org\/1999\/xlink\" id=\"home\" viewbox=\"0 0 1664 1896.0833\"><path d=\"M1408 992v480q0 26-19 45t-45 19H960v-384H704v384H320q-26 0-45-19t-19-45V992q0-1 .5-3t.5-3l575-474 575 474q1 2 1 6zm223-69l-62 74q-8 9-21 11h-3q-13 0-21-7L832 424l-692 577q-12 8-24 7-13-2-21-11l-62-74q-8-10-7-23.5T37 878l719-599q32-26 76-26t76 26l244 204V288q0-14 9-23t23-9h192q14 0 23 9t9 23v408l219 182q10 8 11 21.5t-7 23.5z\"><\/path><\/svg><\/span><\/a>\n                <\/div>\n              <\/div>\n            <\/div>\n          <\/div>\n        <\/div>\n      <\/div>\n      <div data-colibri-id=\"3794-c6\" class=\"h-row-container gutters-row-lg-2 gutters-row-md-2 gutters-row-2 gutters-row-v-lg-2 gutters-row-v-md-2 gutters-row-v-2 style-1592 style-local-3794-c6 position-relative\">\n        <!---->\n        <div class=\"h-row justify-content-lg-center justify-content-md-center justify-content-center align-items-lg-stretch align-items-md-stretch align-items-stretch gutters-col-lg-2 gutters-col-md-2 gutters-col-2 gutters-col-v-lg-2 gutters-col-v-md-2 gutters-col-v-2\">\n          <!---->\n          <div class=\"h-column h-column-container d-flex h-col-lg-auto h-col-md-auto h-col-auto style-1593-outer style-local-3794-c7-outer\">\n            <div data-colibri-id=\"3794-c7\" class=\"d-flex h-flex-basis h-column__inner h-px-lg-2 h-px-md-2 h-px-2 v-inner-lg-2 v-inner-md-2 v-inner-2 style-1593 style-local-3794-c7 position-relative\">\n              <!---->\n              <!---->\n              <div class=\"w-100 h-y-container h-column__content h-column__v-align flex-basis-100 align-self-lg-center align-self-md-center align-self-center\">\n                <!---->\n                <div data-colibri-id=\"3794-c8\" class=\"h-text h-text-component style-1596 style-local-3794-c8 position-relative h-element\">\n                  <!---->\n                  <!---->\n                  <div class=\"\">\n                    <p><strong style=\"color: rgb(70, 112, 128); font-size: 16px; font-family: &quot;Open Sans&quot;;\">1. ORGANOLEPTIC CHARACTERISTICS<\/strong><\/p>\n                    <p><span style=\"color: rgb(70, 112, 128); font-family: &quot;Open Sans&quot;; font-size: 16px; font-weight: 400;\">Appearance: Viscous liquid<\/span>\n                      <br>Color: Red\n                      <br>Flavor: Own\n                      <br>Aroma: Own<\/p>\n                    <p><span style=\"color: rgb(70, 112, 127); font-weight: 400; font-size: 16px; font-family: &quot;Open Sans&quot;;\">&nbsp;<\/span><strong style=\"color: rgb(70, 112, 128); font-size: 16px; font-family: &quot;Open Sans&quot;;\">2. PHYSICAL AND CHEMICAL CHARACTERISTICS<\/strong><\/p>\n                    <p>Brix (Corrected): 6.00 to 8.00\n                      <br>Acidity (% Citric Acid w \/ w): 0.80 to 1.40\n                      <br>Ratio (Brix \/ Acidity): 4.40 to 9.00\n                      <br>Pulp (% v \/ v): 40,00 to 60,00\n                      <br>pH: 3,40 to 4,20\n                      <br>Flavor: 36 to 37\n                      <br>Defect: 19 to 20\n                      <br>Vit C (mg\/100 ml): 900 to 1400<\/p>\n                    <p><strong>3. MICROBIOLOGY<\/strong><\/p>\n                    <p>Total Count (cfu \/ g) max: 1000\n                      <br>Count Moulds \/ Yeast Count (cfu \/ g) max: 100\n                      <br>Coliforms: Absent<\/p>\n                    <p><strong style=\"font-size: 16px; font-family: &quot;Open Sans&quot;; color: rgb(70, 112, 128);\">4. STORAGE AND SHELF LIFE<\/strong><\/p>\n                    <p><span style=\"font-weight: 400; font-size: 16px; font-family: &quot;Open Sans&quot;; color: rgb(70, 112, 128);\">Storage: -12\u00baC to -18\u00baC<\/span>\n                      <br>Shelf Life: 24 months<\/p>\n                    <p>\n                      <br>\n                    <\/p>\n                  <\/div>\n                <\/div>\n                <div data-colibri-id=\"3794-c9\" class=\"h-x-container style-1597 style-local-3794-c9 position-relative h-element\">\n                  <!---->\n                  <div class=\"h-x-container-inner style-dynamic-3794-c9-group style-1597-spacing style-local-3794-c9-spacing\"><span class=\"h-button__outer style-1598-outer style-local-3794-c10-outer d-inline-flex h-element\"><a h-use-smooth-scroll=\"true\" href=\"https:\/\/www.tropfruit.com.br\/en\/produtos\/\"  data-colibri-id=\"3794-c10\" class=\"d-flex w-100 align-items-center h-button justify-content-lg-center justify-content-md-center justify-content-center style-1598 style-local-3794-c10 position-relative\"><!----><!----> <span>products<\/span><\/a>\n                    <\/span>\n                  <\/div>\n                <\/div>\n              <\/div>\n            <\/div>\n          <\/div>\n          <div class=\"h-column h-column-container d-flex h-col-lg-auto h-col-md-auto h-col-auto style-1599-outer style-local-3794-c11-outer\">\n            <div data-colibri-id=\"3794-c11\" class=\"d-flex h-flex-basis h-column__inner h-px-lg-2 h-px-md-2 h-px-2 v-inner-lg-2 v-inner-md-2 v-inner-2 style-1599 style-local-3794-c11 position-relative\">\n              <!---->\n              <!---->\n              <div class=\"w-100 h-y-container h-column__content h-column__v-align flex-basis-100 align-self-lg-start align-self-md-start align-self-start\">\n                <!---->\n                <div data-colibri-id=\"3794-c12\" class=\"d-block style-1600 style-local-3794-c12 position-relative h-element\">\n                  <!---->\n                  <div class=\"h-image__frame-container-outer\">\n                    <div class=\"h-image__frame-container\">\n                      <!---->\n                      <!---->\n                      <img loading=\"lazy\" decoding=\"async\" width=\"637\" height=\"582\" src=\"https:\/\/www.tropfruit.com.br\/wp-content\/uploads\/2020\/10\/cropped-polpadeacerola.png\" class=\"wp-image-3798 style-1600-image style-local-3794-c12-image\" alt=\"\" srcset=\"https:\/\/www.tropfruit.com.br\/wp-content\/uploads\/2020\/10\/cropped-polpadeacerola.png 637w, https:\/\/www.tropfruit.com.br\/wp-content\/uploads\/2020\/10\/cropped-polpadeacerola-300x274.png 300w\" sizes=\"auto, (max-width: 637px) 100vw, 637px\" \/>\n                      <div class=\"h-image__frame h-hide-sm style-1600-frameImage style-local-3794-c12-frameImage\"><\/div>\n                    <\/div>\n                  <\/div>\n                <\/div>\n              <\/div>\n            <\/div>\n          <\/div>\n        <\/div>\n      <\/div>\n    <\/div>\n  <\/div>\n<\/div>","protected":false},"excerpt":{"rendered":"<p>1. CARACTER\u00cdSTICAS ORGANOL\u00c9PTICAS Aspecto:&nbsp;L\u00edquido viscoso Cor: Vermelho Sabor: Pr\u00f3prio Aroma: Pr\u00f3prio &nbsp;2. CARACTER\u00cdSTICAS F\u00cdSICO-QU\u00cdMICAS Brix (Corrigido): 6,00 a 8,00 Acidez (% \u00c1cido C\u00edtrico p\/p): 0,80 a 1,40 Ratio (Brix\/Acidez): 4,40 a 9,00 Polpa (% v \/ v): 40,00 a 60,00 pH: 3,40 a 4,20 Sabor: 36 a 37 Defeito: 19 a 20 Vit C (mg\/100 [&hellip;]<\/p>\n","protected":false},"author":1,"featured_media":0,"parent":0,"menu_order":0,"comment_status":"closed","ping_status":"closed","template":"page-templates\/full-width-page.php","meta":{"footnotes":""},"class_list":["post-3794","page","type-page","status-publish","hentry"],"yoast_head":"<!-- This site is optimized with the Yoast SEO plugin v27.3 - https:\/\/yoast.com\/product\/yoast-seo-wordpress\/ -->\n<title>Polpa de Acerola | O Melhor dos Tr\u00f3picos<\/title>\n<meta name=\"robots\" content=\"index, follow, max-snippet:-1, max-image-preview:large, max-video-preview:-1\" \/>\n<link rel=\"canonical\" href=\"https:\/\/www.tropfruit.com.br\/en\/polpa-de-acerola\/\" \/>\n<meta property=\"og:locale\" content=\"en_US\" \/>\n<meta property=\"og:type\" content=\"article\" \/>\n<meta property=\"og:title\" content=\"Polpa de Acerola | O Melhor dos Tr\u00f3picos\" \/>\n<meta property=\"og:description\" content=\"1. CARACTER\u00cdSTICAS ORGANOL\u00c9PTICAS Aspecto:&nbsp;L\u00edquido viscoso Cor: Vermelho Sabor: Pr\u00f3prio Aroma: Pr\u00f3prio &nbsp;2. CARACTER\u00cdSTICAS F\u00cdSICO-QU\u00cdMICAS Brix (Corrigido): 6,00 a 8,00 Acidez (% \u00c1cido C\u00edtrico p\/p): 0,80 a 1,40 Ratio (Brix\/Acidez): 4,40 a 9,00 Polpa (% v \/ v): 40,00 a 60,00 pH: 3,40 a 4,20 Sabor: 36 a 37 Defeito: 19 a 20 Vit C (mg\/100 [&hellip;]\" \/>\n<meta property=\"og:url\" content=\"https:\/\/www.tropfruit.com.br\/en\/polpa-de-acerola\/\" \/>\n<meta property=\"og:site_name\" content=\"O Melhor dos Tr\u00f3picos\" \/>\n<meta property=\"article:modified_time\" content=\"2020-10-05T18:36:03+00:00\" \/>\n<meta property=\"og:image\" content=\"https:\/\/www.tropfruit.com.br\/wp-content\/uploads\/2020\/10\/cropped-polpadeacerola.png\" \/>\n<meta name=\"twitter:card\" content=\"summary_large_image\" \/>\n<script type=\"application\/ld+json\" class=\"yoast-schema-graph\">{\"@context\":\"https:\\\/\\\/schema.org\",\"@graph\":[{\"@type\":\"WebPage\",\"@id\":\"https:\\\/\\\/www.tropfruit.com.br\\\/polpa-de-acerola\\\/\",\"url\":\"https:\\\/\\\/www.tropfruit.com.br\\\/polpa-de-acerola\\\/\",\"name\":\"Polpa de Acerola | O Melhor dos Tr\u00f3picos\",\"isPartOf\":{\"@id\":\"https:\\\/\\\/www.tropfruit.com.br\\\/#website\"},\"primaryImageOfPage\":{\"@id\":\"https:\\\/\\\/www.tropfruit.com.br\\\/polpa-de-acerola\\\/#primaryimage\"},\"image\":{\"@id\":\"https:\\\/\\\/www.tropfruit.com.br\\\/polpa-de-acerola\\\/#primaryimage\"},\"thumbnailUrl\":\"https:\\\/\\\/www.tropfruit.com.br\\\/wp-content\\\/uploads\\\/2020\\\/10\\\/cropped-polpadeacerola.png\",\"datePublished\":\"2020-10-01T19:18:27+00:00\",\"dateModified\":\"2020-10-05T18:36:03+00:00\",\"breadcrumb\":{\"@id\":\"https:\\\/\\\/www.tropfruit.com.br\\\/polpa-de-acerola\\\/#breadcrumb\"},\"inLanguage\":\"en-US\",\"potentialAction\":[{\"@type\":\"ReadAction\",\"target\":[\"https:\\\/\\\/www.tropfruit.com.br\\\/polpa-de-acerola\\\/\"]}]},{\"@type\":\"ImageObject\",\"inLanguage\":\"en-US\",\"@id\":\"https:\\\/\\\/www.tropfruit.com.br\\\/polpa-de-acerola\\\/#primaryimage\",\"url\":\"https:\\\/\\\/www.tropfruit.com.br\\\/wp-content\\\/uploads\\\/2020\\\/10\\\/cropped-polpadeacerola.png\",\"contentUrl\":\"https:\\\/\\\/www.tropfruit.com.br\\\/wp-content\\\/uploads\\\/2020\\\/10\\\/cropped-polpadeacerola.png\"},{\"@type\":\"BreadcrumbList\",\"@id\":\"https:\\\/\\\/www.tropfruit.com.br\\\/polpa-de-acerola\\\/#breadcrumb\",\"itemListElement\":[{\"@type\":\"ListItem\",\"position\":1,\"name\":\"In\u00edcio\",\"item\":\"https:\\\/\\\/www.tropfruit.com.br\\\/\"},{\"@type\":\"ListItem\",\"position\":2,\"name\":\"Polpa de Acerola\"}]},{\"@type\":\"WebSite\",\"@id\":\"https:\\\/\\\/www.tropfruit.com.br\\\/#website\",\"url\":\"https:\\\/\\\/www.tropfruit.com.br\\\/\",\"name\":\"Tropfruit Nordeste\",\"description\":\"Tropfruit Nordeste S\\\/A\",\"publisher\":{\"@id\":\"https:\\\/\\\/www.tropfruit.com.br\\\/#organization\"},\"potentialAction\":[{\"@type\":\"SearchAction\",\"target\":{\"@type\":\"EntryPoint\",\"urlTemplate\":\"https:\\\/\\\/www.tropfruit.com.br\\\/?s={search_term_string}\"},\"query-input\":{\"@type\":\"PropertyValueSpecification\",\"valueRequired\":true,\"valueName\":\"search_term_string\"}}],\"inLanguage\":\"en-US\"},{\"@type\":\"Organization\",\"@id\":\"https:\\\/\\\/www.tropfruit.com.br\\\/#organization\",\"name\":\"Tropfruit Nordeste\",\"url\":\"https:\\\/\\\/www.tropfruit.com.br\\\/\",\"logo\":{\"@type\":\"ImageObject\",\"inLanguage\":\"en-US\",\"@id\":\"https:\\\/\\\/www.tropfruit.com.br\\\/#\\\/schema\\\/logo\\\/image\\\/\",\"url\":\"https:\\\/\\\/www.tropfruit.com.br\\\/wp-content\\\/uploads\\\/2020\\\/03\\\/text4529-2-8.png\",\"contentUrl\":\"https:\\\/\\\/www.tropfruit.com.br\\\/wp-content\\\/uploads\\\/2020\\\/03\\\/text4529-2-8.png\",\"width\":429,\"height\":169,\"caption\":\"Tropfruit Nordeste\"},\"image\":{\"@id\":\"https:\\\/\\\/www.tropfruit.com.br\\\/#\\\/schema\\\/logo\\\/image\\\/\"},\"sameAs\":[\"https:\\\/\\\/www.linkedin.com\\\/company\\\/tropfruit-nordeste-s-a\\\/\"]}]}<\/script>\n<!-- \/ Yoast SEO plugin. -->","yoast_head_json":{"title":"Polpa de Acerola | O Melhor dos Tr\u00f3picos","robots":{"index":"index","follow":"follow","max-snippet":"max-snippet:-1","max-image-preview":"max-image-preview:large","max-video-preview":"max-video-preview:-1"},"canonical":"https:\/\/www.tropfruit.com.br\/en\/polpa-de-acerola\/","og_locale":"en_US","og_type":"article","og_title":"Polpa de Acerola | O Melhor dos Tr\u00f3picos","og_description":"1. CARACTER\u00cdSTICAS ORGANOL\u00c9PTICAS Aspecto:&nbsp;L\u00edquido viscoso Cor: Vermelho Sabor: Pr\u00f3prio Aroma: Pr\u00f3prio &nbsp;2. CARACTER\u00cdSTICAS F\u00cdSICO-QU\u00cdMICAS Brix (Corrigido): 6,00 a 8,00 Acidez (% \u00c1cido C\u00edtrico p\/p): 0,80 a 1,40 Ratio (Brix\/Acidez): 4,40 a 9,00 Polpa (% v \/ v): 40,00 a 60,00 pH: 3,40 a 4,20 Sabor: 36 a 37 Defeito: 19 a 20 Vit C (mg\/100 [&hellip;]","og_url":"https:\/\/www.tropfruit.com.br\/en\/polpa-de-acerola\/","og_site_name":"O Melhor dos Tr\u00f3picos","article_modified_time":"2020-10-05T18:36:03+00:00","og_image":[{"url":"https:\/\/www.tropfruit.com.br\/wp-content\/uploads\/2020\/10\/cropped-polpadeacerola.png","type":"","width":"","height":""}],"twitter_card":"summary_large_image","schema":{"@context":"https:\/\/schema.org","@graph":[{"@type":"WebPage","@id":"https:\/\/www.tropfruit.com.br\/polpa-de-acerola\/","url":"https:\/\/www.tropfruit.com.br\/polpa-de-acerola\/","name":"Polpa de Acerola | O Melhor dos Tr\u00f3picos","isPartOf":{"@id":"https:\/\/www.tropfruit.com.br\/#website"},"primaryImageOfPage":{"@id":"https:\/\/www.tropfruit.com.br\/polpa-de-acerola\/#primaryimage"},"image":{"@id":"https:\/\/www.tropfruit.com.br\/polpa-de-acerola\/#primaryimage"},"thumbnailUrl":"https:\/\/www.tropfruit.com.br\/wp-content\/uploads\/2020\/10\/cropped-polpadeacerola.png","datePublished":"2020-10-01T19:18:27+00:00","dateModified":"2020-10-05T18:36:03+00:00","breadcrumb":{"@id":"https:\/\/www.tropfruit.com.br\/polpa-de-acerola\/#breadcrumb"},"inLanguage":"en-US","potentialAction":[{"@type":"ReadAction","target":["https:\/\/www.tropfruit.com.br\/polpa-de-acerola\/"]}]},{"@type":"ImageObject","inLanguage":"en-US","@id":"https:\/\/www.tropfruit.com.br\/polpa-de-acerola\/#primaryimage","url":"https:\/\/www.tropfruit.com.br\/wp-content\/uploads\/2020\/10\/cropped-polpadeacerola.png","contentUrl":"https:\/\/www.tropfruit.com.br\/wp-content\/uploads\/2020\/10\/cropped-polpadeacerola.png"},{"@type":"BreadcrumbList","@id":"https:\/\/www.tropfruit.com.br\/polpa-de-acerola\/#breadcrumb","itemListElement":[{"@type":"ListItem","position":1,"name":"In\u00edcio","item":"https:\/\/www.tropfruit.com.br\/"},{"@type":"ListItem","position":2,"name":"Polpa de Acerola"}]},{"@type":"WebSite","@id":"https:\/\/www.tropfruit.com.br\/#website","url":"https:\/\/www.tropfruit.com.br\/","name":"Tropfruit Nordeste","description":"Tropfruit Nordeste S\/A","publisher":{"@id":"https:\/\/www.tropfruit.com.br\/#organization"},"potentialAction":[{"@type":"SearchAction","target":{"@type":"EntryPoint","urlTemplate":"https:\/\/www.tropfruit.com.br\/?s={search_term_string}"},"query-input":{"@type":"PropertyValueSpecification","valueRequired":true,"valueName":"search_term_string"}}],"inLanguage":"en-US"},{"@type":"Organization","@id":"https:\/\/www.tropfruit.com.br\/#organization","name":"Tropfruit Nordeste","url":"https:\/\/www.tropfruit.com.br\/","logo":{"@type":"ImageObject","inLanguage":"en-US","@id":"https:\/\/www.tropfruit.com.br\/#\/schema\/logo\/image\/","url":"https:\/\/www.tropfruit.com.br\/wp-content\/uploads\/2020\/03\/text4529-2-8.png","contentUrl":"https:\/\/www.tropfruit.com.br\/wp-content\/uploads\/2020\/03\/text4529-2-8.png","width":429,"height":169,"caption":"Tropfruit Nordeste"},"image":{"@id":"https:\/\/www.tropfruit.com.br\/#\/schema\/logo\/image\/"},"sameAs":["https:\/\/www.linkedin.com\/company\/tropfruit-nordeste-s-a\/"]}]}},"jetpack_sharing_enabled":true,"_links":{"self":[{"href":"https:\/\/www.tropfruit.com.br\/en\/wp-json\/wp\/v2\/pages\/3794","targetHints":{"allow":["GET"]}}],"collection":[{"href":"https:\/\/www.tropfruit.com.br\/en\/wp-json\/wp\/v2\/pages"}],"about":[{"href":"https:\/\/www.tropfruit.com.br\/en\/wp-json\/wp\/v2\/types\/page"}],"author":[{"embeddable":true,"href":"https:\/\/www.tropfruit.com.br\/en\/wp-json\/wp\/v2\/users\/1"}],"replies":[{"embeddable":true,"href":"https:\/\/www.tropfruit.com.br\/en\/wp-json\/wp\/v2\/comments?post=3794"}],"version-history":[{"count":6,"href":"https:\/\/www.tropfruit.com.br\/en\/wp-json\/wp\/v2\/pages\/3794\/revisions"}],"predecessor-version":[{"id":3983,"href":"https:\/\/www.tropfruit.com.br\/en\/wp-json\/wp\/v2\/pages\/3794\/revisions\/3983"}],"wp:attachment":[{"href":"https:\/\/www.tropfruit.com.br\/en\/wp-json\/wp\/v2\/media?parent=3794"}],"curies":[{"name":"wp","href":"https:\/\/api.w.org\/{rel}","templated":true}]}}