{"id":4320,"date":"2024-03-21T15:11:36","date_gmt":"2024-03-21T18:11:36","guid":{"rendered":"https:\/\/www.tropfruit.com.br\/?page_id=4320"},"modified":"2025-06-27T17:14:05","modified_gmt":"2025-06-27T20:14:05","slug":"contato-2","status":"publish","type":"page","link":"https:\/\/www.tropfruit.com.br\/en\/contato-2\/","title":{"rendered":"Secure Channel"},"content":{"rendered":"<div data-colibri-id=\"4320-c1\" class=\"style-1879 style-local-4320-c1 position-relative\">\n  <!---->\n  <div data-colibri-component=\"section\" data-colibri-id=\"4320-c2\" id=\"custom\" class=\"h-section h-section-global-spacing d-flex align-items-lg-center align-items-md-center align-items-center style-1898 style-local-4320-c2 position-relative\">\n    <!---->\n    <!---->\n    <div class=\"h-section-grid-container h-section-boxed-container\">\n      <!---->\n      <div data-colibri-id=\"4320-c3\" class=\"h-row-container gutters-row-lg-2 gutters-row-md-2 gutters-row-0 gutters-row-v-lg-2 gutters-row-v-md-2 gutters-row-v-2 style-1899 style-local-4320-c3 position-relative\">\n        <!---->\n        <div class=\"h-row justify-content-lg-center justify-content-md-center justify-content-center align-items-lg-stretch align-items-md-stretch align-items-stretch gutters-col-lg-2 gutters-col-md-2 gutters-col-0 gutters-col-v-lg-2 gutters-col-v-md-2 gutters-col-v-2\">\n          <!---->\n          <div class=\"h-column h-column-container d-flex h-col-lg-12 h-col-md-12 h-col-12 style-1908-outer style-local-4320-c4-outer\">\n            <div data-colibri-id=\"4320-c4\" class=\"d-flex h-flex-basis h-column__inner h-px-lg-2 h-px-md-2 h-px-2 v-inner-lg-2 v-inner-md-2 v-inner-2 style-1908 style-local-4320-c4 position-relative\">\n              <!---->\n              <!---->\n              <div class=\"w-100 h-y-container h-column__content h-column__v-align flex-basis-100 align-self-lg-start align-self-md-start align-self-start\">\n                <!---->\n                <div data-colibri-id=\"4320-c5\" class=\"h-global-transition-all h-heading style-1909 style-local-4320-c5 position-relative h-element\">\n                  <!---->\n                  <div class=\"h-heading__outer style-1909 style-local-4320-c5\">\n                    <!---->\n                    <!---->\n                    <h2 class=\"\">Relatar desvio de conduta<\/h2>\n                  <\/div>\n                <\/div>\n                <div data-colibri-id=\"4320-c6\" class=\"h-global-transition-all h-heading style-1910 style-local-4320-c6 position-relative h-element\">\n                  <!---->\n                  <div class=\"h-heading__outer style-1910 style-local-4320-c6\">\n                    <!---->\n                    <!---->\n                    <h6 class=\"\">O Canal de Conduta deve ser utilizado para relatar poss\u00edveis desvios relacionados ao C\u00f3digo de Conduta Tropfruit.<\/h6>\n                  <\/div>\n                <\/div>\n                <div data-colibri-id=\"4320-c7\" class=\"h-x-container style-1925 style-local-4320-c7 position-relative h-element\">\n                  <!---->\n                  <div class=\"h-x-container-inner style-dynamic-4320-c7-group style-1925-spacing style-local-4320-c7-spacing\"><span class=\"h-link__outer style-1926-outer style-local-4320-c8-outer d-inline-flex h-element\"><a h-use-smooth-scroll=\"true\" href=\"https:\/\/www.tropfruit.com.br\/wp-content\/uploads\/2024\/04\/Site-DEFESA-DO-PRODUTO.pdf\"  data-colibri-id=\"4320-c8\" class=\"d-flex w-100 align-items-center h-link style-1926 style-local-4320-c8 position-relative\"><!----><!----> <span>Defesa do Produto<\/span><\/a>\n                    <\/span><span class=\"h-link__outer style-1927-outer style-local-4320-c9-outer d-inline-flex h-element\"><a h-use-smooth-scroll=\"true\" href=\"https:\/\/www.tropfruit.com.br\/wp-content\/uploads\/2024\/04\/Site-fraude.pdf\"  data-colibri-id=\"4320-c9\" class=\"d-flex w-100 align-items-center h-link style-1927 style-local-4320-c9 position-relative\"><!----><!----> <span> Fraude em Alimentos <\/span><\/a>\n                    <\/span>\n                  <\/div>\n                <\/div>\n                <div data-colibri-id=\"4320-c10\" class=\"h-x-container style-1922 style-local-4320-c10 position-relative h-element\">\n                  <!---->\n                  <div class=\"h-x-container-inner style-dynamic-4320-c10-group style-1922-spacing style-local-4320-c10-spacing\"><span class=\"h-link__outer style-1923-outer style-local-4320-c11-outer d-inline-flex h-element\"><a h-use-smooth-scroll=\"true\" href=\"https:\/\/www.tropfruit.com.br\/wp-content\/uploads\/2024\/04\/CCA-CODIGO-DE-CONDUTA-AMBIENTAL-Rev-03.pdf\"  data-colibri-id=\"4320-c11\" class=\"d-flex w-100 align-items-center h-link style-1923 style-local-4320-c11 position-relative\"><!----><!----> <span>C\u00f3digo de Conduta Ambiental<\/span><\/a>\n                    <\/span><span class=\"h-link__outer style-1924-outer style-local-4320-c12-outer d-inline-flex h-element\"><a h-use-smooth-scroll=\"true\" href=\"https:\/\/www.tropfruit.com.br\/wp-content\/uploads\/2024\/04\/Codigo-de-Conduta-Tropfruit_rev04_020621.pdf\"  data-colibri-id=\"4320-c12\" class=\"d-flex w-100 align-items-center h-link style-1924 style-local-4320-c12 position-relative\"><!----><!----> <span>C\u00f3digo de Conduta<\/span><\/a>\n                    <\/span>\n                  <\/div>\n                <\/div>\n                <div data-colibri-id=\"4320-c13\" class=\"style-1919 style-local-4320-c13 position-relative h-element\">\n                  <!---->\n                  <div class=\"h-global-transition-all h-global-transition h-global-transition-all h-contact-form-shortcode\">\n<div class=\"wpcf7 no-js\" id=\"wpcf7-f4458-o1\" lang=\"pt-BR\" dir=\"ltr\" data-wpcf7-id=\"4458\">\n<div class=\"screen-reader-response\"><p role=\"status\" aria-live=\"polite\" aria-atomic=\"true\"><\/p> <ul><\/ul><\/div>\n<form action=\"\/en\/wp-json\/wp\/v2\/pages\/4320#wpcf7-f4458-o1\" method=\"post\" class=\"wpcf7-form init\" aria-label=\"Formul\u00e1rios de contato\" enctype=\"multipart\/form-data\" novalidate=\"novalidate\" data-status=\"init\">\n<fieldset class=\"hidden-fields-container\"><input type=\"hidden\" name=\"_wpcf7\" value=\"4458\" \/><input type=\"hidden\" name=\"_wpcf7_version\" value=\"6.1.5\" \/><input type=\"hidden\" name=\"_wpcf7_locale\" value=\"pt_BR\" \/><input type=\"hidden\" name=\"_wpcf7_unit_tag\" value=\"wpcf7-f4458-o1\" \/><input type=\"hidden\" name=\"_wpcf7_container_post\" value=\"0\" \/><input type=\"hidden\" name=\"_wpcf7_posted_data_hash\" value=\"\" \/>\n<\/fieldset>\n<p><label>Tropfruit Nordeste<\/label>\n<\/p>\n<p><label>Qual sua Rela\u00e7\u00e3o com a Tropfruit<\/label><label><span class=\"wpcf7-form-control-wrap\" data-name=\"select-236\"><select class=\"wpcf7-form-control wpcf7-select\" aria-invalid=\"false\" name=\"select-236\"><option value=\"---\">---<\/option><option value=\"Funcion\u00e1rio(a)\">Funcion\u00e1rio(a)<\/option><option value=\"Ex-Funcion\u00e1rio(a)\">Ex-Funcion\u00e1rio(a)<\/option><option value=\"Prestador de Servi\u00e7os\">Prestador de Servi\u00e7os<\/option><option value=\"N\u00e3o tenho rela\u00e7\u00e3o com a empresa\">N\u00e3o tenho rela\u00e7\u00e3o com a empresa<\/option><\/select><\/span><\/label><br \/>\n<label>Qual o tipo de den\u00fancia melhor se enquadra ao fato que voc\u00ea est\u00e1 registrando?<\/label><label><span class=\"wpcf7-form-control-wrap\" data-name=\"select-956\"><select class=\"wpcf7-form-control wpcf7-select\" aria-invalid=\"false\" name=\"select-956\"><option value=\"---\">---<\/option><option value=\"Ass\u00e9dio Moral\">Ass\u00e9dio Moral<\/option><option value=\"Ass\u00e9dio Sexual\">Ass\u00e9dio Sexual<\/option><option value=\"Agress\u00e3o F\u00edsica\">Agress\u00e3o F\u00edsica<\/option><option value=\"Fraude\">Fraude<\/option><option value=\"Corrup\u00e7\u00e3o\">Corrup\u00e7\u00e3o<\/option><option value=\"Conflito de interesse\">Conflito de interesse<\/option><option value=\"Irregularidades\">Irregularidades<\/option><option value=\"Dano ao meio ambiente\">Dano ao meio ambiente<\/option><option value=\"Dano a seguran\u00e7a do produto\">Dano a seguran\u00e7a do produto<\/option><\/select><\/span><\/label><br \/>\n<label>Indique o nome completo do(s) denunciado(s) e\/ou Apelido:<\/label><label><span class=\"wpcf7-form-control-wrap\" data-name=\"text-448\"><input size=\"40\" maxlength=\"400\" class=\"wpcf7-form-control wpcf7-text\" aria-invalid=\"false\" value=\"\" type=\"text\" name=\"text-448\" \/><\/span><\/label><br \/>\n<label>Como tomou conhecimento do fato?<\/label><label><span class=\"wpcf7-form-control-wrap\" data-name=\"select-530\"><select class=\"wpcf7-form-control wpcf7-select\" aria-invalid=\"false\" name=\"select-530\"><option value=\"---\">---<\/option><option value=\"Aconteceu comigo\">Aconteceu comigo<\/option><option value=\"Eu observei\">Eu observei<\/option><option value=\"Fiquei sabendo\">Fiquei sabendo<\/option><\/select><\/span><\/label><br \/>\n<label>H\u00e1 quanto tempo voc\u00ea acha que o problema est\u00e1 acontecendo?<\/label><label><span class=\"wpcf7-form-control-wrap\" data-name=\"select-124\"><select class=\"wpcf7-form-control wpcf7-select\" aria-invalid=\"false\" name=\"select-124\"><option value=\"---\">---<\/option><option value=\"N\u00e3o sei dizer\">N\u00e3o sei dizer<\/option><option value=\"Menos de 1 m\u00eas\">Menos de 1 m\u00eas<\/option><option value=\"Menos de 6 meses\">Menos de 6 meses<\/option><option value=\"Menos de 1 ano\">Menos de 1 ano<\/option><option value=\"Mais de 1 ano\">Mais de 1 ano<\/option><\/select><\/span><\/label><br \/>\n<label>Quantas vezes voc\u00ea acha que o problema aconteceu?<\/label><label><span class=\"wpcf7-form-control-wrap\" data-name=\"select-89\"><select class=\"wpcf7-form-control wpcf7-select\" aria-invalid=\"false\" name=\"select-89\"><option value=\"---\">---<\/option><option value=\"N\u00e3o sei dizer\">N\u00e3o sei dizer<\/option><option value=\"Ocorreu 1 vez\">Ocorreu 1 vez<\/option><option value=\"Ocorre todo dia\">Ocorre todo dia<\/option><option value=\"Ocorre toda semana\">Ocorre toda semana<\/option><option value=\"Ocorre as vezes ( um m\u00eas ou mais )\">Ocorre as vezes ( um m\u00eas ou mais )<\/option><\/select><\/span><\/label><br \/>\n<label>Voc\u00ea sabe se algum Diretor, Gerente, Coordenador, Supervisor ou Encarregado est\u00e1 CIENTE do problema relatado?<\/label><label><span class=\"wpcf7-form-control-wrap\" data-name=\"select-95\"><select class=\"wpcf7-form-control wpcf7-select\" aria-invalid=\"false\" name=\"select-95\"><option value=\"---\">---<\/option><option value=\"Sim\">Sim<\/option><option value=\"N\u00e3o\">N\u00e3o<\/option><\/select><\/span><\/label><br \/>\n<label>Se sim, escreva o nome<\/label><label><span class=\"wpcf7-form-control-wrap\" data-name=\"your-subject\"><input size=\"40\" maxlength=\"400\" class=\"wpcf7-form-control wpcf7-text\" aria-invalid=\"false\" value=\"\" type=\"text\" name=\"your-subject\" \/><\/span> <\/label><br \/>\n<label>Voc\u00ea sabe se algum outro Diretor, Gerente, Coordenador, Supervisor, ou Encarregado est\u00e1 ENVOLVIDO diretamente no fato relatado?<\/label><label><span class=\"wpcf7-form-control-wrap\" data-name=\"select-0\"><select class=\"wpcf7-form-control wpcf7-select\" aria-invalid=\"false\" name=\"select-0\"><option value=\"---\">---<\/option><option value=\"Sim\">Sim<\/option><option value=\"N\u00e3o\">N\u00e3o<\/option><\/select><\/span><\/label><br \/>\n<label>Se sim, escreva o nome<\/label><label><span class=\"wpcf7-form-control-wrap\" data-name=\"text-300\"><input size=\"40\" maxlength=\"400\" class=\"wpcf7-form-control wpcf7-text\" aria-invalid=\"false\" value=\"\" type=\"text\" name=\"text-300\" \/><\/span><\/label><br \/>\n<label>Descreva o mais detalhadamente poss\u00edvel sua den\u00fancia, indique o nomes das pessoas envolvidas, testemunhas, como soube do ocorrido, quando ocorreu e se ainda continua ocorrendo, e se h\u00e1 perdas financeiras ou de bens que voc\u00ea identificou. <\/label><label><span class=\"wpcf7-form-control-wrap\" data-name=\"text-742\"><input size=\"40\" maxlength=\"400\" class=\"wpcf7-form-control wpcf7-text\" aria-invalid=\"false\" value=\"\" type=\"text\" name=\"text-742\" \/><\/span><\/label><br \/>\n<label>Este campo \u00e9 para envio de evid\u00eancias, leia com ATEN\u00c7\u00c3O!. Voc\u00ea sabe se existem evid\u00eancias sobre o fato (foto, v\u00eddeo, mensagens, \u00e1udios, testemunhas, documentos)? Em caso positivo, nos envie no campo abaixo. Lembre-se: qualquer informa\u00e7\u00e3o pode ser \u00fatil, por mais simples que pare\u00e7a. ATEN\u00c7\u00c3O: N\u00c3O REMOVA OU TOME CONTATO COM QUALQUER EVID\u00caNCIA OU PESSOA ENVOLVIDA, POIS A INVESTIGA\u00c7\u00c3O PODE SER PREJUDICADA.<\/label><br \/>\n<label> Sua mensagem<br \/>\n<\/label><label><span class=\"wpcf7-form-control-wrap\" data-name=\"textarea-810\"><textarea cols=\"40\" rows=\"10\" maxlength=\"2000\" class=\"wpcf7-form-control wpcf7-textarea wpcf7-validates-as-required\" aria-required=\"true\" aria-invalid=\"false\" name=\"textarea-810\"><\/textarea><\/span><\/label><br \/>\n<label>Limite m\u00e1ximo por arquivo \u00e9 de 25mb<span class=\"wpcf7-form-control-wrap\" data-name=\"file-986\"><input size=\"40\" class=\"wpcf7-form-control wpcf7-file\" accept=\"audio\/*,video\/*,image\/*\" aria-invalid=\"false\" type=\"file\" name=\"file-986\" \/><\/span><br \/>\n<\/label>\n<\/p>\n<p><label>Caso voc\u00ea tenha alguma sugest\u00e3o de como solucionar o problema, descreva-a:<\/label><label><span class=\"wpcf7-form-control-wrap\" data-name=\"text-934\"><input size=\"40\" maxlength=\"400\" class=\"wpcf7-form-control wpcf7-text\" aria-invalid=\"false\" value=\"\" type=\"text\" name=\"text-934\" \/><\/span><\/label>\n<\/p>\n<p><input class=\"wpcf7-form-control wpcf7-submit has-spinner\" type=\"submit\" value=\"Enviar\" \/>\n<\/p><p style=\"display: none !important;\" class=\"akismet-fields-container\" data-prefix=\"_wpcf7_ak_\"><label>&#916;<textarea name=\"_wpcf7_ak_hp_textarea\" cols=\"45\" rows=\"8\" maxlength=\"100\"><\/textarea><\/label><input type=\"hidden\" id=\"ak_js_1\" name=\"_wpcf7_ak_js\" value=\"66\"\/><script type=\"text\/javascript\">\n\/* <![CDATA[ *\/\ndocument.getElementById( \"ak_js_1\" ).setAttribute( \"value\", ( new Date() ).getTime() );\n\/* ]]> *\/\n<\/script>\n<\/p><div class=\"wpcf7-response-output\" aria-hidden=\"true\"><\/div>\n<\/form>\n<\/div>\n<\/div>\n                <\/div>\n              <\/div>\n            <\/div>\n          <\/div>\n        <\/div>\n      <\/div>\n    <\/div>\n  <\/div>\n  <div data-colibri-component=\"section\" data-colibri-id=\"4320-c14\" id=\"custom-2\" class=\"h-section h-section-global-spacing d-flex align-items-lg-center align-items-md-center align-items-center style-1905 style-local-4320-c14 position-relative\">\n    <!---->\n    <!---->\n    <div class=\"h-section-grid-container h-section-boxed-container\">\n      <!---->\n      <div data-colibri-id=\"4320-c19\" class=\"h-row-container gutters-row-lg-2 gutters-row-md-2 gutters-row-0 gutters-row-v-lg-2 gutters-row-v-md-2 gutters-row-v-2 style-1951 style-local-4320-c19 position-relative\">\n        <!---->\n        <div class=\"h-row justify-content-lg-center justify-content-md-center justify-content-center align-items-lg-stretch align-items-md-stretch align-items-stretch gutters-col-lg-2 gutters-col-md-2 gutters-col-0 gutters-col-v-lg-2 gutters-col-v-md-2 gutters-col-v-2\">\n          <!---->\n          <div class=\"h-column h-column-container d-flex h-col-lg-auto h-col-md-auto h-col-auto style-1952-outer style-local-4320-c20-outer\">\n            <div data-colibri-id=\"4320-c20\" class=\"d-flex h-flex-basis h-column__inner h-ui-empty-state-container h-px-lg-2 h-px-md-2 h-px-2 v-inner-lg-2 v-inner-md-2 v-inner-2 style-1952 style-local-4320-c20 position-relative\">\n              <!---->\n              <!---->\n              <div class=\"w-100 h-y-container h-column__content h-column__v-align flex-basis-100\">\n                <!---->\n              <\/div>\n            <\/div>\n          <\/div>\n        <\/div>\n      <\/div>\n      <div data-colibri-id=\"4320-c15\" class=\"h-row-container gutters-row-lg-2 gutters-row-md-2 gutters-row-0 gutters-row-v-lg-2 gutters-row-v-md-2 gutters-row-v-2 style-1920 style-local-4320-c15 position-relative\">\n        <!---->\n        <div class=\"h-row justify-content-lg-center justify-content-md-center justify-content-center align-items-lg-stretch align-items-md-stretch align-items-stretch gutters-col-lg-2 gutters-col-md-2 gutters-col-0 gutters-col-v-lg-2 gutters-col-v-md-2 gutters-col-v-2\">\n          <!---->\n          <div class=\"h-column h-column-container d-flex h-col-lg-auto h-col-md-auto h-col-auto style-1921-outer style-local-4320-c16-outer\">\n            <div data-colibri-id=\"4320-c16\" class=\"d-flex h-flex-basis h-column__inner h-ui-empty-state-container h-px-lg-2 h-px-md-2 h-px-2 v-inner-lg-2 v-inner-md-2 v-inner-2 style-1921 style-local-4320-c16 position-relative\">\n              <!---->\n              <!---->\n              <div class=\"w-100 h-y-container h-column__content h-column__v-align flex-basis-100\">\n                <!---->\n              <\/div>\n            <\/div>\n          <\/div>\n        <\/div>\n      <\/div>\n    <\/div>\n  <\/div>\n<\/div>","protected":false},"excerpt":{"rendered":"<p>Relatar desvio de conduta O Canal de Conduta deve ser utilizado para relatar poss\u00edveis desvios relacionados ao C\u00f3digo de Conduta Tropfruit. Defesa do Produto Fraude em Alimentos C\u00f3digo de Conduta Ambiental C\u00f3digo de Conduta<\/p>","protected":false},"author":1,"featured_media":0,"parent":0,"menu_order":0,"comment_status":"closed","ping_status":"closed","template":"page-templates\/full-width-page.php","meta":{"footnotes":""},"class_list":["post-4320","page","type-page","status-publish","hentry"],"yoast_head":"<!-- This site is optimized with the Yoast SEO plugin v27.3 - https:\/\/yoast.com\/product\/yoast-seo-wordpress\/ -->\n<title>Canal Seguro | O Melhor dos Tr\u00f3picos<\/title>\n<meta name=\"robots\" content=\"index, follow, max-snippet:-1, max-image-preview:large, max-video-preview:-1\" \/>\n<link rel=\"canonical\" href=\"https:\/\/www.tropfruit.com.br\/en\/contato-2\/\" \/>\n<meta property=\"og:locale\" content=\"en_US\" \/>\n<meta property=\"og:type\" content=\"article\" \/>\n<meta property=\"og:title\" content=\"Canal Seguro | O Melhor dos Tr\u00f3picos\" \/>\n<meta property=\"og:description\" content=\"Relatar desvio de conduta O Canal de Conduta deve ser utilizado para relatar poss\u00edveis desvios relacionados ao C\u00f3digo de Conduta Tropfruit. Defesa do Produto Fraude em Alimentos C\u00f3digo de Conduta Ambiental C\u00f3digo de Conduta\" \/>\n<meta property=\"og:url\" content=\"https:\/\/www.tropfruit.com.br\/en\/contato-2\/\" \/>\n<meta property=\"og:site_name\" content=\"O Melhor dos Tr\u00f3picos\" \/>\n<meta property=\"article:modified_time\" content=\"2025-06-27T20:14:05+00:00\" \/>\n<meta name=\"twitter:card\" content=\"summary_large_image\" \/>\n<meta name=\"twitter:label1\" content=\"Est. reading time\" \/>\n\t<meta name=\"twitter:data1\" content=\"1 minute\" \/>\n<script type=\"application\/ld+json\" class=\"yoast-schema-graph\">{\"@context\":\"https:\\\/\\\/schema.org\",\"@graph\":[{\"@type\":\"WebPage\",\"@id\":\"https:\\\/\\\/www.tropfruit.com.br\\\/contato-2\\\/\",\"url\":\"https:\\\/\\\/www.tropfruit.com.br\\\/contato-2\\\/\",\"name\":\"Canal Seguro | O Melhor dos Tr\u00f3picos\",\"isPartOf\":{\"@id\":\"https:\\\/\\\/www.tropfruit.com.br\\\/#website\"},\"datePublished\":\"2024-03-21T18:11:36+00:00\",\"dateModified\":\"2025-06-27T20:14:05+00:00\",\"breadcrumb\":{\"@id\":\"https:\\\/\\\/www.tropfruit.com.br\\\/contato-2\\\/#breadcrumb\"},\"inLanguage\":\"en-US\",\"potentialAction\":[{\"@type\":\"ReadAction\",\"target\":[\"https:\\\/\\\/www.tropfruit.com.br\\\/contato-2\\\/\"]}]},{\"@type\":\"BreadcrumbList\",\"@id\":\"https:\\\/\\\/www.tropfruit.com.br\\\/contato-2\\\/#breadcrumb\",\"itemListElement\":[{\"@type\":\"ListItem\",\"position\":1,\"name\":\"In\u00edcio\",\"item\":\"https:\\\/\\\/www.tropfruit.com.br\\\/\"},{\"@type\":\"ListItem\",\"position\":2,\"name\":\"Canal Seguro\"}]},{\"@type\":\"WebSite\",\"@id\":\"https:\\\/\\\/www.tropfruit.com.br\\\/#website\",\"url\":\"https:\\\/\\\/www.tropfruit.com.br\\\/\",\"name\":\"Tropfruit Nordeste\",\"description\":\"Tropfruit Nordeste S\\\/A\",\"publisher\":{\"@id\":\"https:\\\/\\\/www.tropfruit.com.br\\\/#organization\"},\"potentialAction\":[{\"@type\":\"SearchAction\",\"target\":{\"@type\":\"EntryPoint\",\"urlTemplate\":\"https:\\\/\\\/www.tropfruit.com.br\\\/?s={search_term_string}\"},\"query-input\":{\"@type\":\"PropertyValueSpecification\",\"valueRequired\":true,\"valueName\":\"search_term_string\"}}],\"inLanguage\":\"en-US\"},{\"@type\":\"Organization\",\"@id\":\"https:\\\/\\\/www.tropfruit.com.br\\\/#organization\",\"name\":\"Tropfruit Nordeste\",\"url\":\"https:\\\/\\\/www.tropfruit.com.br\\\/\",\"logo\":{\"@type\":\"ImageObject\",\"inLanguage\":\"en-US\",\"@id\":\"https:\\\/\\\/www.tropfruit.com.br\\\/#\\\/schema\\\/logo\\\/image\\\/\",\"url\":\"https:\\\/\\\/www.tropfruit.com.br\\\/wp-content\\\/uploads\\\/2020\\\/03\\\/text4529-2-8.png\",\"contentUrl\":\"https:\\\/\\\/www.tropfruit.com.br\\\/wp-content\\\/uploads\\\/2020\\\/03\\\/text4529-2-8.png\",\"width\":429,\"height\":169,\"caption\":\"Tropfruit Nordeste\"},\"image\":{\"@id\":\"https:\\\/\\\/www.tropfruit.com.br\\\/#\\\/schema\\\/logo\\\/image\\\/\"},\"sameAs\":[\"https:\\\/\\\/www.linkedin.com\\\/company\\\/tropfruit-nordeste-s-a\\\/\"]}]}<\/script>\n<!-- \/ Yoast SEO plugin. -->","yoast_head_json":{"title":"Canal Seguro | O Melhor dos Tr\u00f3picos","robots":{"index":"index","follow":"follow","max-snippet":"max-snippet:-1","max-image-preview":"max-image-preview:large","max-video-preview":"max-video-preview:-1"},"canonical":"https:\/\/www.tropfruit.com.br\/en\/contato-2\/","og_locale":"en_US","og_type":"article","og_title":"Canal Seguro | O Melhor dos Tr\u00f3picos","og_description":"Relatar desvio de conduta O Canal de Conduta deve ser utilizado para relatar poss\u00edveis desvios relacionados ao C\u00f3digo de Conduta Tropfruit. Defesa do Produto Fraude em Alimentos C\u00f3digo de Conduta Ambiental C\u00f3digo de Conduta","og_url":"https:\/\/www.tropfruit.com.br\/en\/contato-2\/","og_site_name":"O Melhor dos Tr\u00f3picos","article_modified_time":"2025-06-27T20:14:05+00:00","twitter_card":"summary_large_image","twitter_misc":{"Est. reading time":"1 minute"},"schema":{"@context":"https:\/\/schema.org","@graph":[{"@type":"WebPage","@id":"https:\/\/www.tropfruit.com.br\/contato-2\/","url":"https:\/\/www.tropfruit.com.br\/contato-2\/","name":"Canal Seguro | O Melhor dos Tr\u00f3picos","isPartOf":{"@id":"https:\/\/www.tropfruit.com.br\/#website"},"datePublished":"2024-03-21T18:11:36+00:00","dateModified":"2025-06-27T20:14:05+00:00","breadcrumb":{"@id":"https:\/\/www.tropfruit.com.br\/contato-2\/#breadcrumb"},"inLanguage":"en-US","potentialAction":[{"@type":"ReadAction","target":["https:\/\/www.tropfruit.com.br\/contato-2\/"]}]},{"@type":"BreadcrumbList","@id":"https:\/\/www.tropfruit.com.br\/contato-2\/#breadcrumb","itemListElement":[{"@type":"ListItem","position":1,"name":"In\u00edcio","item":"https:\/\/www.tropfruit.com.br\/"},{"@type":"ListItem","position":2,"name":"Canal Seguro"}]},{"@type":"WebSite","@id":"https:\/\/www.tropfruit.com.br\/#website","url":"https:\/\/www.tropfruit.com.br\/","name":"Tropfruit Nordeste","description":"Tropfruit Nordeste S\/A","publisher":{"@id":"https:\/\/www.tropfruit.com.br\/#organization"},"potentialAction":[{"@type":"SearchAction","target":{"@type":"EntryPoint","urlTemplate":"https:\/\/www.tropfruit.com.br\/?s={search_term_string}"},"query-input":{"@type":"PropertyValueSpecification","valueRequired":true,"valueName":"search_term_string"}}],"inLanguage":"en-US"},{"@type":"Organization","@id":"https:\/\/www.tropfruit.com.br\/#organization","name":"Tropfruit Nordeste","url":"https:\/\/www.tropfruit.com.br\/","logo":{"@type":"ImageObject","inLanguage":"en-US","@id":"https:\/\/www.tropfruit.com.br\/#\/schema\/logo\/image\/","url":"https:\/\/www.tropfruit.com.br\/wp-content\/uploads\/2020\/03\/text4529-2-8.png","contentUrl":"https:\/\/www.tropfruit.com.br\/wp-content\/uploads\/2020\/03\/text4529-2-8.png","width":429,"height":169,"caption":"Tropfruit Nordeste"},"image":{"@id":"https:\/\/www.tropfruit.com.br\/#\/schema\/logo\/image\/"},"sameAs":["https:\/\/www.linkedin.com\/company\/tropfruit-nordeste-s-a\/"]}]}},"jetpack_sharing_enabled":true,"_links":{"self":[{"href":"https:\/\/www.tropfruit.com.br\/en\/wp-json\/wp\/v2\/pages\/4320","targetHints":{"allow":["GET"]}}],"collection":[{"href":"https:\/\/www.tropfruit.com.br\/en\/wp-json\/wp\/v2\/pages"}],"about":[{"href":"https:\/\/www.tropfruit.com.br\/en\/wp-json\/wp\/v2\/types\/page"}],"author":[{"embeddable":true,"href":"https:\/\/www.tropfruit.com.br\/en\/wp-json\/wp\/v2\/users\/1"}],"replies":[{"embeddable":true,"href":"https:\/\/www.tropfruit.com.br\/en\/wp-json\/wp\/v2\/comments?post=4320"}],"version-history":[{"count":14,"href":"https:\/\/www.tropfruit.com.br\/en\/wp-json\/wp\/v2\/pages\/4320\/revisions"}],"predecessor-version":[{"id":4460,"href":"https:\/\/www.tropfruit.com.br\/en\/wp-json\/wp\/v2\/pages\/4320\/revisions\/4460"}],"wp:attachment":[{"href":"https:\/\/www.tropfruit.com.br\/en\/wp-json\/wp\/v2\/media?parent=4320"}],"curies":[{"name":"wp","href":"https:\/\/api.w.org\/{rel}","templated":true}]}}