{"id":4363,"date":"2024-03-30T08:43:17","date_gmt":"2024-03-30T11:43:17","guid":{"rendered":"https:\/\/www.tropfruit.com.br\/?page_id=4363"},"modified":"2026-04-02T14:19:27","modified_gmt":"2026-04-02T17:19:27","slug":"publicacoes","status":"publish","type":"page","link":"https:\/\/www.tropfruit.com.br\/en\/publicacoes\/","title":{"rendered":"Publica\u00e7\u00f5es"},"content":{"rendered":"<div data-colibri-id=\"4363-c1\" class=\"style-1928 style-local-4363-c1 position-relative\">\n  <!---->\n  <div data-colibri-component=\"section\" data-colibri-id=\"4363-c2\" id=\"initial-content\" class=\"h-section h-section-global-spacing d-flex align-items-lg-center align-items-md-center align-items-center style-1929 style-local-4363-c2 position-relative\">\n    <!---->\n    <!---->\n    <div class=\"h-section-grid-container h-section-boxed-container\">\n      <!---->\n      <div data-colibri-id=\"4363-c3\" class=\"h-row-container gutters-row-lg-2 gutters-row-md-2 gutters-row-0 gutters-row-v-lg-2 gutters-row-v-md-2 gutters-row-v-2 style-1930 style-local-4363-c3 position-relative\">\n        <!---->\n        <div class=\"h-row justify-content-lg-center justify-content-md-center justify-content-center align-items-lg-stretch align-items-md-stretch align-items-stretch gutters-col-lg-2 gutters-col-md-2 gutters-col-0 gutters-col-v-lg-2 gutters-col-v-md-2 gutters-col-v-2\">\n          <!---->\n          <div class=\"h-column h-column-container d-flex h-col-lg-auto h-col-md-auto h-col-auto style-1931-outer style-local-4363-c4-outer\">\n            <div data-colibri-id=\"4363-c4\" class=\"d-flex h-flex-basis h-column__inner h-px-lg-2 h-px-md-2 h-px-2 v-inner-lg-2 v-inner-md-2 v-inner-2 style-1931 style-local-4363-c4 position-relative\">\n              <!---->\n              <!---->\n              <div class=\"w-100 h-y-container h-column__content h-column__v-align flex-basis-100 align-self-lg-center align-self-md-center align-self-center\">\n                <!---->\n                <div data-colibri-id=\"4363-c5\" class=\"h-global-transition-all h-heading style-1940 style-local-4363-c5 position-relative h-element\">\n                  <!---->\n                  <div class=\"h-heading__outer style-1940 style-local-4363-c5\">\n                    <!---->\n                    <!---->\n                    <h5 class=\"\">RELAT\u00d3RIO DE TRANSPAR\u00caNCIA E IGUALDADE SALARIAL DE MULHERES E HOMENS<\/h5>\n                  <\/div>\n                <\/div>\n              <\/div>\n            <\/div>\n          <\/div>\n        <\/div>\n      <\/div>\n      <div data-colibri-id=\"4363-c6\" class=\"h-row-container gutters-row-lg-2 gutters-row-md-2 gutters-row-0 gutters-row-v-lg-2 gutters-row-v-md-2 gutters-row-v-2 style-1947 style-local-4363-c6 position-relative\">\n        <!---->\n        <div class=\"h-row justify-content-lg-center justify-content-md-center justify-content-center align-items-lg-stretch align-items-md-stretch align-items-stretch gutters-col-lg-2 gutters-col-md-2 gutters-col-0 gutters-col-v-lg-2 gutters-col-v-md-2 gutters-col-v-2\">\n          <!---->\n          <div class=\"h-column h-column-container d-flex h-col-lg-auto h-col-md-auto h-col-auto style-1948-outer style-local-4363-c7-outer\">\n            <div data-colibri-id=\"4363-c7\" class=\"d-flex h-flex-basis h-column__inner h-px-lg-2 h-px-md-2 h-px-2 v-inner-lg-2 v-inner-md-2 v-inner-2 style-1948 style-local-4363-c7 position-relative\">\n              <!---->\n              <!---->\n              <div class=\"w-100 h-y-container h-column__content h-column__v-align flex-basis-100 align-self-lg-start align-self-md-start align-self-start\">\n                <!---->\n                <div data-colibri-id=\"4363-c8\" class=\"h-x-container style-1945 style-local-4363-c8 position-relative h-element\">\n                  <!---->\n                  <div class=\"h-x-container-inner style-dynamic-4363-c8-group style-1945-spacing style-local-4363-c8-spacing\"><span class=\"h-link__outer style-1946-outer style-local-4363-c9-outer d-inline-flex h-element\"><a h-use-smooth-scroll=\"true\" href=\"https:\/\/www.tropfruit.com.br\/wp-content\/uploads\/2024\/04\/Relatorio-de-Transparencia-Salarial.pdf\"  data-colibri-id=\"4363-c9\" class=\"d-flex w-100 align-items-center h-link style-1946 style-local-4363-c9 position-relative\"><!----><!----> <span>1\u00ba Semestre de 2024<\/span><\/a>\n                    <\/span>\n                  <\/div>\n                <\/div>\n              <\/div>\n            <\/div>\n          <\/div>\n          <div class=\"h-column h-column-container d-flex h-col-lg-auto h-col-md-auto h-col-auto style-1953-outer style-local-4363-c10-outer\">\n            <div data-colibri-id=\"4363-c10\" class=\"d-flex h-flex-basis h-column__inner h-px-lg-2 h-px-md-2 h-px-2 v-inner-lg-2 v-inner-md-2 v-inner-2 style-1953 style-local-4363-c10 position-relative\">\n              <!---->\n              <!---->\n              <div class=\"w-100 h-y-container h-column__content h-column__v-align flex-basis-100 align-self-lg-start align-self-md-start align-self-start\">\n                <!---->\n                <div data-colibri-id=\"4363-c11\" class=\"h-x-container style-1954 style-local-4363-c11 position-relative h-element\">\n                  <!---->\n                  <div class=\"h-x-container-inner style-dynamic-4363-c11-group style-1954-spacing style-local-4363-c11-spacing\"><span class=\"h-link__outer style-1955-outer style-local-4363-c12-outer d-inline-flex h-element\"><a h-use-smooth-scroll=\"true\" href=\"https:\/\/www.tropfruit.com.br\/wp-content\/uploads\/2025\/09\/RelatorioIgualdadeSalarialLote_2024_2_16460081000142.pdf\"  data-colibri-id=\"4363-c12\" class=\"d-flex w-100 align-items-center h-link style-1955 style-local-4363-c12 position-relative\"><!----><!----> <span>2\u00ba Semestre de 2024<\/span><\/a>\n                    <\/span>\n                  <\/div>\n                <\/div>\n              <\/div>\n            <\/div>\n          <\/div>\n          <div class=\"h-column h-column-container d-flex h-col-lg-auto h-col-md-auto h-col-auto style-1956-outer style-local-4363-c13-outer\">\n            <div data-colibri-id=\"4363-c13\" class=\"d-flex h-flex-basis h-column__inner h-px-lg-2 h-px-md-2 h-px-2 v-inner-lg-2 v-inner-md-2 v-inner-2 style-1956 style-local-4363-c13 position-relative\">\n              <!---->\n              <!---->\n              <div class=\"w-100 h-y-container h-column__content h-column__v-align flex-basis-100 align-self-lg-start align-self-md-start align-self-start\">\n                <!---->\n                <div data-colibri-id=\"4363-c14\" class=\"h-x-container style-1957 style-local-4363-c14 position-relative h-element\">\n                  <!---->\n                  <div class=\"h-x-container-inner style-dynamic-4363-c14-group style-1957-spacing style-local-4363-c14-spacing\"><span class=\"h-link__outer style-1958-outer style-local-4363-c15-outer d-inline-flex h-element\"><a h-use-smooth-scroll=\"true\" href=\"https:\/\/www.tropfruit.com.br\/wp-content\/uploads\/2025\/09\/RelatorioIgualdadeSalarialLote_2025_1_16460081000142.pdf\"  data-colibri-id=\"4363-c15\" class=\"d-flex w-100 align-items-center h-link style-1958 style-local-4363-c15 position-relative\"><!----><!----> <span>1\u00ba Semestre de 2025 <\/span><\/a>\n                    <\/span>\n                  <\/div>\n                <\/div>\n              <\/div>\n            <\/div>\n          <\/div>\n          <div class=\"h-column h-column-container d-flex h-col-lg-auto h-col-md-auto h-col-auto style-1959-outer style-local-4363-c16-outer\">\n            <div data-colibri-id=\"4363-c16\" class=\"d-flex h-flex-basis h-column__inner h-px-lg-2 h-px-md-2 h-px-2 v-inner-lg-2 v-inner-md-2 v-inner-2 style-1959 style-local-4363-c16 position-relative\">\n              <!---->\n              <!---->\n              <div class=\"w-100 h-y-container h-column__content h-column__v-align flex-basis-100 align-self-lg-start align-self-md-start align-self-start\">\n                <!---->\n                <div data-colibri-id=\"4363-c17\" class=\"h-x-container style-1960 style-local-4363-c17 position-relative h-element\">\n                  <!---->\n                  <div class=\"h-x-container-inner style-dynamic-4363-c17-group style-1960-spacing style-local-4363-c17-spacing\"><span class=\"h-link__outer style-1961-outer style-local-4363-c18-outer d-inline-flex h-element\"><a h-use-smooth-scroll=\"true\" href=\"https:\/\/www.tropfruit.com.br\/wp-content\/uploads\/2025\/09\/RelatorioIgualdadeSalarialLote_2025_2_16460081000142.pdf\"  data-colibri-id=\"4363-c18\" class=\"d-flex w-100 align-items-center h-link style-1961 style-local-4363-c18 position-relative\"><!----><!----> <span>2\u00ba Semestre de 2025<\/span><\/a>\n                    <\/span>\n                  <\/div>\n                <\/div>\n              <\/div>\n            <\/div>\n          <\/div>\n          <div class=\"h-column h-column-container d-flex h-col-lg-auto h-col-md-auto h-col-auto style-1962-outer style-local-4363-c19-outer\">\n            <div data-colibri-id=\"4363-c19\" class=\"d-flex h-flex-basis h-column__inner h-px-lg-2 h-px-md-2 h-px-2 v-inner-lg-2 v-inner-md-2 v-inner-2 style-1962 style-local-4363-c19 position-relative\">\n              <!---->\n              <!---->\n              <div class=\"w-100 h-y-container h-column__content h-column__v-align flex-basis-100 align-self-lg-start align-self-md-start align-self-start\">\n                <!---->\n                <div data-colibri-id=\"4363-c21\" class=\"h-x-container style-1964 style-local-4363-c21 position-relative h-element\">\n                  <!---->\n                  <div class=\"h-x-container-inner style-dynamic-4363-c21-group style-1964-spacing style-local-4363-c21-spacing\"><span class=\"h-link__outer style-1965-outer style-local-4363-c22-outer d-inline-flex h-element\"><a h-use-smooth-scroll=\"true\" href=\"https:\/\/www.tropfruit.com.br\/wp-content\/uploads\/2026\/04\/RelatorioIgualdadeSalarialLote_2026.pdf\"  data-colibri-id=\"4363-c22\" class=\"d-flex w-100 align-items-center h-link style-1965 style-local-4363-c22 position-relative\"><!----><!----> <span>1\u00ba Semestre de 2026<\/span><\/a>\n                    <\/span>\n                  <\/div>\n                <\/div>\n              <\/div>\n            <\/div>\n          <\/div>\n        <\/div>\n      <\/div>\n    <\/div>\n  <\/div>\n<\/div>","protected":false},"excerpt":{"rendered":"<p>RELAT\u00d3RIO DE TRANSPAR\u00caNCIA E IGUALDADE SALARIAL DE MULHERES E HOMENS 1\u00ba Semestre de 2024 2\u00ba Semestre de 2024 1\u00ba Semestre de 2025 2\u00ba Semestre de 2025 1\u00ba Semestre de 2026<\/p>","protected":false},"author":1,"featured_media":0,"parent":0,"menu_order":0,"comment_status":"closed","ping_status":"closed","template":"page-templates\/homepage.php","meta":{"footnotes":""},"class_list":["post-4363","page","type-page","status-publish","hentry"],"yoast_head":"<!-- This site is optimized with the Yoast SEO plugin v27.3 - https:\/\/yoast.com\/product\/yoast-seo-wordpress\/ -->\n<title>Publica\u00e7\u00f5es | O Melhor dos Tr\u00f3picos<\/title>\n<meta name=\"robots\" content=\"index, follow, max-snippet:-1, max-image-preview:large, max-video-preview:-1\" \/>\n<link rel=\"canonical\" href=\"https:\/\/www.tropfruit.com.br\/en\/publicacoes\/\" \/>\n<meta property=\"og:locale\" content=\"en_US\" \/>\n<meta property=\"og:type\" content=\"article\" \/>\n<meta property=\"og:title\" content=\"Publica\u00e7\u00f5es | O Melhor dos Tr\u00f3picos\" \/>\n<meta property=\"og:description\" content=\"RELAT\u00d3RIO DE TRANSPAR\u00caNCIA E IGUALDADE SALARIAL DE MULHERES E HOMENS 1\u00ba Semestre de 2024 2\u00ba Semestre de 2024 1\u00ba Semestre de 2025 2\u00ba Semestre de 2025 1\u00ba Semestre de 2026\" \/>\n<meta property=\"og:url\" content=\"https:\/\/www.tropfruit.com.br\/en\/publicacoes\/\" \/>\n<meta property=\"og:site_name\" content=\"O Melhor dos Tr\u00f3picos\" \/>\n<meta property=\"article:modified_time\" content=\"2026-04-02T17:19:27+00:00\" \/>\n<meta name=\"twitter:card\" content=\"summary_large_image\" \/>\n<meta name=\"twitter:label1\" content=\"Est. reading time\" \/>\n\t<meta name=\"twitter:data1\" content=\"1 minute\" \/>\n<script type=\"application\/ld+json\" class=\"yoast-schema-graph\">{\"@context\":\"https:\\\/\\\/schema.org\",\"@graph\":[{\"@type\":\"WebPage\",\"@id\":\"https:\\\/\\\/www.tropfruit.com.br\\\/publicacoes\\\/\",\"url\":\"https:\\\/\\\/www.tropfruit.com.br\\\/publicacoes\\\/\",\"name\":\"Publica\u00e7\u00f5es | O Melhor dos Tr\u00f3picos\",\"isPartOf\":{\"@id\":\"https:\\\/\\\/www.tropfruit.com.br\\\/#website\"},\"datePublished\":\"2024-03-30T11:43:17+00:00\",\"dateModified\":\"2026-04-02T17:19:27+00:00\",\"breadcrumb\":{\"@id\":\"https:\\\/\\\/www.tropfruit.com.br\\\/publicacoes\\\/#breadcrumb\"},\"inLanguage\":\"en-US\",\"potentialAction\":[{\"@type\":\"ReadAction\",\"target\":[\"https:\\\/\\\/www.tropfruit.com.br\\\/publicacoes\\\/\"]}]},{\"@type\":\"BreadcrumbList\",\"@id\":\"https:\\\/\\\/www.tropfruit.com.br\\\/publicacoes\\\/#breadcrumb\",\"itemListElement\":[{\"@type\":\"ListItem\",\"position\":1,\"name\":\"In\u00edcio\",\"item\":\"https:\\\/\\\/www.tropfruit.com.br\\\/\"},{\"@type\":\"ListItem\",\"position\":2,\"name\":\"Publica\u00e7\u00f5es\"}]},{\"@type\":\"WebSite\",\"@id\":\"https:\\\/\\\/www.tropfruit.com.br\\\/#website\",\"url\":\"https:\\\/\\\/www.tropfruit.com.br\\\/\",\"name\":\"Tropfruit Nordeste\",\"description\":\"Tropfruit Nordeste S\\\/A\",\"publisher\":{\"@id\":\"https:\\\/\\\/www.tropfruit.com.br\\\/#organization\"},\"potentialAction\":[{\"@type\":\"SearchAction\",\"target\":{\"@type\":\"EntryPoint\",\"urlTemplate\":\"https:\\\/\\\/www.tropfruit.com.br\\\/?s={search_term_string}\"},\"query-input\":{\"@type\":\"PropertyValueSpecification\",\"valueRequired\":true,\"valueName\":\"search_term_string\"}}],\"inLanguage\":\"en-US\"},{\"@type\":\"Organization\",\"@id\":\"https:\\\/\\\/www.tropfruit.com.br\\\/#organization\",\"name\":\"Tropfruit Nordeste\",\"url\":\"https:\\\/\\\/www.tropfruit.com.br\\\/\",\"logo\":{\"@type\":\"ImageObject\",\"inLanguage\":\"en-US\",\"@id\":\"https:\\\/\\\/www.tropfruit.com.br\\\/#\\\/schema\\\/logo\\\/image\\\/\",\"url\":\"https:\\\/\\\/www.tropfruit.com.br\\\/wp-content\\\/uploads\\\/2020\\\/03\\\/text4529-2-8.png\",\"contentUrl\":\"https:\\\/\\\/www.tropfruit.com.br\\\/wp-content\\\/uploads\\\/2020\\\/03\\\/text4529-2-8.png\",\"width\":429,\"height\":169,\"caption\":\"Tropfruit Nordeste\"},\"image\":{\"@id\":\"https:\\\/\\\/www.tropfruit.com.br\\\/#\\\/schema\\\/logo\\\/image\\\/\"},\"sameAs\":[\"https:\\\/\\\/www.linkedin.com\\\/company\\\/tropfruit-nordeste-s-a\\\/\"]}]}<\/script>\n<!-- \/ Yoast SEO plugin. -->","yoast_head_json":{"title":"Publica\u00e7\u00f5es | O Melhor dos Tr\u00f3picos","robots":{"index":"index","follow":"follow","max-snippet":"max-snippet:-1","max-image-preview":"max-image-preview:large","max-video-preview":"max-video-preview:-1"},"canonical":"https:\/\/www.tropfruit.com.br\/en\/publicacoes\/","og_locale":"en_US","og_type":"article","og_title":"Publica\u00e7\u00f5es | O Melhor dos Tr\u00f3picos","og_description":"RELAT\u00d3RIO DE TRANSPAR\u00caNCIA E IGUALDADE SALARIAL DE MULHERES E HOMENS 1\u00ba Semestre de 2024 2\u00ba Semestre de 2024 1\u00ba Semestre de 2025 2\u00ba Semestre de 2025 1\u00ba Semestre de 2026","og_url":"https:\/\/www.tropfruit.com.br\/en\/publicacoes\/","og_site_name":"O Melhor dos Tr\u00f3picos","article_modified_time":"2026-04-02T17:19:27+00:00","twitter_card":"summary_large_image","twitter_misc":{"Est. reading time":"1 minute"},"schema":{"@context":"https:\/\/schema.org","@graph":[{"@type":"WebPage","@id":"https:\/\/www.tropfruit.com.br\/publicacoes\/","url":"https:\/\/www.tropfruit.com.br\/publicacoes\/","name":"Publica\u00e7\u00f5es | O Melhor dos Tr\u00f3picos","isPartOf":{"@id":"https:\/\/www.tropfruit.com.br\/#website"},"datePublished":"2024-03-30T11:43:17+00:00","dateModified":"2026-04-02T17:19:27+00:00","breadcrumb":{"@id":"https:\/\/www.tropfruit.com.br\/publicacoes\/#breadcrumb"},"inLanguage":"en-US","potentialAction":[{"@type":"ReadAction","target":["https:\/\/www.tropfruit.com.br\/publicacoes\/"]}]},{"@type":"BreadcrumbList","@id":"https:\/\/www.tropfruit.com.br\/publicacoes\/#breadcrumb","itemListElement":[{"@type":"ListItem","position":1,"name":"In\u00edcio","item":"https:\/\/www.tropfruit.com.br\/"},{"@type":"ListItem","position":2,"name":"Publica\u00e7\u00f5es"}]},{"@type":"WebSite","@id":"https:\/\/www.tropfruit.com.br\/#website","url":"https:\/\/www.tropfruit.com.br\/","name":"Tropfruit Nordeste","description":"Tropfruit Nordeste S\/A","publisher":{"@id":"https:\/\/www.tropfruit.com.br\/#organization"},"potentialAction":[{"@type":"SearchAction","target":{"@type":"EntryPoint","urlTemplate":"https:\/\/www.tropfruit.com.br\/?s={search_term_string}"},"query-input":{"@type":"PropertyValueSpecification","valueRequired":true,"valueName":"search_term_string"}}],"inLanguage":"en-US"},{"@type":"Organization","@id":"https:\/\/www.tropfruit.com.br\/#organization","name":"Tropfruit Nordeste","url":"https:\/\/www.tropfruit.com.br\/","logo":{"@type":"ImageObject","inLanguage":"en-US","@id":"https:\/\/www.tropfruit.com.br\/#\/schema\/logo\/image\/","url":"https:\/\/www.tropfruit.com.br\/wp-content\/uploads\/2020\/03\/text4529-2-8.png","contentUrl":"https:\/\/www.tropfruit.com.br\/wp-content\/uploads\/2020\/03\/text4529-2-8.png","width":429,"height":169,"caption":"Tropfruit Nordeste"},"image":{"@id":"https:\/\/www.tropfruit.com.br\/#\/schema\/logo\/image\/"},"sameAs":["https:\/\/www.linkedin.com\/company\/tropfruit-nordeste-s-a\/"]}]}},"jetpack_sharing_enabled":true,"_links":{"self":[{"href":"https:\/\/www.tropfruit.com.br\/en\/wp-json\/wp\/v2\/pages\/4363","targetHints":{"allow":["GET"]}}],"collection":[{"href":"https:\/\/www.tropfruit.com.br\/en\/wp-json\/wp\/v2\/pages"}],"about":[{"href":"https:\/\/www.tropfruit.com.br\/en\/wp-json\/wp\/v2\/types\/page"}],"author":[{"embeddable":true,"href":"https:\/\/www.tropfruit.com.br\/en\/wp-json\/wp\/v2\/users\/1"}],"replies":[{"embeddable":true,"href":"https:\/\/www.tropfruit.com.br\/en\/wp-json\/wp\/v2\/comments?post=4363"}],"version-history":[{"count":10,"href":"https:\/\/www.tropfruit.com.br\/en\/wp-json\/wp\/v2\/pages\/4363\/revisions"}],"predecessor-version":[{"id":4579,"href":"https:\/\/www.tropfruit.com.br\/en\/wp-json\/wp\/v2\/pages\/4363\/revisions\/4579"}],"wp:attachment":[{"href":"https:\/\/www.tropfruit.com.br\/en\/wp-json\/wp\/v2\/media?parent=4363"}],"curies":[{"name":"wp","href":"https:\/\/api.w.org\/{rel}","templated":true}]}}