{"id":648,"date":"2020-02-03T16:27:51","date_gmt":"2020-02-03T19:27:51","guid":{"rendered":"https:\/\/novo.tropfruit.com.br\/tropfruit\/?page_id=648"},"modified":"2026-04-27T10:24:40","modified_gmt":"2026-04-27T13:24:40","slug":"certificacoes","status":"publish","type":"page","link":"https:\/\/www.tropfruit.com.br\/en\/certificacoes\/","title":{"rendered":"Certifications"},"content":{"rendered":"<div data-colibri-id=\"648-c1\" class=\"style-465 style-local-648-c1 position-relative\">\n  <!---->\n  <div data-colibri-component=\"section\" data-colibri-id=\"648-c2\" id=\"team\" class=\"h-section h-section-global-spacing d-flex align-items-lg-center align-items-md-center align-items-center style-518 style-local-648-c2 position-relative\">\n    <!---->\n    <!---->\n    <div class=\"h-section-grid-container h-section-boxed-container\">\n      <div data-colibri-id=\"648-c22\" class=\"h-row-container gutters-row-lg-2 gutters-row-md-2 gutters-row-0 gutters-row-v-lg-2 gutters-row-v-md-2 gutters-row-v-2 style-532 style-local-648-c22 position-relative\">\n        <!---->\n        <div class=\"h-row justify-content-lg-center justify-content-md-center justify-content-center align-items-lg-stretch align-items-md-stretch align-items-stretch gutters-col-lg-2 gutters-col-md-2 gutters-col-0 gutters-col-v-lg-2 gutters-col-v-md-2 gutters-col-v-2\">\n          <!---->\n          <div class=\"h-column h-column-container d-flex h-col-lg-auto h-col-md-auto h-col-auto style-533-outer style-local-648-c23-outer\">\n            <div data-colibri-id=\"648-c23\" class=\"d-flex h-flex-basis h-column__inner h-px-lg-2 h-px-md-2 h-px-2 v-inner-lg-2 v-inner-md-2 v-inner-2 style-533 style-local-648-c23 position-relative\">\n              <!---->\n              <!---->\n              <div class=\"w-100 h-y-container h-column__content h-column__v-align flex-basis-100 align-self-lg-start align-self-md-start align-self-start\">\n                <!---->\n                <div data-colibri-id=\"648-c24\" class=\"h-global-transition-all h-heading style-534 style-local-648-c24 position-relative h-element\">\n                  <!---->\n                  <div class=\"h-heading__outer style-534 style-local-648-c24\">\n                    <!---->\n                    <!---->\n                    <h2 class=\"\">Quality policy, culture and food safety<\/h2>\n                  <\/div>\n                <\/div>\n                <div data-colibri-id=\"648-c25\" class=\"h-lead h-text h-text-component style-535 style-local-648-c25 position-relative h-element\">\n                  <!---->\n                  <!---->\n                  <div class=\"\">\n                    <p>To produce fruit pulps, fruit juices, essential oils, and by-products at Tropfruit Nordeste S\/A with authenticity, quality, and food safety in compliance with legal and customer requirements, valuing customer satisfaction, ensuring the competence of our employees, guaranteeing communication throughout the production chain, and continuously improving the Food Safety Management System and food safety culture.\n                      <br>\n                    <\/p>\n                  <\/div>\n                <\/div>\n              <\/div>\n            <\/div>\n          <\/div>\n        <\/div>\n      <\/div>\n      <div data-colibri-id=\"648-c3\" class=\"h-row-container gutters-row-lg-2 gutters-row-md-2 gutters-row-0 gutters-row-v-lg-2 gutters-row-v-md-2 gutters-row-v-2 style-519 style-local-648-c3 position-relative\">\n        <!---->\n        <div class=\"h-row justify-content-lg-start justify-content-md-start justify-content-start align-items-lg-stretch align-items-md-stretch align-items-stretch gutters-col-lg-2 gutters-col-md-2 gutters-col-0 gutters-col-v-lg-2 gutters-col-v-md-2 gutters-col-v-2\">\n          <!---->\n          <div class=\"h-column h-column-container d-flex h-col-lg-3 h-col-md-6 h-col-12 style-520-outer style-local-648-c4-outer\">\n            <div data-colibri-id=\"648-c4\" class=\"d-flex h-flex-basis h-column__inner h-px-lg-0 h-px-md-0 h-px-0 v-inner-lg-0 v-inner-md-0 v-inner-0 style-520 style-local-648-c4 position-relative\">\n              <!---->\n              <!---->\n              <div class=\"w-100 h-y-container h-column__content h-column__v-align flex-basis-100 align-self-lg-start align-self-md-start align-self-start\">\n                <!---->\n                <div data-colibri-id=\"648-c5\" class=\"d-block style-521 style-local-648-c5 position-relative h-element\">\n                  <!---->\n                  <div class=\"h-image__frame-container-outer\">\n                    <div class=\"h-image__frame-container\">\n                      <!---->\n                      <!---->\n                      <img loading=\"lazy\" decoding=\"async\" width=\"139\" height=\"123\" src=\"https:\/\/www.tropfruit.com.br\/wp-content\/uploads\/2021\/06\/image.png\" class=\"wp-image-4270 style-521-image style-local-648-c5-image\" alt=\"\" srcset=\"https:\/\/www.tropfruit.com.br\/wp-content\/uploads\/2021\/06\/image.png 139w, https:\/\/www.tropfruit.com.br\/wp-content\/uploads\/2021\/06\/image-14x12.png 14w\" sizes=\"auto, (max-width: 139px) 100vw, 139px\" \/>\n                      <div class=\"h-image__frame h-hide-lg h-hide-md h-hide-sm style-521-frameImage style-local-648-c5-frameImage\"><\/div>\n                    <\/div>\n                  <\/div>\n                <\/div>\n                <div data-colibri-id=\"648-c6\" class=\"h-global-transition-all h-heading style-522 style-local-648-c6 position-relative h-element\">\n                  <!---->\n                  <div class=\"h-heading__outer style-522 style-local-648-c6\">\n                    <!---->\n                    <!---->\n                    <h4 class=\"\">Kosher<\/h4>\n                  <\/div>\n                <\/div>\n                <div data-colibri-id=\"648-c7\" class=\"h-text h-text-component style-910 style-local-648-c7 position-relative h-element\">\n                  <!---->\n                  <!---->\n                  <div class=\"\">\n                    <p>BKA (Beit Kosher Wholesaler) is a company that supplies kosher-certified food to the Jewish community in Brazil and around the world, focusing on ensuring compliance with kashrut (Jewish dietary laws) in an increasingly industrialized market.<\/p>\n                  <\/div>\n                <\/div>\n                <div data-colibri-id=\"648-c8\" class=\"d-block style-1877 style-local-648-c8 position-relative h-element\">\n                  <!---->\n                  <div class=\"h-image__frame-container-outer\">\n                    <div class=\"h-image__frame-container\">\n                      <!---->\n                      <!---->\n                      <img loading=\"lazy\" decoding=\"async\" width=\"119\" height=\"119\" src=\"https:\/\/www.tropfruit.com.br\/wp-content\/uploads\/2020\/08\/cropped-fssccorrigido.png\" class=\"wp-image-2384 style-1877-image style-local-648-c8-image\" alt=\"\" \/>\n                      <div class=\"h-image__frame h-hide-lg h-hide-md h-hide-sm style-1877-frameImage style-local-648-c8-frameImage\"><\/div>\n                    <\/div>\n                  <\/div>\n                <\/div>\n                <div data-colibri-id=\"648-c9\" class=\"h-text h-text-component style-1878 style-local-648-c9 position-relative h-element\">\n                  <!---->\n                  <!---->\n                  <div class=\"\">\n                    <p><span style=\"color: rgb(84, 93, 126); font-family: &quot;Google Sans&quot;, Roboto, Arial, sans-serif; font-size: 16px; font-weight: 400;\">FSSC 22000 was created with the aim of being a more robust, technical and auditable system than ISO 22000.&nbsp;<\/span><\/p>\n                    <p>FSSC 22000 is a certification scheme in food safety management systems, recognized by GFSI.<\/p>\n                  <\/div>\n                <\/div>\n              <\/div>\n            <\/div>\n          <\/div>\n          <div class=\"h-column h-column-container d-flex h-col-lg-3 h-col-md-6 h-col-12 style-520-outer style-local-648-c10-outer\">\n            <div data-colibri-id=\"648-c10\" class=\"d-flex h-flex-basis h-column__inner h-px-lg-0 h-px-md-0 h-px-0 v-inner-lg-0 v-inner-md-0 v-inner-0 style-520 style-local-648-c10 position-relative\">\n              <!---->\n              <!---->\n              <div class=\"w-100 h-y-container h-column__content h-column__v-align flex-basis-100 align-self-lg-start align-self-md-start align-self-start\">\n                <!---->\n                <div data-colibri-id=\"648-c11\" class=\"d-block style-528 style-local-648-c11 position-relative h-element\">\n                  <!---->\n                  <div class=\"h-image__frame-container-outer\">\n                    <div class=\"h-image__frame-container\">\n                      <!---->\n                      <!---->\n                      <img loading=\"lazy\" decoding=\"async\" width=\"133\" height=\"122\" src=\"https:\/\/novo.tropfruit.com.br\/tropfruit\/wp-content\/uploads\/2020\/03\/irma2.png\" class=\"wp-image-1177 style-528-image style-local-648-c11-image\" alt=\"\" \/>\n                      <div class=\"h-image__frame h-hide-lg h-hide-md h-hide-sm style-528-frameImage style-local-648-c11-frameImage\"><\/div>\n                    <\/div>\n                  <\/div>\n                <\/div>\n                <div data-colibri-id=\"648-c12\" class=\"h-global-transition-all h-heading style-522 style-local-648-c12 position-relative h-element\">\n                  <!---->\n                  <div class=\"h-heading__outer style-522 style-local-648-c12\">\n                    <!---->\n                    <!---->\n                    <h4 class=\"\">SGF&nbsp;<\/h4>\n                  <\/div>\n                <\/div>\n                <div data-colibri-id=\"648-c13\" class=\"h-text h-text-component style-524 style-local-648-c13 position-relative h-element\">\n                  <!---->\n                  <!---->\n                  <div class=\"\">\n                    <p><span style=\"font-size: 16px; font-family: &quot;Open Sans&quot;; color: rgb(70, 112, 128); font-weight: 400;\">SGF (Safe Global Fair) is a German organization that implements a quality control and certification system for the juice and fruit industry. One of the pillars of the voluntary control system is the International Raw Material Assurance (IRMA). This certification guarantees the quality and authenticity of products around the world.<\/span><\/p>\n                  <\/div>\n                <\/div>\n              <\/div>\n            <\/div>\n          <\/div>\n          <div class=\"h-column h-column-container d-flex h-col-lg-3 h-col-md-6 h-col-12 style-520-outer style-local-648-c14-outer\">\n            <div data-colibri-id=\"648-c14\" class=\"d-flex h-flex-basis h-column__inner h-px-lg-0 h-px-md-0 h-px-0 v-inner-lg-0 v-inner-md-0 v-inner-0 style-520 style-local-648-c14 position-relative\">\n              <!---->\n              <!---->\n              <div class=\"w-100 h-y-container h-column__content h-column__v-align flex-basis-100 align-self-lg-start align-self-md-start align-self-start\">\n                <!---->\n                <div data-colibri-id=\"648-c15\" class=\"d-block style-530 style-local-648-c15 position-relative h-element\">\n                  <!---->\n                  <div class=\"h-image__frame-container-outer\">\n                    <div class=\"h-image__frame-container\">\n                      <!---->\n                      <!---->\n                      <img loading=\"lazy\" decoding=\"async\" width=\"134\" height=\"121\" src=\"https:\/\/novo.tropfruit.com.br\/tropfruit\/wp-content\/uploads\/2020\/03\/fda.png\" class=\"wp-image-1168 style-530-image style-local-648-c15-image\" alt=\"\" \/>\n                      <div class=\"h-image__frame h-hide-lg h-hide-md h-hide-sm style-530-frameImage style-local-648-c15-frameImage\"><\/div>\n                    <\/div>\n                  <\/div>\n                <\/div>\n                <div data-colibri-id=\"648-c16\" class=\"h-global-transition-all h-heading style-522 style-local-648-c16 position-relative h-element\">\n                  <!---->\n                  <div class=\"h-heading__outer style-522 style-local-648-c16\">\n                    <!---->\n                    <!---->\n                    <h4 class=\"\">FDA,<\/h4>\n                  <\/div>\n                <\/div>\n                <div data-colibri-id=\"648-c17\" class=\"h-text h-text-component style-524 style-local-648-c17 position-relative h-element\">\n                  <!---->\n                  <!---->\n                  <div class=\"\">\n                    <p><span style=\"color: rgb(70, 112, 128); font-family: &quot;Open Sans&quot;; font-size: 16px; font-weight: 400;\">The FDA's objective is to have control over food, which can be for humans and animals, dietary supplements, cosmetics, medical devices and biological materials.<\/span><\/p>\n                    <p>\n                      <br>\n                    <\/p>\n                  <\/div>\n                <\/div>\n              <\/div>\n            <\/div>\n          <\/div>\n          <div class=\"h-column h-column-container d-flex h-col-lg-3 h-col-md-6 h-col-12 style-1096-outer style-local-648-c18-outer\">\n            <div data-colibri-id=\"648-c18\" class=\"d-flex h-flex-basis h-column__inner h-px-lg-0 h-px-md-0 h-px-0 v-inner-lg-0 v-inner-md-0 v-inner-0 style-1096 style-local-648-c18 position-relative\">\n              <!---->\n              <!---->\n              <div class=\"w-100 h-y-container h-column__content h-column__v-align flex-basis-100 align-self-lg-start align-self-md-start align-self-start\">\n                <!---->\n                <div data-colibri-id=\"648-c19\" class=\"d-block style-1099 style-local-648-c19 position-relative h-element\">\n                  <!---->\n                  <div class=\"h-image__frame-container-outer\">\n                    <div class=\"h-image__frame-container\">\n                      <!---->\n                      <!---->\n                      <img loading=\"lazy\" decoding=\"async\" width=\"133\" height=\"121\" src=\"https:\/\/www.tropfruit.com.br\/wp-content\/uploads\/2020\/08\/halal.png\" class=\"wp-image-2383 style-1099-image style-local-648-c19-image\" alt=\"\" \/>\n                      <div class=\"h-image__frame h-hide-lg h-hide-md h-hide-sm style-1099-frameImage style-local-648-c19-frameImage\"><\/div>\n                    <\/div>\n                  <\/div>\n                <\/div>\n                <div data-colibri-id=\"648-c20\" class=\"h-global-transition-all h-heading style-1101 style-local-648-c20 position-relative h-element\">\n                  <!---->\n                  <div class=\"h-heading__outer style-1101 style-local-648-c20\">\n                    <!---->\n                    <!---->\n                    <h4 class=\"\">FAMBRAS HALAL<\/h4>\n                  <\/div>\n                <\/div>\n                <div data-colibri-id=\"648-c21\" class=\"h-text h-text-component style-1100 style-local-648-c21 position-relative h-element\">\n                  <!---->\n                  <!---->\n                  <div class=\"\">\n                    <p><span style=\"font-weight: 400; font-size: 16px; font-family: &quot;Open Sans&quot;; color: rgb(70, 112, 128);\">FAMBRAS HALAL Certifica\u00e7\u00e3o LTDA, is a company that acts as a Halal Certification Body for products in Brazil, being the largest certifier of Halal products and services in Latin America.<\/span><\/p>\n                  <\/div>\n                <\/div>\n              <\/div>\n            <\/div>\n          <\/div>\n        <\/div>\n      <\/div>\n    <\/div>\n  <\/div>\n<\/div>","protected":false},"excerpt":{"rendered":"<p>Pol\u00edtica de qualidade, cultura e seguran\u00e7a de alimentos Produzir na Tropfruit Nordeste S\/A polpas, sucos de frutas, \u00f3leos essenciais e subprodutos com autenticidade, qualidade e seguran\u00e7a de alimentos em atendimento a requisitos legais e de clientes, valorizando a satisfa\u00e7\u00e3o de nossos clientes, assegurando as compet\u00eancias de nossos colaboradores, garantindo a comunica\u00e7\u00e3o em toda cadeia produtiva [&hellip;]<\/p>\n","protected":false},"author":1,"featured_media":0,"parent":0,"menu_order":0,"comment_status":"closed","ping_status":"closed","template":"page-templates\/full-width-page.php","meta":{"footnotes":""},"class_list":["post-648","page","type-page","status-publish","hentry"],"yoast_head":"<!-- This site is optimized with the Yoast SEO plugin v27.3 - https:\/\/yoast.com\/product\/yoast-seo-wordpress\/ -->\n<title>Certifica\u00e7\u00f5es | O Melhor dos Tr\u00f3picos<\/title>\n<meta name=\"robots\" content=\"index, follow, max-snippet:-1, max-image-preview:large, max-video-preview:-1\" \/>\n<link rel=\"canonical\" href=\"https:\/\/www.tropfruit.com.br\/en\/certificacoes\/\" \/>\n<meta property=\"og:locale\" content=\"en_US\" \/>\n<meta property=\"og:type\" content=\"article\" \/>\n<meta property=\"og:title\" content=\"Certifica\u00e7\u00f5es | O Melhor dos Tr\u00f3picos\" \/>\n<meta property=\"og:description\" content=\"Pol\u00edtica de qualidade, cultura e seguran\u00e7a de alimentos Produzir na Tropfruit Nordeste S\/A polpas, sucos de frutas, \u00f3leos essenciais e subprodutos com autenticidade, qualidade e seguran\u00e7a de alimentos em atendimento a requisitos legais e de clientes, valorizando a satisfa\u00e7\u00e3o de nossos clientes, assegurando as compet\u00eancias de nossos colaboradores, garantindo a comunica\u00e7\u00e3o em toda cadeia produtiva [&hellip;]\" \/>\n<meta property=\"og:url\" content=\"https:\/\/www.tropfruit.com.br\/en\/certificacoes\/\" \/>\n<meta property=\"og:site_name\" content=\"O Melhor dos Tr\u00f3picos\" \/>\n<meta property=\"article:modified_time\" content=\"2026-04-27T13:24:40+00:00\" \/>\n<meta property=\"og:image\" content=\"https:\/\/www.tropfruit.com.br\/wp-content\/uploads\/2021\/06\/image.png\" \/>\n\t<meta property=\"og:image:width\" content=\"139\" \/>\n\t<meta property=\"og:image:height\" content=\"123\" \/>\n\t<meta property=\"og:image:type\" content=\"image\/png\" \/>\n<meta name=\"twitter:card\" content=\"summary_large_image\" \/>\n<meta name=\"twitter:label1\" content=\"Est. reading time\" \/>\n\t<meta name=\"twitter:data1\" content=\"1 minute\" \/>\n<script type=\"application\/ld+json\" class=\"yoast-schema-graph\">{\"@context\":\"https:\\\/\\\/schema.org\",\"@graph\":[{\"@type\":\"WebPage\",\"@id\":\"https:\\\/\\\/www.tropfruit.com.br\\\/certificacoes\\\/\",\"url\":\"https:\\\/\\\/www.tropfruit.com.br\\\/certificacoes\\\/\",\"name\":\"Certifica\u00e7\u00f5es | O Melhor dos Tr\u00f3picos\",\"isPartOf\":{\"@id\":\"https:\\\/\\\/www.tropfruit.com.br\\\/#website\"},\"primaryImageOfPage\":{\"@id\":\"https:\\\/\\\/www.tropfruit.com.br\\\/certificacoes\\\/#primaryimage\"},\"image\":{\"@id\":\"https:\\\/\\\/www.tropfruit.com.br\\\/certificacoes\\\/#primaryimage\"},\"thumbnailUrl\":\"https:\\\/\\\/www.tropfruit.com.br\\\/wp-content\\\/uploads\\\/2021\\\/06\\\/image.png\",\"datePublished\":\"2020-02-03T19:27:51+00:00\",\"dateModified\":\"2026-04-27T13:24:40+00:00\",\"breadcrumb\":{\"@id\":\"https:\\\/\\\/www.tropfruit.com.br\\\/certificacoes\\\/#breadcrumb\"},\"inLanguage\":\"en-US\",\"potentialAction\":[{\"@type\":\"ReadAction\",\"target\":[\"https:\\\/\\\/www.tropfruit.com.br\\\/certificacoes\\\/\"]}]},{\"@type\":\"ImageObject\",\"inLanguage\":\"en-US\",\"@id\":\"https:\\\/\\\/www.tropfruit.com.br\\\/certificacoes\\\/#primaryimage\",\"url\":\"https:\\\/\\\/www.tropfruit.com.br\\\/wp-content\\\/uploads\\\/2021\\\/06\\\/image.png\",\"contentUrl\":\"https:\\\/\\\/www.tropfruit.com.br\\\/wp-content\\\/uploads\\\/2021\\\/06\\\/image.png\"},{\"@type\":\"BreadcrumbList\",\"@id\":\"https:\\\/\\\/www.tropfruit.com.br\\\/certificacoes\\\/#breadcrumb\",\"itemListElement\":[{\"@type\":\"ListItem\",\"position\":1,\"name\":\"In\u00edcio\",\"item\":\"https:\\\/\\\/www.tropfruit.com.br\\\/\"},{\"@type\":\"ListItem\",\"position\":2,\"name\":\"Certifica\u00e7\u00f5es\"}]},{\"@type\":\"WebSite\",\"@id\":\"https:\\\/\\\/www.tropfruit.com.br\\\/#website\",\"url\":\"https:\\\/\\\/www.tropfruit.com.br\\\/\",\"name\":\"Tropfruit Nordeste\",\"description\":\"Tropfruit Nordeste S\\\/A\",\"publisher\":{\"@id\":\"https:\\\/\\\/www.tropfruit.com.br\\\/#organization\"},\"potentialAction\":[{\"@type\":\"SearchAction\",\"target\":{\"@type\":\"EntryPoint\",\"urlTemplate\":\"https:\\\/\\\/www.tropfruit.com.br\\\/?s={search_term_string}\"},\"query-input\":{\"@type\":\"PropertyValueSpecification\",\"valueRequired\":true,\"valueName\":\"search_term_string\"}}],\"inLanguage\":\"en-US\"},{\"@type\":\"Organization\",\"@id\":\"https:\\\/\\\/www.tropfruit.com.br\\\/#organization\",\"name\":\"Tropfruit Nordeste\",\"url\":\"https:\\\/\\\/www.tropfruit.com.br\\\/\",\"logo\":{\"@type\":\"ImageObject\",\"inLanguage\":\"en-US\",\"@id\":\"https:\\\/\\\/www.tropfruit.com.br\\\/#\\\/schema\\\/logo\\\/image\\\/\",\"url\":\"https:\\\/\\\/www.tropfruit.com.br\\\/wp-content\\\/uploads\\\/2020\\\/03\\\/text4529-2-8.png\",\"contentUrl\":\"https:\\\/\\\/www.tropfruit.com.br\\\/wp-content\\\/uploads\\\/2020\\\/03\\\/text4529-2-8.png\",\"width\":429,\"height\":169,\"caption\":\"Tropfruit Nordeste\"},\"image\":{\"@id\":\"https:\\\/\\\/www.tropfruit.com.br\\\/#\\\/schema\\\/logo\\\/image\\\/\"},\"sameAs\":[\"https:\\\/\\\/www.linkedin.com\\\/company\\\/tropfruit-nordeste-s-a\\\/\"]}]}<\/script>\n<!-- \/ Yoast SEO plugin. -->","yoast_head_json":{"title":"Certifica\u00e7\u00f5es | O Melhor dos Tr\u00f3picos","robots":{"index":"index","follow":"follow","max-snippet":"max-snippet:-1","max-image-preview":"max-image-preview:large","max-video-preview":"max-video-preview:-1"},"canonical":"https:\/\/www.tropfruit.com.br\/en\/certificacoes\/","og_locale":"en_US","og_type":"article","og_title":"Certifica\u00e7\u00f5es | O Melhor dos Tr\u00f3picos","og_description":"Pol\u00edtica de qualidade, cultura e seguran\u00e7a de alimentos Produzir na Tropfruit Nordeste S\/A polpas, sucos de frutas, \u00f3leos essenciais e subprodutos com autenticidade, qualidade e seguran\u00e7a de alimentos em atendimento a requisitos legais e de clientes, valorizando a satisfa\u00e7\u00e3o de nossos clientes, assegurando as compet\u00eancias de nossos colaboradores, garantindo a comunica\u00e7\u00e3o em toda cadeia produtiva [&hellip;]","og_url":"https:\/\/www.tropfruit.com.br\/en\/certificacoes\/","og_site_name":"O Melhor dos Tr\u00f3picos","article_modified_time":"2026-04-27T13:24:40+00:00","og_image":[{"width":139,"height":123,"url":"https:\/\/www.tropfruit.com.br\/wp-content\/uploads\/2021\/06\/image.png","type":"image\/png"}],"twitter_card":"summary_large_image","twitter_misc":{"Est. reading time":"1 minute"},"schema":{"@context":"https:\/\/schema.org","@graph":[{"@type":"WebPage","@id":"https:\/\/www.tropfruit.com.br\/certificacoes\/","url":"https:\/\/www.tropfruit.com.br\/certificacoes\/","name":"Certifica\u00e7\u00f5es | O Melhor dos Tr\u00f3picos","isPartOf":{"@id":"https:\/\/www.tropfruit.com.br\/#website"},"primaryImageOfPage":{"@id":"https:\/\/www.tropfruit.com.br\/certificacoes\/#primaryimage"},"image":{"@id":"https:\/\/www.tropfruit.com.br\/certificacoes\/#primaryimage"},"thumbnailUrl":"https:\/\/www.tropfruit.com.br\/wp-content\/uploads\/2021\/06\/image.png","datePublished":"2020-02-03T19:27:51+00:00","dateModified":"2026-04-27T13:24:40+00:00","breadcrumb":{"@id":"https:\/\/www.tropfruit.com.br\/certificacoes\/#breadcrumb"},"inLanguage":"en-US","potentialAction":[{"@type":"ReadAction","target":["https:\/\/www.tropfruit.com.br\/certificacoes\/"]}]},{"@type":"ImageObject","inLanguage":"en-US","@id":"https:\/\/www.tropfruit.com.br\/certificacoes\/#primaryimage","url":"https:\/\/www.tropfruit.com.br\/wp-content\/uploads\/2021\/06\/image.png","contentUrl":"https:\/\/www.tropfruit.com.br\/wp-content\/uploads\/2021\/06\/image.png"},{"@type":"BreadcrumbList","@id":"https:\/\/www.tropfruit.com.br\/certificacoes\/#breadcrumb","itemListElement":[{"@type":"ListItem","position":1,"name":"In\u00edcio","item":"https:\/\/www.tropfruit.com.br\/"},{"@type":"ListItem","position":2,"name":"Certifica\u00e7\u00f5es"}]},{"@type":"WebSite","@id":"https:\/\/www.tropfruit.com.br\/#website","url":"https:\/\/www.tropfruit.com.br\/","name":"Tropfruit Nordeste","description":"Tropfruit Nordeste S\/A","publisher":{"@id":"https:\/\/www.tropfruit.com.br\/#organization"},"potentialAction":[{"@type":"SearchAction","target":{"@type":"EntryPoint","urlTemplate":"https:\/\/www.tropfruit.com.br\/?s={search_term_string}"},"query-input":{"@type":"PropertyValueSpecification","valueRequired":true,"valueName":"search_term_string"}}],"inLanguage":"en-US"},{"@type":"Organization","@id":"https:\/\/www.tropfruit.com.br\/#organization","name":"Tropfruit Nordeste","url":"https:\/\/www.tropfruit.com.br\/","logo":{"@type":"ImageObject","inLanguage":"en-US","@id":"https:\/\/www.tropfruit.com.br\/#\/schema\/logo\/image\/","url":"https:\/\/www.tropfruit.com.br\/wp-content\/uploads\/2020\/03\/text4529-2-8.png","contentUrl":"https:\/\/www.tropfruit.com.br\/wp-content\/uploads\/2020\/03\/text4529-2-8.png","width":429,"height":169,"caption":"Tropfruit Nordeste"},"image":{"@id":"https:\/\/www.tropfruit.com.br\/#\/schema\/logo\/image\/"},"sameAs":["https:\/\/www.linkedin.com\/company\/tropfruit-nordeste-s-a\/"]}]}},"jetpack_sharing_enabled":true,"_links":{"self":[{"href":"https:\/\/www.tropfruit.com.br\/en\/wp-json\/wp\/v2\/pages\/648","targetHints":{"allow":["GET"]}}],"collection":[{"href":"https:\/\/www.tropfruit.com.br\/en\/wp-json\/wp\/v2\/pages"}],"about":[{"href":"https:\/\/www.tropfruit.com.br\/en\/wp-json\/wp\/v2\/types\/page"}],"author":[{"embeddable":true,"href":"https:\/\/www.tropfruit.com.br\/en\/wp-json\/wp\/v2\/users\/1"}],"replies":[{"embeddable":true,"href":"https:\/\/www.tropfruit.com.br\/en\/wp-json\/wp\/v2\/comments?post=648"}],"version-history":[{"count":20,"href":"https:\/\/www.tropfruit.com.br\/en\/wp-json\/wp\/v2\/pages\/648\/revisions"}],"predecessor-version":[{"id":4598,"href":"https:\/\/www.tropfruit.com.br\/en\/wp-json\/wp\/v2\/pages\/648\/revisions\/4598"}],"wp:attachment":[{"href":"https:\/\/www.tropfruit.com.br\/en\/wp-json\/wp\/v2\/media?parent=648"}],"curies":[{"name":"wp","href":"https:\/\/api.w.org\/{rel}","templated":true}]}}